{"id":2889,"date":"2023-10-16T14:29:55","date_gmt":"2023-10-16T14:29:55","guid":{"rendered":"https:\/\/dentist.ee\/?page_id=2889"},"modified":"2024-02-04T14:30:50","modified_gmt":"2024-02-04T14:30:50","slug":"suukirurgia","status":"publish","type":"page","link":"https:\/\/dentist.ee\/sv\/vad-vi-gor\/suukirurgia\/","title":{"rendered":"Oral kirurgi"},"content":{"rendered":"<div data-elementor-type=\"wp-page\" data-elementor-id=\"2889\" class=\"elementor elementor-2889\" data-elementor-post-type=\"page\">\n\t\t\t\t<div class=\"elementor-element elementor-element-f9b9b1d e-flex e-con-boxed e-con e-parent\" data-id=\"f9b9b1d\" data-element_type=\"container\" data-e-type=\"container\">\n\t\t\t\t\t<div class=\"e-con-inner\">\n\t\t\t\t<div class=\"elementor-element elementor-element-5c21542 elementor-widget elementor-widget-image\" data-id=\"5c21542\" data-element_type=\"widget\" data-e-type=\"widget\" data-widget_type=\"image.default\">\n\t\t\t\t<div class=\"elementor-widget-container\">\n\t\t\t\t\t\t\t\t\t\t\t\t\t\t\t<img decoding=\"async\" src=\"https:\/\/dentist.ee\/wp-content\/uploads\/elementor\/thumbs\/sergeizjuganov_ZJU_1582-copy-scaled-rinz9vkq9zrj6eqij5tufhr5w0hnlko0j5l8tf8y2w.jpg\" title=\"Hambaarsti assistent t\u00f6\u00f6kuulutus\" alt=\"Hambaarsti assistent t\u00f6\u00f6kuulutus\" loading=\"lazy\" \/>\t\t\t\t\t\t\t\t\t\t\t\t\t\t\t<\/div>\n\t\t\t\t<\/div>\n\t\t\t\t\t<\/div>\n\t\t\t\t<\/div>\n\t\t\t\t<section class=\"elementor-section elementor-top-section elementor-element elementor-element-6b8d9c57 elementor-reverse-mobile elementor-section-boxed elementor-section-height-default elementor-section-height-default\" data-id=\"6b8d9c57\" data-element_type=\"section\" data-e-type=\"section\">\n\t\t\t\t\t\t<div class=\"elementor-container elementor-column-gap-default\">\n\t\t\t\t\t<div class=\"elementor-column elementor-col-100 elementor-top-column elementor-element elementor-element-788701e8\" data-id=\"788701e8\" data-element_type=\"column\" data-e-type=\"column\" data-settings=\"{&quot;background_background&quot;:&quot;classic&quot;}\">\n\t\t\t<div class=\"elementor-widget-wrap elementor-element-populated\">\n\t\t\t\t\t\t<div class=\"elementor-element elementor-element-64073700 elementor-widget elementor-widget-text-editor\" data-id=\"64073700\" data-element_type=\"widget\" data-e-type=\"widget\" data-widget_type=\"text-editor.default\">\n\t\t\t\t<div class=\"elementor-widget-container\">\n\t\t\t\t\t\t\t\t\t<h1><b>Vad \u00e4r oral kirurgi?<\/b><\/h1>\n<div><b>&nbsp;<\/b><\/div>\n<p>Oralkirurgi \u00e4r den del av tandv\u00e5rden som sysslar med tand- och rotutdragning, mjukv\u00e4vnadskirurgi, rotutdragning och implantatplacering.<\/p>\n<p>Ett oralkirurgiskt ingrepp kan omfatta tandutdragning och sm\u00e5 snitt. Operationen f\u00f6reg\u00e5s av en diagnos av mun- och tandsjukdomar och en bed\u00f6mning av eventuella skador. Det slutliga beslutet om huruvida oral kirurgi \u00e4r n\u00f6dv\u00e4ndigt fattas av din l\u00e4kare.<\/p>\n<p>Tandkirurgi utf\u00f6rs vanligtvis med lokalbed\u00f6vning. Beroende p\u00e5 behovet kan det vara n\u00f6dv\u00e4ndigt att sprida ut ingreppen \u00f6ver flera bes\u00f6k.<\/p>\n<p>F\u00f6re och efter ingreppet ger vi dig tips om hur du sk\u00f6ter din munhygien och tar hand om ditt s\u00e5r f\u00f6r att p\u00e5skynda \u00e5terh\u00e4mtningen. Vi finns ocks\u00e5 till hands f\u00f6r att svara p\u00e5 alla fr\u00e5gor du kan t\u00e4nkas ha.<\/p>\n<p><\/p>\n<p><b>Kirurgisk tandv\u00e5rd inkluderar:<\/b><\/p>\n<ul style=\"font-size: 16px; background-color: #ffffff;\">\n<li style=\"font-size: 16px;\" aria-level=\"1\">tandutdragning<\/li>\n<li style=\"font-size: 16px;\" aria-level=\"1\">borttagning av tandrot<\/li>\n<li style=\"font-size: 16px;\" aria-level=\"1\">borttagning av visdomstand<\/li>\n<li style=\"font-size: 16px;\" aria-level=\"1\">avl\u00e4gsnande av en skadad tand<\/li>\n<li style=\"font-size: 16px;\" aria-level=\"1\">---------------- huulekida\/keelekida plastika<\/li>\n<li style=\"font-size: 16px;\" aria-level=\"1\">kosmetisk tandk\u00f6ttsplastik<\/li>\n<li style=\"font-size: 16px;\" aria-level=\"1\">mindre operationer p\u00e5 mjuka v\u00e4vnader<\/li>\n<li style=\"font-size: 16px;\" aria-level=\"1\">rotspetsoperation<\/li>\n<li style=\"font-size: 16px;\" aria-level=\"1\">benaugmentation<\/li>\n<li style=\"font-size: 16px;\" aria-level=\"1\">implantatkirurgi<\/li>\n<\/ul>\n<p><span style=\"font-weight: 400;\">&nbsp;<\/span><\/p>\n<div>&nbsp;<\/div>\n<h2 style=\"font-family: 'Poppins self host', sans-serif; color: #33627a;\"><span style=\"font-weight: bolder;\">Tandkirurgi<\/span><span style=\"font-weight: bolder;\">&nbsp;p\u00e5 Kristina Kiisa Tandv\u00e5rdsklinik<\/span><\/h2>\n<div>\n<p>Tandkirurgi utf\u00f6rs vanligtvis med lokalbed\u00f6vning. Beroende p\u00e5 behovet kan det vara n\u00f6dv\u00e4ndigt att sprida ut ingreppen \u00f6ver flera bes\u00f6k.<\/p>\n<p>F\u00f6re och efter ingreppet ger vi dig tips om hur du sk\u00f6ter din munhygien och tar hand om ditt s\u00e5r f\u00f6r att p\u00e5skynda \u00e5terh\u00e4mtningen. Vi finns ocks\u00e5 till hands f\u00f6r att svara p\u00e5 alla fr\u00e5gor du kan t\u00e4nkas ha.<\/p>\n<p>P\u00e5 Oral Surgery Dental Practice behandlar vi inte trauma mot k\u00e4ken, skador, tum\u00f6rer etc. F\u00f6r s\u00e5dana problem rekommenderar vi att du bes\u00f6ker avdelningen f\u00f6r ansikts- och maxillofacial kirurgi p\u00e5 PERH.<\/p>\n<p><\/p>\n<\/div>\n<h2><font face=\"inherit\"><span style=\"font-size: 2rem; background-color: rgb(255, 255, 255);\"><a href=\"https:\/\/dentist.ee\/sv\/teenused\/broneerimine\/\">Boka tid f\u00f6r konsultation<\/a><\/span><\/font><\/h2>\n<p><font face=\"var( --e-global-typography-text-font-family ), Sans-serif\"><span style=\"background-color: rgb(255, 255, 255); font-size: 1rem; font-weight: var( --e-global-typography-text-font-weight );\"><a href=\"https:\/\/dentist.ee\/sv\/teenused\/broneerimine\/\">Boka tid<\/a><\/span><\/font>, eller kontakta&nbsp;<span style=\"font-weight: bold;\">+372 616 4500<\/span>&nbsp;eller skriv&nbsp;<a style=\"background-color: #ffffff; font-family: var( --e-global-typography-text-font-family ), Sans-serif; font-size: 1rem;\" href=\"https:\/\/dentist.ee\/sv\/kontakt\/\" target=\"_blank\" rel=\"noopener\">dentist@dentist.ee<\/a><\/p>\t\t\t\t\t\t\t\t<\/div>\n\t\t\t\t<\/div>\n\t\t\t\t<div class=\"elementor-element elementor-element-41dd7aa7 elementor-icon-list--layout-traditional elementor-list-item-link-full_width elementor-widget elementor-widget-icon-list\" data-id=\"41dd7aa7\" data-element_type=\"widget\" data-e-type=\"widget\" data-widget_type=\"icon-list.default\">\n\t\t\t\t<div class=\"elementor-widget-container\">\n\t\t\t\t\t\t\t<ul class=\"elementor-icon-list-items\">\n\t\t\t\t\t\t\t<li class=\"elementor-icon-list-item\">\n\t\t\t\t\t\t\t\t\t\t\t<a href=\"tel:+3726164500\">\n\n\t\t\t\t\t\t\t\t\t\t\t\t<span class=\"elementor-icon-list-icon\">\n\t\t\t\t\t\t\t<i aria-hidden=\"true\" class=\"fas fa-phone-alt\"><\/i>\t\t\t\t\t\t<\/span>\n\t\t\t\t\t\t\t\t\t\t<span class=\"elementor-icon-list-text\">+3726164500<\/span>\n\t\t\t\t\t\t\t\t\t\t\t<\/a>\n\t\t\t\t\t\t\t\t\t<\/li>\n\t\t\t\t\t\t\t\t<li class=\"elementor-icon-list-item\">\n\t\t\t\t\t\t\t\t\t\t\t<a href=\"mailto:dentist@dentist.ee\">\n\n\t\t\t\t\t\t\t\t\t\t\t\t<span class=\"elementor-icon-list-icon\">\n\t\t\t\t\t\t\t<i aria-hidden=\"true\" class=\"fas fa-envelope\"><\/i>\t\t\t\t\t\t<\/span>\n\t\t\t\t\t\t\t\t\t\t<span class=\"elementor-icon-list-text\">dentist@dentist.ee<\/span>\n\t\t\t\t\t\t\t\t\t\t\t<\/a>\n\t\t\t\t\t\t\t\t\t<\/li>\n\t\t\t\t\t\t<\/ul>\n\t\t\t\t\t\t<\/div>\n\t\t\t\t<\/div>\n\t\t\t\t\t<\/div>\n\t\t<\/div>\n\t\t\t\t\t<\/div>\n\t\t<\/section>\n\t\t\t\t<\/div>","protected":false},"excerpt":{"rendered":"<p>Mis on suukirurgia &nbsp; Suukirurgia on hambaravi osa, mis tegeleb hammaste ja hambajuurte eemaldamise, pehmete kudede operatsioonide, juuretipul\u00f5ikuste ja implantaatide paigaldamisega. Suukirurgia protseduur v\u00f5ib sisaldada nii hammaste eemaldamist kui ka pisil\u00f5ikusi. Operatsioonile eelneb suu ja hammaste haiguste diagnoosimine ja vigastuste hindamine. L\u00f5pliku otsuse suukirurgia vajalikkuse kohta teeb arst. Hambakirurgia protseduur toimub enamasti paikse tuimestusega. S\u00f5ltuvalt [&hellip;]<\/p>\n","protected":false},"author":9,"featured_media":2062,"parent":29,"menu_order":6,"comment_status":"closed","ping_status":"closed","template":"","meta":{"footnotes":""},"class_list":["post-2889","page","type-page","status-publish","has-post-thumbnail","hentry"],"_links":{"self":[{"href":"https:\/\/dentist.ee\/sv\/wp-json\/wp\/v2\/pages\/2889","targetHints":{"allow":["GET"]}}],"collection":[{"href":"https:\/\/dentist.ee\/sv\/wp-json\/wp\/v2\/pages"}],"about":[{"href":"https:\/\/dentist.ee\/sv\/wp-json\/wp\/v2\/types\/page"}],"author":[{"embeddable":true,"href":"https:\/\/dentist.ee\/sv\/wp-json\/wp\/v2\/users\/9"}],"replies":[{"embeddable":true,"href":"https:\/\/dentist.ee\/sv\/wp-json\/wp\/v2\/comments?post=2889"}],"version-history":[{"count":25,"href":"https:\/\/dentist.ee\/sv\/wp-json\/wp\/v2\/pages\/2889\/revisions"}],"predecessor-version":[{"id":3003,"href":"https:\/\/dentist.ee\/sv\/wp-json\/wp\/v2\/pages\/2889\/revisions\/3003"}],"up":[{"embeddable":true,"href":"https:\/\/dentist.ee\/sv\/wp-json\/wp\/v2\/pages\/29"}],"wp:featuredmedia":[{"embeddable":true,"href":"https:\/\/dentist.ee\/sv\/wp-json\/wp\/v2\/media\/2062"}],"wp:attachment":[{"href":"https:\/\/dentist.ee\/sv\/wp-json\/wp\/v2\/media?parent=2889"}],"curies":[{"name":"wp","href":"https:\/\/api.w.org\/{rel}","templated":true}]}}