{"id":2808,"date":"2023-10-11T20:53:33","date_gmt":"2023-10-11T20:53:33","guid":{"rendered":"https:\/\/dentist.ee\/?page_id=2808"},"modified":"2024-02-04T14:32:19","modified_gmt":"2024-02-04T14:32:19","slug":"hugieen","status":"publish","type":"page","link":"https:\/\/dentist.ee\/sv\/vad-vi-gor\/hugieen\/","title":{"rendered":"Hygien och f\u00f6rebyggande tandv\u00e5rd"},"content":{"rendered":"<div data-elementor-type=\"wp-page\" data-elementor-id=\"2808\" class=\"elementor elementor-2808\" data-elementor-post-type=\"page\">\n\t\t\t\t<div class=\"elementor-element elementor-element-9532e31 e-flex e-con-boxed e-con e-parent\" data-id=\"9532e31\" data-element_type=\"container\" data-e-type=\"container\">\n\t\t\t\t\t<div class=\"e-con-inner\">\n\t\t\t\t<div class=\"elementor-element elementor-element-1b32b07 elementor-widget elementor-widget-image\" data-id=\"1b32b07\" data-element_type=\"widget\" data-e-type=\"widget\" data-widget_type=\"image.default\">\n\t\t\t\t<div class=\"elementor-widget-container\">\n\t\t\t\t\t\t\t\t\t\t\t\t\t\t\t<img fetchpriority=\"high\" decoding=\"async\" width=\"2048\" height=\"952\" src=\"https:\/\/dentist.ee\/wp-content\/uploads\/2024\/02\/How-to-Brush-Your-Teeth-Properly-Plus-5-More-Crucial-Dental-Care-Tips_upscaled-e1707056753660-2048x952.png\" class=\"attachment-2048x2048 size-2048x2048 wp-image-2972\" alt=\"\" srcset=\"https:\/\/dentist.ee\/wp-content\/uploads\/2024\/02\/How-to-Brush-Your-Teeth-Properly-Plus-5-More-Crucial-Dental-Care-Tips_upscaled-e1707056753660-2048x952.png 2048w, https:\/\/dentist.ee\/wp-content\/uploads\/2024\/02\/How-to-Brush-Your-Teeth-Properly-Plus-5-More-Crucial-Dental-Care-Tips_upscaled-e1707056753660-300x140.png 300w, https:\/\/dentist.ee\/wp-content\/uploads\/2024\/02\/How-to-Brush-Your-Teeth-Properly-Plus-5-More-Crucial-Dental-Care-Tips_upscaled-e1707056753660-1024x476.png 1024w, https:\/\/dentist.ee\/wp-content\/uploads\/2024\/02\/How-to-Brush-Your-Teeth-Properly-Plus-5-More-Crucial-Dental-Care-Tips_upscaled-e1707056753660-768x357.png 768w, https:\/\/dentist.ee\/wp-content\/uploads\/2024\/02\/How-to-Brush-Your-Teeth-Properly-Plus-5-More-Crucial-Dental-Care-Tips_upscaled-e1707056753660-1536x714.png 1536w, https:\/\/dentist.ee\/wp-content\/uploads\/2024\/02\/How-to-Brush-Your-Teeth-Properly-Plus-5-More-Crucial-Dental-Care-Tips_upscaled-e1707056753660-18x8.png 18w\" sizes=\"(max-width: 2048px) 100vw, 2048px\" \/>\t\t\t\t\t\t\t\t\t\t\t\t\t\t\t<\/div>\n\t\t\t\t<\/div>\n\t\t\t\t\t<\/div>\n\t\t\t\t<\/div>\n\t\t<div class=\"elementor-element elementor-element-ef27c27 e-flex e-con-boxed e-con e-parent\" data-id=\"ef27c27\" data-element_type=\"container\" data-e-type=\"container\">\n\t\t\t\t\t<div class=\"e-con-inner\">\n\t\t\t\t<div class=\"elementor-element elementor-element-4af4c32 elementor-widget elementor-widget-spacer\" data-id=\"4af4c32\" data-element_type=\"widget\" data-e-type=\"widget\" data-widget_type=\"spacer.default\">\n\t\t\t\t<div class=\"elementor-widget-container\">\n\t\t\t\t\t\t\t<div class=\"elementor-spacer\">\n\t\t\t<div class=\"elementor-spacer-inner\"><\/div>\n\t\t<\/div>\n\t\t\t\t\t\t<\/div>\n\t\t\t\t<\/div>\n\t\t\t\t\t<\/div>\n\t\t\t\t<\/div>\n\t\t\t\t<section class=\"elementor-section elementor-top-section elementor-element elementor-element-3200ef72 elementor-section-boxed elementor-section-height-default elementor-section-height-default\" data-id=\"3200ef72\" data-element_type=\"section\" data-e-type=\"section\">\n\t\t\t\t\t\t<div class=\"elementor-container elementor-column-gap-default\">\n\t\t\t\t\t<div class=\"elementor-column elementor-col-100 elementor-top-column elementor-element elementor-element-499d0f2f\" data-id=\"499d0f2f\" data-element_type=\"column\" data-e-type=\"column\">\n\t\t\t<div class=\"elementor-widget-wrap elementor-element-populated\">\n\t\t\t\t\t\t<div class=\"elementor-element elementor-element-5e8a9bd elementor-widget elementor-widget-text-editor\" data-id=\"5e8a9bd\" data-element_type=\"widget\" data-e-type=\"widget\" data-widget_type=\"text-editor.default\">\n\t\t\t\t<div class=\"elementor-widget-container\">\n\t\t\t\t\t\t\t\t\t<h2 style=\"font-family: 'Poppins self host', sans-serif; color: #33627a;\">Hygien<\/h2>\n<div>&nbsp;<\/div>\n<p>Vi rekommenderar v\u00e5ra patienter att bes\u00f6ka tandhygienist f\u00f6r minst en g\u00e5ng om \u00e5ret. Hygienisten tar bort tandsten, plack och pigmentering fr\u00e5n t\u00e4nderna och ger tips hur du ska ta h\u00e4nd om dina t\u00e4nder.&nbsp;<\/p>\n<p>P\u00e5 v\u00e5r klinik anv\u00e4nder hygienisten den schweiziska&nbsp;<a href=\"https:\/\/www.youtube.com\/watch?v=I7WokiboeF8\" target=\"_blank\" rel=\"noopener\">EMS AIRFLOW Prophylaxis Master<\/a>&nbsp;tandreng\u00f6ringssystem.&nbsp;<\/p>\n<p><br><\/p>\n<p><\/p>\n<h2>Varf\u00f6r beh\u00f6ver du bes\u00f6ka en tandhygienist?<\/h2>\n<div>&nbsp;<\/div>\n<div>\n<div>Bel\u00e4ggningar som samlas p\u00e5 t\u00e4nderna \u2013 tandsten, plack etc. \u2013 inneh\u00e5ller bakterier som i sin tur orsakar inflammation i tandk\u00f6ttet och \u00e4ven orsakar h\u00e5l eller karies.&nbsp;<\/div>\n<div>&nbsp;<\/div>\n<div>Gingivit (tandk\u00f6ttsinflammation) kan f\u00f6rebyggas och behandlas med korrekt tandv\u00e5rd. Obehandlad tandk\u00f6ttsinflammation utvecklas till tandlossning. Tandk\u00f6ttsinflammation skadar v\u00e4vnaderna runt t\u00e4nder vilket g\u00f6r att t\u00e4nderna lossnar som i sin tur kan leda till tandlossning.&nbsp;<\/div>\n<div>&nbsp;<\/div>\n<div>Mikroberna som orsakar detta p\u00e5verkar hela kroppen, och om det inte behandlas kan det leda till inflammation i andra organ pga att mikroberna kan spridas i hela kroppen genom blodomloppet. Den viktigaste uppgiften f\u00f6r denna behandling \u00e4r att stoppa den inflammatoriska processen, det vill s\u00e4ga att ta bort och minska patogener.&nbsp;<\/div>\n<div>&nbsp;<\/div>\n<div>F\u00f6r detta \u00e4r det n\u00f6dv\u00e4ndigt att ta bort plack och tandsten fr\u00e5n b\u00e5de tandk\u00f6ttet och tandk\u00f6ttsfickorna.<\/div>\n<\/div>\n<p><span style=\"font-weight: 400;\">&nbsp;<\/span><\/p>\n<h2><b><a href=\"https:\/\/dentist.ee\/sv\/teenused\/broneerimine\/\">Boka tid f\u00f6r konsultation<\/a><\/b><\/h2>\n<p><font face=\"var( --e-global-typography-text-font-family ), Sans-serif\"><span style=\"font-weight: var( --e-global-typography-text-font-weight ); background-color: rgb(255, 255, 255); font-size: 1rem;\"><a href=\"https:\/\/dentist.ee\/sv\/teenused\/broneerimine\/\">Boka tid<\/a><\/span><\/font>, eller kontakta <b>+372 616 4500<\/b> eller skriv&nbsp;<a style=\"font-family: var( --e-global-typography-text-font-family ), Sans-serif; background-color: #ffffff; font-size: 1rem;\" href=\"https:\/\/dentist.ee\/sv\/kontakt\/\" target=\"_blank\" rel=\"noopener\">dentist@dentist.ee<\/a><\/p>\t\t\t\t\t\t\t\t<\/div>\n\t\t\t\t<\/div>\n\t\t\t\t\t<\/div>\n\t\t<\/div>\n\t\t\t\t\t<\/div>\n\t\t<\/section>\n\t\t\t\t<\/div>","protected":false},"excerpt":{"rendered":"<p>H\u00fcgieen &nbsp; Soovitame oma patsientidele v\u00e4hemalt kord aastas k\u00e4ia hambah\u00fcgienisti juures hambaid puhastamas. H\u00fcgienist eemaldab hammastelt hambakivi, hambakatu ja pigmentatsiooni ehk ladestused, mis ei pea seal olema ning \u00f5petab h\u00fcgieeniv\u00f5tteid ja jagab soovitusi.&nbsp; Meie kliinikus kasutab h\u00fcgienist \u0160veitsi&nbsp;EMS AIRFLOW Prophylaxis Master&nbsp;hambapuhastusseadet.&nbsp; Miks peab hambaid h\u00fcgienisti juures puhastama? &nbsp; Hammastele kogunevad ladestused \u2013 hambakivi, katt jne [&hellip;]<\/p>\n","protected":false},"author":9,"featured_media":2972,"parent":29,"menu_order":10,"comment_status":"closed","ping_status":"closed","template":"","meta":{"footnotes":""},"class_list":["post-2808","page","type-page","status-publish","has-post-thumbnail","hentry"],"_links":{"self":[{"href":"https:\/\/dentist.ee\/sv\/wp-json\/wp\/v2\/pages\/2808","targetHints":{"allow":["GET"]}}],"collection":[{"href":"https:\/\/dentist.ee\/sv\/wp-json\/wp\/v2\/pages"}],"about":[{"href":"https:\/\/dentist.ee\/sv\/wp-json\/wp\/v2\/types\/page"}],"author":[{"embeddable":true,"href":"https:\/\/dentist.ee\/sv\/wp-json\/wp\/v2\/users\/9"}],"replies":[{"embeddable":true,"href":"https:\/\/dentist.ee\/sv\/wp-json\/wp\/v2\/comments?post=2808"}],"version-history":[{"count":39,"href":"https:\/\/dentist.ee\/sv\/wp-json\/wp\/v2\/pages\/2808\/revisions"}],"predecessor-version":[{"id":2976,"href":"https:\/\/dentist.ee\/sv\/wp-json\/wp\/v2\/pages\/2808\/revisions\/2976"}],"up":[{"embeddable":true,"href":"https:\/\/dentist.ee\/sv\/wp-json\/wp\/v2\/pages\/29"}],"wp:featuredmedia":[{"embeddable":true,"href":"https:\/\/dentist.ee\/sv\/wp-json\/wp\/v2\/media\/2972"}],"wp:attachment":[{"href":"https:\/\/dentist.ee\/sv\/wp-json\/wp\/v2\/media?parent=2808"}],"curies":[{"name":"wp","href":"https:\/\/api.w.org\/{rel}","templated":true}]}}