{"id":26,"date":"2022-04-19T09:35:04","date_gmt":"2022-04-19T09:35:04","guid":{"rendered":"https:\/\/dentist.ee\/?page_id=26"},"modified":"2024-02-04T14:35:55","modified_gmt":"2024-02-04T14:35:55","slug":"meist","status":"publish","type":"page","link":"https:\/\/dentist.ee\/sv\/meist\/","title":{"rendered":"Tandv\u00e5rdsklinik"},"content":{"rendered":"<div data-elementor-type=\"wp-page\" data-elementor-id=\"26\" class=\"elementor elementor-26\" data-elementor-post-type=\"page\">\n\t\t\t\t\t\t<section class=\"elementor-section elementor-top-section elementor-element elementor-element-cabc760 elementor-section-boxed elementor-section-height-default elementor-section-height-default\" data-id=\"cabc760\" data-element_type=\"section\" data-e-type=\"section\">\n\t\t\t\t\t\t<div class=\"elementor-container elementor-column-gap-default\">\n\t\t\t\t\t<div class=\"elementor-column elementor-col-100 elementor-top-column elementor-element elementor-element-45d5df0\" data-id=\"45d5df0\" data-element_type=\"column\" data-e-type=\"column\">\n\t\t\t<div class=\"elementor-widget-wrap elementor-element-populated\">\n\t\t\t\t\t\t<div class=\"elementor-element elementor-element-7b540a0 elementor-widget elementor-widget-spacer\" data-id=\"7b540a0\" data-element_type=\"widget\" data-e-type=\"widget\" data-widget_type=\"spacer.default\">\n\t\t\t\t<div class=\"elementor-widget-container\">\n\t\t\t\t\t\t\t<div class=\"elementor-spacer\">\n\t\t\t<div class=\"elementor-spacer-inner\"><\/div>\n\t\t<\/div>\n\t\t\t\t\t\t<\/div>\n\t\t\t\t<\/div>\n\t\t\t\t<div class=\"elementor-element elementor-element-99a1876 elementor-widget elementor-widget-image\" data-id=\"99a1876\" data-element_type=\"widget\" data-e-type=\"widget\" data-widget_type=\"image.default\">\n\t\t\t\t<div class=\"elementor-widget-container\">\n\t\t\t\t\t\t\t\t\t\t\t\t\t\t\t<img decoding=\"async\" src=\"https:\/\/dentist.ee\/wp-content\/uploads\/elementor\/thumbs\/sergeizjuganov_ZJU_1743-copy-scaled-rinz9wiosy92gfr2e93jhfnyshbnz8y9yqwolpsxo0.jpg\" title=\"sergeizjuganov_ZJU_1743 copy\" alt=\"sergeizjuganov_ZJU_1743 copy\" loading=\"lazy\" \/>\t\t\t\t\t\t\t\t\t\t\t\t\t\t\t<\/div>\n\t\t\t\t<\/div>\n\t\t\t\t\t<\/div>\n\t\t<\/div>\n\t\t\t\t\t<\/div>\n\t\t<\/section>\n\t\t<div class=\"elementor-element elementor-element-26065d3 e-flex e-con-boxed e-con e-parent\" data-id=\"26065d3\" data-element_type=\"container\" data-e-type=\"container\">\n\t\t\t\t\t<div class=\"e-con-inner\">\n\t\t\t\t<div class=\"elementor-element elementor-element-49b995b elementor-widget elementor-widget-spacer\" data-id=\"49b995b\" data-element_type=\"widget\" data-e-type=\"widget\" data-widget_type=\"spacer.default\">\n\t\t\t\t<div class=\"elementor-widget-container\">\n\t\t\t\t\t\t\t<div class=\"elementor-spacer\">\n\t\t\t<div class=\"elementor-spacer-inner\"><\/div>\n\t\t<\/div>\n\t\t\t\t\t\t<\/div>\n\t\t\t\t<\/div>\n\t\t\t\t\t<\/div>\n\t\t\t\t<\/div>\n\t\t\t\t<section class=\"elementor-section elementor-top-section elementor-element elementor-element-d6acd3b elementor-section-boxed elementor-section-height-default elementor-section-height-default\" data-id=\"d6acd3b\" data-element_type=\"section\" data-e-type=\"section\">\n\t\t\t\t\t\t<div class=\"elementor-container elementor-column-gap-default\">\n\t\t\t\t\t<div class=\"elementor-column elementor-col-100 elementor-top-column elementor-element elementor-element-b233454\" data-id=\"b233454\" data-element_type=\"column\" data-e-type=\"column\">\n\t\t\t<div class=\"elementor-widget-wrap elementor-element-populated\">\n\t\t\t\t\t\t<div class=\"elementor-element elementor-element-01968f7 elementor-widget elementor-widget-text-editor\" data-id=\"01968f7\" data-element_type=\"widget\" data-e-type=\"widget\" data-widget_type=\"text-editor.default\">\n\t\t\t\t<div class=\"elementor-widget-container\">\n\t\t\t\t\t\t\t\t\t<p>Kliniken grundades \u00e5r 2000 av Kristina Kiisa, som flyttade tillbaka till Estland efter\nstudier vid Karolinska Institutet i&nbsp;<span style=\"color: var( --e-global-color-text ); font-family: var( --e-global-typography-text-font-family ), Sans-serif; font-weight: var( --e-global-typography-text-font-weight ); font-size: 1rem;\">Sverige.<\/span><\/p>\n<p>Kristina Kiisa tandv\u00e5rdsklinik anv\u00e4nder metoder och erfarenheter fr\u00e5n Skandinavien,\nk\u00e4nt f\u00f6r sin&nbsp;<span style=\"color: var( --e-global-color-text ); font-family: var( --e-global-typography-text-font-family ), Sans-serif; font-weight: var( --e-global-typography-text-font-weight ); font-size: 1rem;\">h\u00f6gkvalitativa sjukv\u00e5rd. Vi anv\u00e4nder v\u00e4rldsklass material och teknik f\u00f6r att\ns\u00e4kerst\u00e4lla b\u00e4sta&nbsp;<\/span><span style=\"color: var( --e-global-color-text ); font-family: var( --e-global-typography-text-font-family ), Sans-serif; font-weight: var( --e-global-typography-text-font-weight ); font-size: 1rem;\">m\u00f6jliga resultat.<\/span><\/p>\n<p>Kristina Kiisa tandv\u00e5rdsklinik s\u00e4tter i fokus f\u00f6rebyggande tandv\u00e5rd&nbsp;<span style=\"color: var( --e-global-color-text ); font-family: var( --e-global-typography-text-font-family ), Sans-serif; font-weight: var( --e-global-typography-text-font-weight ); font-size: 1rem;\">\u2013 vi erbjuder bes\u00f6k hos tandhygienist f\u00f6r att uppr\u00e4tth\u00e5lla god munh\u00e4lsa. Att identifiera och behandla tandproblem i ett tidigt skede \u00e4r en prioritet f\u00f6r oss. Detta kan ofta leda till b\u00e4ttre resultat och mindre omfattande&nbsp;<\/span><span style=\"color: var( --e-global-color-text ); font-family: var( --e-global-typography-text-font-family ), Sans-serif; font-weight: var( --e-global-typography-text-font-weight ); font-size: 1rem;\">behandlingar.<\/span><\/p>\n<p>Vi str\u00e4var efter att vara en klinik&nbsp;<span style=\"color: var( --e-global-color-text ); font-family: var( --e-global-typography-text-font-family ), Sans-serif; font-weight: var( --e-global-typography-text-font-weight ); font-size: 1rem;\">d\u00e4r v\u00e5ra patienter kan hitta alla&nbsp;<\/span><span style=\"color: var( --e-global-color-text ); font-family: var( --e-global-typography-text-font-family ), Sans-serif; font-weight: var( --e-global-typography-text-font-weight ); font-size: 1rem;\">n\u00f6dv\u00e4ndiga behandlingar p\u00e5 ett st\u00e4lle.&nbsp;<\/span><span style=\"color: var( --e-global-color-text ); font-family: var( --e-global-typography-text-font-family ), Sans-serif; font-weight: var( --e-global-typography-text-font-weight ); font-size: 1rem;\">Detta inkluderar allt fr\u00e5n munv\u00e5rd till&nbsp;<\/span><span style=\"color: var( --e-global-color-text ); font-family: var( --e-global-typography-text-font-family ), Sans-serif; font-weight: var( --e-global-typography-text-font-weight ); font-size: 1rem;\">avancerade ingrepp som&nbsp;<\/span><a href=\"https:\/\/dentist.ee\/sv\/teenused\/juureravi\/\" target=\"_blank\">rotbehandling<\/a><span style=\"color: var( --e-global-color-text ); font-family: var( --e-global-typography-text-font-family ), Sans-serif; font-weight: var( --e-global-typography-text-font-weight ); font-size: 1rem;\"><a href=\"https:\/\/dentist.ee\/en\/services\/juureravi\/\">&nbsp;<\/a>och&nbsp;<\/span><a href=\"https:\/\/dentist.ee\/sv\/teenused\/implantaadid\/implantaatide-paigaldus\/\" target=\"_blank\">tandimplantat.<\/a><span style=\"color: var( --e-global-color-text ); font-family: var( --e-global-typography-text-font-family ), Sans-serif; font-weight: var( --e-global-typography-text-font-weight ); font-size: 1rem;\">&nbsp;<\/span><span style=\"color: var( --e-global-color-text ); font-family: var( --e-global-typography-text-font-family ), Sans-serif; font-weight: var( --e-global-typography-text-font-weight ); font-size: 1rem;\">\u2800&nbsp;<\/span><span style=\"color: var( --e-global-color-text ); font-family: var( --e-global-typography-text-font-family ), Sans-serif; font-weight: var( --e-global-typography-text-font-weight ); font-size: 1rem;\">\u2800<\/span><\/p>\n<p>Vi erbjuder kommunikation p\u00e5 flera spr\u00e5k, inklusive estniska, engelska, finska, svenska och ryska.<\/p>\n<p>Vi samarbetar med v\u00e5ra svenska och estniska kollegor som litar p\u00e5 v\u00e5r kompetens och remitterar sina patienter f\u00f6r&nbsp;<a href=\"https:\/\/dentist.ee\/sv\/teenused\/juureravi\/\" target=\"_blank\">rotbehandlingar<\/a><span style=\"color: var( --e-global-color-text ); font-family: var( --e-global-typography-text-font-family ), Sans-serif; font-size: 1rem; font-weight: var( --e-global-typography-text-font-weight );\">&nbsp;och&nbsp;<\/span><a href=\"https:\/\/dentist.ee\/sv\/teenused\/implantaadid\/implantaatide-paigaldus\/\" target=\"_blank\">tandimplantat<\/a><span style=\"color: var( --e-global-color-text ); font-family: var( --e-global-typography-text-font-family ), Sans-serif; font-size: 1rem; font-weight: var( --e-global-typography-text-font-weight );\">.<\/span><br><\/p>\n<p><span style=\"color: var( --e-global-color-text ); font-family: var( --e-global-typography-text-font-family ), Sans-serif; font-size: 1rem; font-weight: var( --e-global-typography-text-font-weight );\"><br><\/span><\/p>\n<p>Kliniken ligger i Tallinns centrum, p\u00e5&nbsp;<a href=\"https:\/\/maps.app.goo.gl\/j36zNbY7ZhtaVE887\" target=\"_blank\" rel=\"noopener\">Tornim\u00e4e<\/a>.<\/p>\t\t\t\t\t\t\t\t<\/div>\n\t\t\t\t<\/div>\n\t\t\t\t<div class=\"elementor-element elementor-element-bb8e950 elementor-widget elementor-widget-text-editor\" data-id=\"bb8e950\" data-element_type=\"widget\" data-e-type=\"widget\" data-widget_type=\"text-editor.default\">\n\t\t\t\t<div class=\"elementor-widget-container\">\n\t\t\t\t\t\t\t\t\t<h2><b>Varmt v\u00e4llkommen!<\/b><\/h2>\t\t\t\t\t\t\t\t<\/div>\n\t\t\t\t<\/div>\n\t\t\t\t\t<\/div>\n\t\t<\/div>\n\t\t\t\t\t<\/div>\n\t\t<\/section>\n\t\t\t\t<\/div>","protected":false},"excerpt":{"rendered":"<p>Kristina Kiisa Hambaravi loodi 2000. a, kui Kristina Kiisa kolis peale \u00f5pinguid Rootsist&nbsp;tagasi Eestisse. Kristina Kiisa hambapolikliinik Tallinnas on seadnud eesm\u00e4rgiks iga kliendi loomuliku&nbsp;naeratuse s\u00e4ilitamise. Oma t\u00f6\u00f6s rakendame Skandinaaviast saadud kogemusi ja&nbsp;meetodeid. Meie hambapolikliinik on keskendunud hamba- ja igemehaiguste ennetamisele,&nbsp;v\u00f5imalikult varajasele diagnoosimisele ning kvaliteetsele ja professionaalsele hambaravi&nbsp;teenusele. Meie patsientide jaoks on kindlasti oluline, et nad [&hellip;]<\/p>\n","protected":false},"author":1,"featured_media":0,"parent":0,"menu_order":0,"comment_status":"closed","ping_status":"closed","template":"","meta":{"footnotes":""},"class_list":["post-26","page","type-page","status-publish","hentry"],"_links":{"self":[{"href":"https:\/\/dentist.ee\/sv\/wp-json\/wp\/v2\/pages\/26","targetHints":{"allow":["GET"]}}],"collection":[{"href":"https:\/\/dentist.ee\/sv\/wp-json\/wp\/v2\/pages"}],"about":[{"href":"https:\/\/dentist.ee\/sv\/wp-json\/wp\/v2\/types\/page"}],"author":[{"embeddable":true,"href":"https:\/\/dentist.ee\/sv\/wp-json\/wp\/v2\/users\/1"}],"replies":[{"embeddable":true,"href":"https:\/\/dentist.ee\/sv\/wp-json\/wp\/v2\/comments?post=26"}],"version-history":[{"count":70,"href":"https:\/\/dentist.ee\/sv\/wp-json\/wp\/v2\/pages\/26\/revisions"}],"predecessor-version":[{"id":3009,"href":"https:\/\/dentist.ee\/sv\/wp-json\/wp\/v2\/pages\/26\/revisions\/3009"}],"wp:attachment":[{"href":"https:\/\/dentist.ee\/sv\/wp-json\/wp\/v2\/media?parent=26"}],"curies":[{"name":"wp","href":"https:\/\/api.w.org\/{rel}","templated":true}]}}