{"id":241,"date":"2022-04-19T16:35:33","date_gmt":"2022-04-19T16:35:33","guid":{"rendered":"https:\/\/dentist.ee\/?post_type=teenus&#038;p=241"},"modified":"2023-09-29T13:16:05","modified_gmt":"2023-09-29T13:16:05","slug":"hambaproteesid","status":"publish","type":"page","link":"https:\/\/dentist.ee\/sv\/vad-vi-gor\/hambaproteesid\/","title":{"rendered":"Protetik"},"content":{"rendered":"<div data-elementor-type=\"wp-page\" data-elementor-id=\"241\" class=\"elementor elementor-241\" data-elementor-post-type=\"page\">\n\t\t\t\t<div class=\"elementor-element elementor-element-e78abb2 e-flex e-con-boxed e-con e-parent\" data-id=\"e78abb2\" data-element_type=\"container\" data-e-type=\"container\">\n\t\t\t\t\t<div class=\"e-con-inner\">\n\t\t\t\t<div class=\"elementor-element elementor-element-3544fce elementor-widget elementor-widget-text-editor\" data-id=\"3544fce\" data-element_type=\"widget\" data-e-type=\"widget\" data-widget_type=\"text-editor.default\">\n\t\t\t\t<div class=\"elementor-widget-container\">\n\t\t\t\t\t\t\t\t\t<p><\/p>\n<p><strong>N\u00e4r 1 eller fler t\u00e4nder saknas&nbsp;<\/strong><\/p>\n<p><\/p>\n<p><\/p>\n<p>Vad h\u00e4nder n\u00e4r f\u00f6rlorade t\u00e4nder ska inte ers\u00e4ttas av protes?&nbsp;<\/p><p><a href=\"https:\/\/www.youtube.com\/watch?v=3s08kea6dU0\">Se video<\/a> &nbsp;<\/p>\n<p><\/p>\n<p><\/p>\n<p><strong>Kronor och broar \u2013 fasta protes&nbsp;<\/strong><\/p>\n<p><\/p>\n<p><\/p>\n<p>En porslinskrona, bro eller implantat kan vara en perfekt l\u00f6sning f\u00f6r att skapa nya t\u00e4nder . Eftersom kronor och broar \u00e4r cementerade, erbjuder de en perfekt l\u00e5ngsiktig l\u00f6sning f\u00f6r m\u00e5nga patienter.<\/p>\n<p><\/p>\n<p><\/p>\n<p>Kronor eller proslinsfasader placeras ocks\u00e5 n\u00e4r t\u00e4nderna estetiskt  utseende- deras form, f\u00e4rg, position m\u00e5ste \u00e4ndras och ett vackert leende skapas. Detta kallas kosmetisk tandv\u00e5rd.<\/p>\n<p><\/p>\n<p><\/p>\n<p><a href=\"https:\/\/www.youtube.com\/watch?time_continue=2&amp;v=SkV4XpmqId4\">Porslinsfasader<\/a><\/p>\n<p><\/p>\n<p><\/p>\n<p><a href=\"https:\/\/www.youtube.com\/watch?v=J6lPwPE7BOc\">Video om kronplacering<\/a><\/p>\n<p><\/p>\n<p><\/p>\n<p><a href=\"https:\/\/www.youtube.com\/watch?v=o6Gw6vU9gsw\">Porslinsbrygga video<\/a><\/p>\n<p><\/p>\n<p><\/p>\n<p><strong>3D digital tandv\u00e5rd<\/strong><\/p>\n<p><\/p>\n<p><\/p>\n<p><a href=\"https:\/\/www.dentsplysirona.com\/en-us\/discover\/discover-by-category\/cad-cam\/cerec.html\">Sirona Cerec 3D CAD\/CAM<\/a> s\u00fcsteem v\u00f5imaldab teha hambale krooni \u00fchel visiidil ehk 1,5 tunniga. Sellise hambakrooni t\u00e4psus suurem ja maksumus&nbsp; veidi odavam kui hambatehniku laboris tehtud kroonil.&nbsp;<\/p>\n<p><\/p>\n<p><\/p>\n<p><a href=\"https:\/\/youtube.com\/watch?v=-6qqvlJdMjo&amp;ab_channel=RamonaFamilyDentistry\" target=\"_blank\" rel=\"noreferrer noopener\">3D krontillverkningsvideo<\/a><\/p>\n<p><\/p>\n<p><\/p>\n<p><strong>Avtagbara protes&nbsp;<\/strong><\/p>\n<p><\/p>\n<p><\/p>\n<p>Hel- eller delproteser kan ers\u00e4tta dina saknade t\u00e4nder och ge dig sj\u00e4lvf\u00f6rtroendet att le. Proteser kan anv\u00e4ndas f\u00f6r att ers\u00e4tta saknade t\u00e4nder p\u00e5 grund av trauma,  karies eller tandlossning.  Det \u00e4r viktigt att ers\u00e4tta saknade t\u00e4nder inte bara f\u00f6r att t\u00e4nderna hj\u00e4lper till att \u00e4ta mat, utan f\u00f6r att de hj\u00e4lper till att st\u00f6dja ansiktsmusklerna och utseendet \u00f6vrigt och \u00e4r kritiska f\u00f6r tal.<\/p>\n<p><\/p>\n<p><\/p>\n<p><strong>Helprotes<\/strong><\/p>\n<p><\/p>\n<p><\/p>\n<p>Helprotes g\u00f6rs n\u00e4r alla t\u00e4nder saknas. Det finns tv\u00e5 olika typer av avtagbara helproteser: omedelbar och konventionell. Omedelbara proteser tillverkas vanligtvis n\u00e4r patientens befintliga naturliga t\u00e4nder dras ut och den nya protesen levereras p\u00e5 samma dag.\n\nKoventionella proteser tillverkas under 2 veckor och \u00e4r gjorda av plast och metall. F\u00f6r att f\u00f6rb\u00e4ttra deras stabilitet kan man s\u00e4tta implantat i k\u00e4kben och s\u00e4tta protesen fast.<\/p>\n<p><\/p>\n<p><\/p>\n<p><strong>Delprotes<\/strong><\/p>\n<p><\/p>\n<p><\/p>\n<p>En delprotes \u00e4r en avtagbar protes som ers\u00e4tter flera saknade t\u00e4nder.  Det kan f\u00e4stas i t\u00e4nderna med klammrar eller p\u00e5 t\u00e4nder med kronor med precisionsf\u00e4ste (dolda klammrar). B\u00e5da typerna har vanligtvis en metallram och plastt\u00e4nder och tandk\u00f6ttsomr\u00e5den. En tillf\u00e4llig delprotes \u00e4r endast av plast.&nbsp;<\/p>\n<p><\/p>\n<p><\/p>\n<p>Vi g\u00f6r ocks\u00e5 mjuka delproteser som \u00e4r mer b\u00f6jbara \u00e4n vanliga plastproteser.  Dessa \u00e4r l\u00e4mpliga f\u00f6r patienter med endast n\u00e5gra saknade t\u00e4nder.<\/p>\n<p><\/p>\n<p><\/p>\n<figure class=\"wp-block-image alignleft\"><img decoding=\"async\" class=\"wp-image-2323\" src=\"https:\/\/dentist.ee\/wp-content\/uploads\/4-implants-and-prosthesis-picture-2-500x163.png\" alt=\"\"><span style=\"color: var( --e-global-color-text ); font-family: var( --e-global-typography-text-font-family ), Sans-serif; font-weight: var( --e-global-typography-text-font-weight ); text-align: var(--text-align); font-size: 1rem;\">Implantat kan placeras f\u00f6r att st\u00f6dja och s\u00e4kra protesen.<\/span><\/figure>\n<p><\/p>\n<p><\/p>\n<p><strong>Implantat&nbsp;<\/strong><\/p>\n<p><\/p>\n<p><\/p>\n<p>Tandimplantat \u00e4r ett bra alternativ i vissa fall. Det m\u00e5ste finnas tillr\u00e4ckligt ben f\u00f6r ett implantat. Om det inte finns tillr\u00e4ckligt med ben, kan vi kanske l\u00e4gga till mer ben genom benaugmentation.<\/p>\n<p><\/p>\n<p><\/p>\n<p>Implantat kan ers\u00e4tta en singel f\u00f6rlorad tandeller fungera som st\u00f6d f\u00f6r brygga ellet avtagbar protes.<\/p>\n<p><\/p>\n<p><\/p>\n<p><a href=\"https:\/\/dentist.ee\/sv\/hambaraviteenused\/hambaimplantaadid\/\">Se video och mer information&nbsp;<\/a><\/p>\n<p><\/p>\n<p><\/p>\n<p><a href=\"https:\/\/www.youtube.com\/watch?v=gMycqoQrlBs\">Implantat video<\/a> &nbsp;<\/p>\n<p><\/p>\t\t\t\t\t\t\t\t<\/div>\n\t\t\t\t<\/div>\n\t\t\t\t\t<\/div>\n\t\t\t\t<\/div>\n\t\t\t\t<\/div>","protected":false},"excerpt":{"rendered":"<p>Puuduvate hammaste taastamine&nbsp; Mis juhtub siis, kui puuduolevaid hambaid ei taastata?&nbsp; Vaata videod &nbsp; Mitte-eemaldatavad proteesid \u2013 hambakroonid ja -sillad&nbsp; Kui hammast ei saa enam t\u00e4idistega parandada on heaks lahenduseks portselankroon. Puuduvat hammast saab asendada silla v\u00f5i implantaadiga (vt.implantaadid). Hambakroonid ja sillad tsementeeritakse hammaste k\u00fclge ja need sarnanevad p\u00e4rishambale nii materjali omadustelt, v\u00e4ljan\u00e4gemiselt kui ka [&hellip;]<\/p>\n","protected":false},"author":4,"featured_media":2062,"parent":29,"menu_order":0,"comment_status":"closed","ping_status":"closed","template":"","meta":{"footnotes":""},"class_list":["post-241","page","type-page","status-publish","has-post-thumbnail","hentry"],"_links":{"self":[{"href":"https:\/\/dentist.ee\/sv\/wp-json\/wp\/v2\/pages\/241","targetHints":{"allow":["GET"]}}],"collection":[{"href":"https:\/\/dentist.ee\/sv\/wp-json\/wp\/v2\/pages"}],"about":[{"href":"https:\/\/dentist.ee\/sv\/wp-json\/wp\/v2\/types\/page"}],"author":[{"embeddable":true,"href":"https:\/\/dentist.ee\/sv\/wp-json\/wp\/v2\/users\/4"}],"replies":[{"embeddable":true,"href":"https:\/\/dentist.ee\/sv\/wp-json\/wp\/v2\/comments?post=241"}],"version-history":[{"count":10,"href":"https:\/\/dentist.ee\/sv\/wp-json\/wp\/v2\/pages\/241\/revisions"}],"predecessor-version":[{"id":2563,"href":"https:\/\/dentist.ee\/sv\/wp-json\/wp\/v2\/pages\/241\/revisions\/2563"}],"up":[{"embeddable":true,"href":"https:\/\/dentist.ee\/sv\/wp-json\/wp\/v2\/pages\/29"}],"wp:featuredmedia":[{"embeddable":true,"href":"https:\/\/dentist.ee\/sv\/wp-json\/wp\/v2\/media\/2062"}],"wp:attachment":[{"href":"https:\/\/dentist.ee\/sv\/wp-json\/wp\/v2\/media?parent=241"}],"curies":[{"name":"wp","href":"https:\/\/api.w.org\/{rel}","templated":true}]}}