{"id":1506,"date":"2022-10-10T17:38:38","date_gmt":"2022-10-10T17:38:38","guid":{"rendered":"https:\/\/dentist.ee\/?page_id=1506"},"modified":"2024-02-04T14:28:21","modified_gmt":"2024-02-04T14:28:21","slug":"implantaatide-paigaldus","status":"publish","type":"page","link":"https:\/\/dentist.ee\/sv\/vad-vi-gor\/implantaadid\/implantaatide-paigaldus\/","title":{"rendered":"Implantat"},"content":{"rendered":"<div data-elementor-type=\"wp-page\" data-elementor-id=\"1506\" class=\"elementor elementor-1506\" data-elementor-post-type=\"page\">\n\t\t\t\t<div class=\"elementor-element elementor-element-551bad7 e-flex e-con-boxed e-con e-parent\" data-id=\"551bad7\" data-element_type=\"container\" data-e-type=\"container\">\n\t\t\t\t\t<div class=\"e-con-inner\">\n\t\t\t\t<div class=\"elementor-element elementor-element-050f2b0 elementor-widget elementor-widget-image\" data-id=\"050f2b0\" data-element_type=\"widget\" data-e-type=\"widget\" data-widget_type=\"image.default\">\n\t\t\t\t<div class=\"elementor-widget-container\">\n\t\t\t\t\t\t\t\t\t\t\t\t\t\t\t<img decoding=\"async\" src=\"https:\/\/dentist.ee\/wp-content\/uploads\/elementor\/thumbs\/sergeizjuganov_ZJU_1548-copy-scaled-rinz9vkotd8nxoygqkt4ouw57z404arxd8bsh6gqlw.jpg\" title=\"sergeizjuganov_ZJU_1548 copy\" alt=\"sergeizjuganov_ZJU_1548 copy\" loading=\"lazy\" \/>\t\t\t\t\t\t\t\t\t\t\t\t\t\t\t<\/div>\n\t\t\t\t<\/div>\n\t\t\t\t\t<\/div>\n\t\t\t\t<\/div>\n\t\t<div class=\"elementor-element elementor-element-465d1ce e-flex e-con-boxed e-con e-parent\" data-id=\"465d1ce\" data-element_type=\"container\" data-e-type=\"container\">\n\t\t\t\t\t<div class=\"e-con-inner\">\n\t\t\t\t<div class=\"elementor-element elementor-element-068c5e3 elementor-widget elementor-widget-spacer\" data-id=\"068c5e3\" data-element_type=\"widget\" data-e-type=\"widget\" data-widget_type=\"spacer.default\">\n\t\t\t\t<div class=\"elementor-widget-container\">\n\t\t\t\t\t\t\t<div class=\"elementor-spacer\">\n\t\t\t<div class=\"elementor-spacer-inner\"><\/div>\n\t\t<\/div>\n\t\t\t\t\t\t<\/div>\n\t\t\t\t<\/div>\n\t\t\t\t\t<\/div>\n\t\t\t\t<\/div>\n\t\t\t\t<section class=\"elementor-section elementor-top-section elementor-element elementor-element-4c6701f2 elementor-reverse-mobile elementor-section-boxed elementor-section-height-default elementor-section-height-default\" data-id=\"4c6701f2\" data-element_type=\"section\" data-e-type=\"section\">\n\t\t\t\t\t\t<div class=\"elementor-container elementor-column-gap-default\">\n\t\t\t\t\t<div class=\"elementor-column elementor-col-100 elementor-top-column elementor-element elementor-element-1cf3fa0c\" data-id=\"1cf3fa0c\" data-element_type=\"column\" data-e-type=\"column\" data-settings=\"{&quot;background_background&quot;:&quot;classic&quot;}\">\n\t\t\t<div class=\"elementor-widget-wrap elementor-element-populated\">\n\t\t\t\t\t\t<div class=\"elementor-element elementor-element-10a4fe80 elementor-widget elementor-widget-text-editor\" data-id=\"10a4fe80\" data-element_type=\"widget\" data-e-type=\"widget\" data-widget_type=\"text-editor.default\">\n\t\t\t\t<div class=\"elementor-widget-container\">\n\t\t\t\t\t\t\t\t\t<h2 style=\"font-family: &quot;Poppins self host&quot;, sans-serif; color: rgb(51, 98, 122);\"><span style=\"font-weight: 700;\">Placering av implantat<\/span><\/h2>\n<p><br><\/p>\n<p>Tandimplantat \u00e4r det s\u00e4kraste och b\u00e4sta s\u00e4ttet att ers\u00e4tta skadade, saknade eller utdragna t\u00e4nder idag. J\u00e4mf\u00f6rt med l\u00f6sproteser \u00e4r implantat mer bekv\u00e4ma och verkar som egna naturliga t\u00e4nder. Om du har f\u00f6rlorat en eller flera t\u00e4nder och beh\u00f6ver ers\u00e4tta dem kan tandimplantat vara en l\u00f6sning som kan passa dig.&nbsp;<\/p>\n<p>Kristina Kiisa Tandv\u00e5rdsklinik \u00e4r ett bra val f\u00f6r implantatplacering \u2013 vi har mer \u00e4n 20 \u00e5rs erfarenhet.<\/p>\n<p>B\u00e5de svenska och estniska kollegor remitterar sina patienter till v\u00e5r klinik f\u00f6r proteser och implantat.<\/p>\n<p>Vi anv\u00e4nder schweiziska och tyska implantatsystem som&nbsp;<a href=\"https:\/\/www.straumann.com\/en\/patients.html\">Straumann<\/a>,&nbsp;<a href=\"https:\/\/medentis.com\/en\/\" target=\"_blank\" rel=\"noopener\">ICX&nbsp;<\/a>och&nbsp;<a href=\"https:\/\/assets.dentsplysirona.com\/websites\/implants-for-life\/PDF\/17668_Implants_for_life%20general_patient_brochure.pdf\">Dentsply Ankylos<\/a>.<\/p>\n<p><br><\/p>\n<p><\/p>\n<h2><b>Processen f\u00f6r <\/b><b>implantatkirurgi<\/b><\/h2>\n<div><b><br><\/b><\/div>\n<p>Implantat best\u00e5r av en skruv, oftast gjord av titan, som fungerar som en tandrot varp\u00e5 en tandkrona f\u00e4sts. Implantat placeras kirurgiskt och kan anv\u00e4ndas f\u00f6r att ers\u00e4tta enskilda t\u00e4nder eller f\u00f6r att s\u00e4kra en tandprotes vid partiell eller fullst\u00e4ndig tandl\u00f6shet (tandl\u00f6shet).&nbsp;<\/p>\n<p><span style=\"font-weight: 400;\">&nbsp;<\/span><\/p>\n<h2><b>Vad du kan f\u00f6rv\u00e4nta dig <\/b><b>efter implantation<\/b><\/h2>\n<div><b><br><\/b><\/div>\n<p>Ett tandimplantat placeras kirurgiskt i k\u00e4kbenet och ingreppet utf\u00f6rs under lokalbed\u00f6vning.&nbsp;<\/p>\n<p>Efter implantatoperation \u00e4r l\u00e4knings- eller f\u00f6rbeningsperioden innan t\u00e4nderna f\u00e4sts p\u00e5 implantatet vanligtvis 3-6 m\u00e5nader. I n\u00e5gra f\u00e5 fall \u00e4r det m\u00f6jligt att f\u00e5 en ny tand monterad direkt efter implantatoperation.&nbsp;<\/p>\n<p>Vid behov kommer en tillf\u00e4llig protes att f\u00f6rberedas f\u00f6r implantatets l\u00e4kningsperiod, som inte kommer att st\u00f6dja implantatet.&nbsp;<\/p>\n<p>Vi kommer alltid att ge munhygieninstruktioner efter operationen.<\/p>\n<p><span style=\"font-weight: 400;\">&nbsp;<\/span><\/p>\n<h2><a href=\"https:\/\/dentist.ee\/sv\/teenused\/broneerimine\/\">Boka tid f\u00f6r konsultation<\/a><\/h2>\n<div><font face=\"var( --e-global-typography-text-font-family ), Sans-serif\"><span style=\"background-color: rgb(255, 255, 255); font-size: 1rem; font-weight: var( --e-global-typography-text-font-weight );\"><a href=\"https:\/\/dentist.ee\/sv\/teenused\/broneerimine\/\">Boka tid<\/a><\/span><\/font>, eller kontakta&nbsp;<span style=\"font-weight: 700;\">+372 616 4500<\/span>&nbsp;eller skriv&nbsp;<a href=\"https:\/\/dentist.ee\/sv\/kontakt\/\" target=\"_blank\" rel=\"noopener\" style=\"background-color: rgb(255, 255, 255); font-family: var( --e-global-typography-text-font-family ), Sans-serif; font-size: 1rem;\">dentist@dentist.ee<\/a><br><\/div>\t\t\t\t\t\t\t\t<\/div>\n\t\t\t\t<\/div>\n\t\t\t\t<div class=\"elementor-element elementor-element-545c8c42 elementor-icon-list--layout-traditional elementor-list-item-link-full_width elementor-widget elementor-widget-icon-list\" data-id=\"545c8c42\" data-element_type=\"widget\" data-e-type=\"widget\" data-widget_type=\"icon-list.default\">\n\t\t\t\t<div class=\"elementor-widget-container\">\n\t\t\t\t\t\t\t<ul class=\"elementor-icon-list-items\">\n\t\t\t\t\t\t\t<li class=\"elementor-icon-list-item\">\n\t\t\t\t\t\t\t\t\t\t\t<a href=\"tel:+3726164500\">\n\n\t\t\t\t\t\t\t\t\t\t\t\t<span class=\"elementor-icon-list-icon\">\n\t\t\t\t\t\t\t<i aria-hidden=\"true\" class=\"fas fa-phone-alt\"><\/i>\t\t\t\t\t\t<\/span>\n\t\t\t\t\t\t\t\t\t\t<span class=\"elementor-icon-list-text\">+3726164500<\/span>\n\t\t\t\t\t\t\t\t\t\t\t<\/a>\n\t\t\t\t\t\t\t\t\t<\/li>\n\t\t\t\t\t\t\t\t<li class=\"elementor-icon-list-item\">\n\t\t\t\t\t\t\t\t\t\t\t<a href=\"mailto:dentist@dentist.ee\">\n\n\t\t\t\t\t\t\t\t\t\t\t\t<span class=\"elementor-icon-list-icon\">\n\t\t\t\t\t\t\t<i aria-hidden=\"true\" class=\"fas fa-envelope\"><\/i>\t\t\t\t\t\t<\/span>\n\t\t\t\t\t\t\t\t\t\t<span class=\"elementor-icon-list-text\">dentist@dentist.ee<\/span>\n\t\t\t\t\t\t\t\t\t\t\t<\/a>\n\t\t\t\t\t\t\t\t\t<\/li>\n\t\t\t\t\t\t<\/ul>\n\t\t\t\t\t\t<\/div>\n\t\t\t\t<\/div>\n\t\t\t\t\t<\/div>\n\t\t<\/div>\n\t\t\t\t\t<\/div>\n\t\t<\/section>\n\t\t\t\t<\/div>","protected":false},"excerpt":{"rendered":"<p>Implantaatide paigaldamine Hambaimplantaatide paigaldamine on t\u00e4nap\u00e4eval k\u00f5ige ohutum ja eelistatum viis kahjustunud, puuduolevate v\u00f5i eemaldatud hammaste asendamiseks. V\u00f5rreldes proteesidega on implantaadid mugavamad, kaunimad ja tunduvad kui oma hambad.&nbsp; Kristina Kiisa Hambaravi kliinik on hea valik implantaatide paigaldamiseks, sest meil on kogemust enam kui 20-aastat kogemus ja sellealase hariduse on ta omandanud Skandinaavias ja Saksamaal. Meie [&hellip;]<\/p>\n","protected":false},"author":1,"featured_media":2060,"parent":240,"menu_order":7,"comment_status":"closed","ping_status":"closed","template":"","meta":{"footnotes":""},"class_list":["post-1506","page","type-page","status-publish","has-post-thumbnail","hentry"],"_links":{"self":[{"href":"https:\/\/dentist.ee\/sv\/wp-json\/wp\/v2\/pages\/1506","targetHints":{"allow":["GET"]}}],"collection":[{"href":"https:\/\/dentist.ee\/sv\/wp-json\/wp\/v2\/pages"}],"about":[{"href":"https:\/\/dentist.ee\/sv\/wp-json\/wp\/v2\/types\/page"}],"author":[{"embeddable":true,"href":"https:\/\/dentist.ee\/sv\/wp-json\/wp\/v2\/users\/1"}],"replies":[{"embeddable":true,"href":"https:\/\/dentist.ee\/sv\/wp-json\/wp\/v2\/comments?post=1506"}],"version-history":[{"count":44,"href":"https:\/\/dentist.ee\/sv\/wp-json\/wp\/v2\/pages\/1506\/revisions"}],"predecessor-version":[{"id":2988,"href":"https:\/\/dentist.ee\/sv\/wp-json\/wp\/v2\/pages\/1506\/revisions\/2988"}],"up":[{"embeddable":true,"href":"https:\/\/dentist.ee\/sv\/wp-json\/wp\/v2\/pages\/240"}],"wp:featuredmedia":[{"embeddable":true,"href":"https:\/\/dentist.ee\/sv\/wp-json\/wp\/v2\/media\/2060"}],"wp:attachment":[{"href":"https:\/\/dentist.ee\/sv\/wp-json\/wp\/v2\/media?parent=1506"}],"curies":[{"name":"wp","href":"https:\/\/api.w.org\/{rel}","templated":true}]}}