{"id":1427,"date":"2022-09-07T08:35:05","date_gmt":"2022-09-07T08:35:05","guid":{"rendered":"https:\/\/dentist.ee\/?page_id=1427"},"modified":"2024-02-04T14:27:57","modified_gmt":"2024-02-04T14:27:57","slug":"hambakroonid","status":"publish","type":"page","link":"https:\/\/dentist.ee\/sv\/vad-vi-gor\/hambakroonid\/","title":{"rendered":"Proteser"},"content":{"rendered":"<div data-elementor-type=\"wp-page\" data-elementor-id=\"1427\" class=\"elementor elementor-1427\" data-elementor-post-type=\"page\">\n\t\t\t\t<div class=\"elementor-element elementor-element-20abd2d e-flex e-con-boxed e-con e-parent\" data-id=\"20abd2d\" data-element_type=\"container\" data-e-type=\"container\">\n\t\t\t\t\t<div class=\"e-con-inner\">\n\t\t\t\t<div class=\"elementor-element elementor-element-9ce12d6 elementor-widget elementor-widget-image\" data-id=\"9ce12d6\" data-element_type=\"widget\" data-e-type=\"widget\" data-widget_type=\"image.default\">\n\t\t\t\t<div class=\"elementor-widget-container\">\n\t\t\t\t\t\t\t\t\t\t\t\t\t\t\t<img decoding=\"async\" src=\"https:\/\/dentist.ee\/wp-content\/uploads\/elementor\/thumbs\/sergeizjuganov_ZJU_1704-copy-scaled-rinz9wikfifnhpzza7s486hrsvmxdybf5ksgg68w14.jpg\" title=\"sergeizjuganov_ZJU_1704 copy\" alt=\"sergeizjuganov_ZJU_1704 copy\" loading=\"lazy\" \/>\t\t\t\t\t\t\t\t\t\t\t\t\t\t\t<\/div>\n\t\t\t\t<\/div>\n\t\t\t\t<div class=\"elementor-element elementor-element-6455d40 elementor-widget elementor-widget-text-editor\" data-id=\"6455d40\" data-element_type=\"widget\" data-e-type=\"widget\" data-widget_type=\"text-editor.default\">\n\t\t\t\t<div class=\"elementor-widget-container\">\n\t\t\t\t\t\t\t\t\t<p>\u00a0<\/p><p>\u00a0<\/p>\t\t\t\t\t\t\t\t<\/div>\n\t\t\t\t<\/div>\n\t\t\t\t\t<\/div>\n\t\t\t\t<\/div>\n\t\t\t\t<section class=\"elementor-section elementor-top-section elementor-element elementor-element-3024730f elementor-reverse-mobile elementor-section-boxed elementor-section-height-default elementor-section-height-default\" data-id=\"3024730f\" data-element_type=\"section\" data-e-type=\"section\">\n\t\t\t\t\t\t<div class=\"elementor-container elementor-column-gap-default\">\n\t\t\t\t\t<div class=\"elementor-column elementor-col-100 elementor-top-column elementor-element elementor-element-e3cf158\" data-id=\"e3cf158\" data-element_type=\"column\" data-e-type=\"column\" data-settings=\"{&quot;background_background&quot;:&quot;classic&quot;}\">\n\t\t\t<div class=\"elementor-widget-wrap elementor-element-populated\">\n\t\t\t\t\t\t<div class=\"elementor-element elementor-element-464e8d4d elementor-widget elementor-widget-text-editor\" data-id=\"464e8d4d\" data-element_type=\"widget\" data-e-type=\"widget\" data-widget_type=\"text-editor.default\">\n\t\t\t\t<div class=\"elementor-widget-container\">\n\t\t\t\t\t\t\t\t\t<h1><b>Tandkronor (porslinskronor), tandfasader<\/b><\/h1>\n<div><b>&nbsp;<\/b><\/div>\n<p>Om det inte g\u00e5r att laga tanden eller om man vill korrigera t\u00e4nderna estetiskt s\u00e5 \u00e4r en tandkrona (keramisk krona) en bra l\u00f6sning.&nbsp;<\/p>\n<p><span style=\"font-weight: 400;\">&nbsp;<\/span><\/p>\n<h2><b>Vad \u00e4r <\/b><b>en tandkrona<\/b><b> och vad anv\u00e4nds den till?<\/b><\/h2>\n<div><b>&nbsp;<\/b><\/div>\n<p>Tandkronor anv\u00e4nds alltmer som proteser f\u00f6r trasiga t\u00e4nder och \u00e4ven f\u00f6r estetiska \u00e4ndam\u00e5l. Kronor \u00e4r mycket lika till riktiga t\u00e4nder.&nbsp;<\/p>\n<p><span style=\"font-weight: 400;\">Kronan\/tandfasaden tillverkas av keramisk material (porslin) och cementeras p\u00e5 sj\u00e4lva tanden.<\/span><\/p>\n<p><span style=\"font-weight: 400;\">&nbsp;<\/span><\/p>\n<h2><b>I vilka fall \u00e4r det l\u00e4mpligt att s\u00e4tta in en krona?<\/b><\/h2>\n<ul>\n<li><span style=\"font-weight: 400;\"> &nbsp; <\/span> <span style=\"font-weight: 400;\">Tanden kan inte l\u00e4ngre lagas med en fyllning<\/span><\/li>\n<li><span style=\"font-weight: 400;\"> &nbsp; <\/span> <span style=\"font-weight: 400;\">En tand \u00e4r trasig eller har tagits bort<\/span><\/li>\n<li><span style=\"font-weight: 400;\"> &nbsp; <\/span> <span style=\"font-weight: 400;\">F\u00f6r att korrigera utseendet p\u00e5 en eller flera t\u00e4nder.<\/span><\/li>\n<\/ul>\n<p><span style=\"font-weight: 400;\">&nbsp;<\/span><\/p>\n<p><span style=\"font-weight: 400;\">Porslinskronor och laminat tillverkas och installeras ocks\u00e5 f\u00f6r att f\u00f6rb\u00e4ttra det estetiska utseendet p\u00e5 t\u00e4nderna och designa ett vackert leende. Detta kallas kosmetisk tandv\u00e5rd. Ut\u00f6ver kronor kan \u00e4ven t\u00e4ndernas utseende korrigeras med tandlaminat och en saknad tand kan ers\u00e4ttas med en bro eller<\/span><a href=\"https:\/\/dentist.ee\/sv\/teenused\/implantaadid\/\"> <span style=\"font-weight: 400;\">implantat<\/span><\/a><span style=\"font-weight: 400;\">.<\/span><\/p>\n<p>V\u00e5r tandklinik anv\u00e4nder ocks\u00e5&nbsp;<a href=\"https:\/\/www.youtube.com\/watch?v=-6qqvlJdMjo&amp;ab_channel=RamonaFamilyDentistry\">Sirona Cerec 3D CAD\/CAM<\/a>&nbsp;systemets h\u00f6gkvalitativa och exakta 3D-tandkronor som g\u00f6r det m\u00f6jligt att framst\u00e4lla en krona f\u00f6r en tand p\u00e5 cirka 1,5 timme Ingreppets hastighet \u00e4r ocks\u00e5 mycket viktig, vilket uppskattas av kunderna - tandens utseende kan \u00e5terst\u00e4llas p\u00e5 bara ett bes\u00f6k.<\/p>\n<p>Vi tillverkar \u00e4ven implantatt\u00e4nder och l\u00f6sproteser.<\/p>\n<p><span style=\"font-weight: 400;\">&nbsp;<\/span><\/p>\n<h2><a href=\"https:\/\/dentist.ee\/sv\/teenused\/broneerimine\/\">Boka tid f\u00f6r konsultation<\/a><\/h2>\n<p><span style=\"font-size: 1rem; font-weight: var( --e-global-typography-text-font-weight );\"><a href=\"https:\/\/dentist.ee\/sv\/teenused\/broneerimine\/\">Boka tid<\/a><\/span>, eller kontakta&nbsp;<span style=\"font-weight: 700;\">+372 616 4500<\/span>&nbsp;eller skriv&nbsp;<a href=\"https:\/\/dentist.ee\/sv\/kontakt\/\" target=\"_blank\" style=\"background-color: rgb(255, 255, 255); font-family: var( --e-global-typography-text-font-family ), Sans-serif; font-size: 1rem;\">dentist@dentist.ee<\/a><br><\/p>\t\t\t\t\t\t\t\t<\/div>\n\t\t\t\t<\/div>\n\t\t\t\t<div class=\"elementor-element elementor-element-8d0768f elementor-icon-list--layout-traditional elementor-list-item-link-full_width elementor-widget elementor-widget-icon-list\" data-id=\"8d0768f\" data-element_type=\"widget\" data-e-type=\"widget\" data-widget_type=\"icon-list.default\">\n\t\t\t\t<div class=\"elementor-widget-container\">\n\t\t\t\t\t\t\t<ul class=\"elementor-icon-list-items\">\n\t\t\t\t\t\t\t<li class=\"elementor-icon-list-item\">\n\t\t\t\t\t\t\t\t\t\t\t<a href=\"tel:+3726164500\">\n\n\t\t\t\t\t\t\t\t\t\t\t\t<span class=\"elementor-icon-list-icon\">\n\t\t\t\t\t\t\t<i aria-hidden=\"true\" class=\"fas fa-phone-alt\"><\/i>\t\t\t\t\t\t<\/span>\n\t\t\t\t\t\t\t\t\t\t<span class=\"elementor-icon-list-text\">+3726164500<\/span>\n\t\t\t\t\t\t\t\t\t\t\t<\/a>\n\t\t\t\t\t\t\t\t\t<\/li>\n\t\t\t\t\t\t\t\t<li class=\"elementor-icon-list-item\">\n\t\t\t\t\t\t\t\t\t\t\t<a href=\"mailto:dentist@dentist.ee\">\n\n\t\t\t\t\t\t\t\t\t\t\t\t<span class=\"elementor-icon-list-icon\">\n\t\t\t\t\t\t\t<i aria-hidden=\"true\" class=\"fas fa-envelope\"><\/i>\t\t\t\t\t\t<\/span>\n\t\t\t\t\t\t\t\t\t\t<span class=\"elementor-icon-list-text\">dentist@dentist.ee<\/span>\n\t\t\t\t\t\t\t\t\t\t\t<\/a>\n\t\t\t\t\t\t\t\t\t<\/li>\n\t\t\t\t\t\t<\/ul>\n\t\t\t\t\t\t<\/div>\n\t\t\t\t<\/div>\n\t\t\t\t\t<\/div>\n\t\t<\/div>\n\t\t\t\t\t<\/div>\n\t\t<\/section>\n\t\t\t\t<\/div>","protected":false},"excerpt":{"rendered":"<p>\u00a0 \u00a0 Hammaste laminaadid ja hambakroonid &nbsp; Kui hammast ei ole v\u00f5imalik parandada v\u00f5i sooviks on hambaid esteetiliselt korrigeerida, siis on heaks lahenduseks hambakroon. Meie hambaravi kliinikus on v\u00f5imalik hambakrooni paigaldamine erinevate materjalidega. Pakume ka 3D hambakroone. K\u00f5ige sobivama lahenduse lepime kokku esimesel hambaarsti visiidil.&nbsp; &nbsp; Mis on hambakroon ja milleks seda kasutatakse? &nbsp; Hambakroonid [&hellip;]<\/p>\n","protected":false},"author":1,"featured_media":2068,"parent":29,"menu_order":8,"comment_status":"closed","ping_status":"closed","template":"","meta":{"footnotes":""},"class_list":["post-1427","page","type-page","status-publish","has-post-thumbnail","hentry"],"_links":{"self":[{"href":"https:\/\/dentist.ee\/sv\/wp-json\/wp\/v2\/pages\/1427","targetHints":{"allow":["GET"]}}],"collection":[{"href":"https:\/\/dentist.ee\/sv\/wp-json\/wp\/v2\/pages"}],"about":[{"href":"https:\/\/dentist.ee\/sv\/wp-json\/wp\/v2\/types\/page"}],"author":[{"embeddable":true,"href":"https:\/\/dentist.ee\/sv\/wp-json\/wp\/v2\/users\/1"}],"replies":[{"embeddable":true,"href":"https:\/\/dentist.ee\/sv\/wp-json\/wp\/v2\/comments?post=1427"}],"version-history":[{"count":50,"href":"https:\/\/dentist.ee\/sv\/wp-json\/wp\/v2\/pages\/1427\/revisions"}],"predecessor-version":[{"id":2985,"href":"https:\/\/dentist.ee\/sv\/wp-json\/wp\/v2\/pages\/1427\/revisions\/2985"}],"up":[{"embeddable":true,"href":"https:\/\/dentist.ee\/sv\/wp-json\/wp\/v2\/pages\/29"}],"wp:featuredmedia":[{"embeddable":true,"href":"https:\/\/dentist.ee\/sv\/wp-json\/wp\/v2\/media\/2068"}],"wp:attachment":[{"href":"https:\/\/dentist.ee\/sv\/wp-json\/wp\/v2\/media?parent=1427"}],"curies":[{"name":"wp","href":"https:\/\/api.w.org\/{rel}","templated":true}]}}