{"id":1421,"date":"2022-09-07T08:34:04","date_gmt":"2022-09-07T08:34:04","guid":{"rendered":"https:\/\/dentist.ee\/?page_id=1421"},"modified":"2023-10-11T20:06:25","modified_gmt":"2023-10-11T20:06:25","slug":"igemepoletiku-ravi","status":"publish","type":"page","link":"https:\/\/dentist.ee\/sv\/vad-vi-gor\/igemeravi\/igemepoletiku-ravi\/","title":{"rendered":"Igemep\u00f5letiku ravi"},"content":{"rendered":"<div data-elementor-type=\"wp-page\" data-elementor-id=\"1421\" class=\"elementor elementor-1421\" data-elementor-post-type=\"page\">\n\t\t\t\t\t\t<section class=\"elementor-section elementor-top-section elementor-element elementor-element-515be5b1 elementor-reverse-mobile elementor-section-boxed elementor-section-height-default elementor-section-height-default\" data-id=\"515be5b1\" data-element_type=\"section\" data-e-type=\"section\">\n\t\t\t\t\t\t<div class=\"elementor-container elementor-column-gap-default\">\n\t\t\t\t\t<div class=\"elementor-column elementor-col-100 elementor-top-column elementor-element elementor-element-39ffe366\" data-id=\"39ffe366\" data-element_type=\"column\" data-e-type=\"column\" data-settings=\"{&quot;background_background&quot;:&quot;classic&quot;}\">\n\t\t\t<div class=\"elementor-widget-wrap elementor-element-populated\">\n\t\t\t\t\t\t<div class=\"elementor-element elementor-element-2b10a7b2 elementor-widget elementor-widget-text-editor\" data-id=\"2b10a7b2\" data-element_type=\"widget\" data-e-type=\"widget\" data-widget_type=\"text-editor.default\">\n\t\t\t\t<div class=\"elementor-widget-container\">\n\t\t\t\t\t\t\t\t\t<p><span style=\"font-weight: 400;\">Parodontiit on hamba kinnitusaparaati kahjustav p\u00f5letik, mille tagaj\u00e4rjel hakkavad hambad loksuma, mis omakorda v\u00f5ib viia hammaste kaotuseni. Parodontiit vajab kindlasti <\/span><span style=\"font-weight: 400;\">igemep\u00f5letiku ravi<\/span><span style=\"font-weight: 400;\">. Parodontiiti p\u00f5hjustavad mikroobid avaldavad m\u00f5ju kogu tervisele ja kehale. Ravimata j\u00e4\u00e4nud <\/span><span style=\"font-weight: 400;\">igemep\u00f5letik<\/span><span style=\"font-weight: 400;\"> v\u00f5ib olla ohtlik ja kaasa tuua p\u00f5letiku teistes organites, sest mikroobid v\u00f5ivad vereringega kehas laiali liikuda.<\/span><\/p>\n<p><span style=\"font-weight: 400;\">&nbsp;<\/span><\/p>\n<h2><b>Kuidas tekib <\/b><b>igemep\u00f5letik ehk parodontoos<\/b><\/h2>\n<p><span style=\"font-weight: 400;\">Parodontoosi ehk parodontiidi tekkep\u00f5hjuseks on bakteriaalse katu tekkimine hamba ja igeme vahelisse igemetaskusse. <\/span><span style=\"font-weight: 400;\">Igemep\u00f5letik<\/span><span style=\"font-weight: 400;\"> v\u00f5ib tekkida ka teiste tegurite koosm\u00f5jul \u2013 nendeks on n\u00e4iteks suitsetamine, kroonilised haigused, sh diabeet ja stress. Oma roll on ka p\u00e4rilikel faktoritel.<\/span><\/p>\n<p><span style=\"font-weight: 400;\">Kaugele arenenud ja ravimata <\/span><span style=\"font-weight: 400;\">parodontoos<\/span><span style=\"font-weight: 400;\"> v\u00f5ib l\u00f5puks viia hammaste kaotuseni. Kindlasti peaks hambaarsti k\u00fclastama, kui esineb igemete valulikkust, veritsust, punetust v\u00f5i turset. <\/span><span style=\"font-weight: 400;\">Parodontiit<\/span><span style=\"font-weight: 400;\"> v\u00f5ib anda m\u00e4rku ka halva maitsega suus v\u00f5i ebam\u00e4\u00e4rase kihelustundena.<\/span><\/p>\n<p><span style=\"font-weight: 400;\">&nbsp;<\/span><\/p>\n<h2><b>Milline n\u00e4eb v\u00e4lja igemep\u00f5letiku ravi<\/b><\/h2>\n<p><span style=\"font-weight: 400;\">Igemep\u00f5letiku ravi k\u00f5ige t\u00e4htsam \u00fclesanne on peatada p\u00f5letikuprotsess. Igemekudede t\u00e4ielik taastamine ei ole v\u00f5imalik. K\u00fcll aga on v\u00f5imalik eemaldada nii igemetelt kui igemetaskutest hambakatt ja hambakivi. Samuti on oluline, et hambad oleksid terved.<\/span><\/p>\n<p><span style=\"font-weight: 400;\">Juba liikuma hakanud hambaid fikseerime lahasega v\u00f5i kui see ei ole v\u00f5imalik, siis asendame kahjustunud hambad implantaatidega.<\/span><\/p>\n<p><span style=\"font-weight: 400;\">Kindlasti on oluline vaadata \u00fcle suuh\u00fcgieen. Loobuda tuleks suitsetamisest ja teistest kahjulikest harjumustest. T\u00e4psemaid juhiseid jagab hambaarst esimesel visiidil.<\/span><\/p>\n<h2><a href=\"https:\/\/dentist.ee\/sv\/broneerimine\/\" target=\"_blank\">Boka tid f\u00f6r konsultation<\/a><br><\/h2>\n<p>Broneeri mugavalt siinsamas v\u00f5i helista +372 616 4500.<br><\/p>\t\t\t\t\t\t\t\t<\/div>\n\t\t\t\t<\/div>\n\t\t\t\t<div class=\"elementor-element elementor-element-34a32230 elementor-icon-list--layout-traditional elementor-list-item-link-full_width elementor-widget elementor-widget-icon-list\" data-id=\"34a32230\" data-element_type=\"widget\" data-e-type=\"widget\" data-widget_type=\"icon-list.default\">\n\t\t\t\t<div class=\"elementor-widget-container\">\n\t\t\t\t\t\t\t<ul class=\"elementor-icon-list-items\">\n\t\t\t\t\t\t\t<li class=\"elementor-icon-list-item\">\n\t\t\t\t\t\t\t\t\t\t\t<a href=\"tel:+3726164500\">\n\n\t\t\t\t\t\t\t\t\t\t\t\t<span class=\"elementor-icon-list-icon\">\n\t\t\t\t\t\t\t<i aria-hidden=\"true\" class=\"fas fa-phone-alt\"><\/i>\t\t\t\t\t\t<\/span>\n\t\t\t\t\t\t\t\t\t\t<span class=\"elementor-icon-list-text\">+3726164500<\/span>\n\t\t\t\t\t\t\t\t\t\t\t<\/a>\n\t\t\t\t\t\t\t\t\t<\/li>\n\t\t\t\t\t\t\t\t<li class=\"elementor-icon-list-item\">\n\t\t\t\t\t\t\t\t\t\t\t<a href=\"mailto:dentist@dentist.ee\">\n\n\t\t\t\t\t\t\t\t\t\t\t\t<span class=\"elementor-icon-list-icon\">\n\t\t\t\t\t\t\t<i aria-hidden=\"true\" class=\"fas fa-envelope\"><\/i>\t\t\t\t\t\t<\/span>\n\t\t\t\t\t\t\t\t\t\t<span class=\"elementor-icon-list-text\">dentist@dentist.ee<\/span>\n\t\t\t\t\t\t\t\t\t\t\t<\/a>\n\t\t\t\t\t\t\t\t\t<\/li>\n\t\t\t\t\t\t<\/ul>\n\t\t\t\t\t\t<\/div>\n\t\t\t\t<\/div>\n\t\t\t\t\t<\/div>\n\t\t<\/div>\n\t\t\t\t\t<\/div>\n\t\t<\/section>\n\t\t\t\t<\/div>","protected":false},"excerpt":{"rendered":"<p>Parodontiit on hamba kinnitusaparaati kahjustav p\u00f5letik, mille tagaj\u00e4rjel hakkavad hambad loksuma, mis omakorda v\u00f5ib viia hammaste kaotuseni. Parodontiit vajab kindlasti igemep\u00f5letiku ravi. Parodontiiti p\u00f5hjustavad mikroobid avaldavad m\u00f5ju kogu tervisele ja kehale. Ravimata j\u00e4\u00e4nud igemep\u00f5letik v\u00f5ib olla ohtlik ja kaasa tuua p\u00f5letiku teistes organites, sest mikroobid v\u00f5ivad vereringega kehas laiali liikuda. &nbsp; Kuidas tekib igemep\u00f5letik ehk [&hellip;]<\/p>\n","protected":false},"author":1,"featured_media":2068,"parent":1419,"menu_order":0,"comment_status":"closed","ping_status":"closed","template":"","meta":{"footnotes":""},"class_list":["post-1421","page","type-page","status-publish","has-post-thumbnail","hentry"],"_links":{"self":[{"href":"https:\/\/dentist.ee\/sv\/wp-json\/wp\/v2\/pages\/1421","targetHints":{"allow":["GET"]}}],"collection":[{"href":"https:\/\/dentist.ee\/sv\/wp-json\/wp\/v2\/pages"}],"about":[{"href":"https:\/\/dentist.ee\/sv\/wp-json\/wp\/v2\/types\/page"}],"author":[{"embeddable":true,"href":"https:\/\/dentist.ee\/sv\/wp-json\/wp\/v2\/users\/1"}],"replies":[{"embeddable":true,"href":"https:\/\/dentist.ee\/sv\/wp-json\/wp\/v2\/comments?post=1421"}],"version-history":[{"count":12,"href":"https:\/\/dentist.ee\/sv\/wp-json\/wp\/v2\/pages\/1421\/revisions"}],"predecessor-version":[{"id":2770,"href":"https:\/\/dentist.ee\/sv\/wp-json\/wp\/v2\/pages\/1421\/revisions\/2770"}],"up":[{"embeddable":true,"href":"https:\/\/dentist.ee\/sv\/wp-json\/wp\/v2\/pages\/1419"}],"wp:featuredmedia":[{"embeddable":true,"href":"https:\/\/dentist.ee\/sv\/wp-json\/wp\/v2\/media\/2068"}],"wp:attachment":[{"href":"https:\/\/dentist.ee\/sv\/wp-json\/wp\/v2\/media?parent=1421"}],"curies":[{"name":"wp","href":"https:\/\/api.w.org\/{rel}","templated":true}]}}