{"id":1412,"date":"2022-09-07T08:26:10","date_gmt":"2022-09-07T08:26:10","guid":{"rendered":"https:\/\/dentist.ee\/?page_id=1412"},"modified":"2024-02-04T14:27:41","modified_gmt":"2024-02-04T14:27:41","slug":"juureravi","status":"publish","type":"page","link":"https:\/\/dentist.ee\/sv\/vad-vi-gor\/juureravi\/","title":{"rendered":"Endodontisk behandling"},"content":{"rendered":"<div data-elementor-type=\"wp-page\" data-elementor-id=\"1412\" class=\"elementor elementor-1412\" data-elementor-post-type=\"page\">\n\t\t\t\t<div class=\"elementor-element elementor-element-86c4aae e-flex e-con-boxed e-con e-parent\" data-id=\"86c4aae\" data-element_type=\"container\" data-e-type=\"container\">\n\t\t\t\t\t<div class=\"e-con-inner\">\n\t\t\t\t<div class=\"elementor-element elementor-element-fa43edd elementor-widget elementor-widget-image\" data-id=\"fa43edd\" data-element_type=\"widget\" data-e-type=\"widget\" data-widget_type=\"image.default\">\n\t\t\t\t<div class=\"elementor-widget-container\">\n\t\t\t\t\t\t\t\t\t\t\t\t\t\t\t<img decoding=\"async\" src=\"https:\/\/dentist.ee\/wp-content\/uploads\/elementor\/thumbs\/sergeizjuganov_ZJU_1697-copy-scaled-rinz9vkq8oevl1n7c66pc2zbjydcbjzr5l30sk5rcc.jpg\" title=\"sergeizjuganov_ZJU_1697 copy\" alt=\"sergeizjuganov_ZJU_1697 copy\" loading=\"lazy\" \/>\t\t\t\t\t\t\t\t\t\t\t\t\t\t\t<\/div>\n\t\t\t\t<\/div>\n\t\t\t\t\t<\/div>\n\t\t\t\t<\/div>\n\t\t\t\t<section class=\"elementor-section elementor-top-section elementor-element elementor-element-2564a45d elementor-reverse-mobile elementor-section-boxed elementor-section-height-default elementor-section-height-default\" data-id=\"2564a45d\" data-element_type=\"section\" data-e-type=\"section\">\n\t\t\t\t\t\t<div class=\"elementor-container elementor-column-gap-default\">\n\t\t\t\t\t<div class=\"elementor-column elementor-col-100 elementor-top-column elementor-element elementor-element-4e4b04ed\" data-id=\"4e4b04ed\" data-element_type=\"column\" data-e-type=\"column\" data-settings=\"{&quot;background_background&quot;:&quot;classic&quot;}\">\n\t\t\t<div class=\"elementor-widget-wrap elementor-element-populated\">\n\t\t\t\t\t\t<div class=\"elementor-element elementor-element-9e0503f elementor-widget elementor-widget-spacer\" data-id=\"9e0503f\" data-element_type=\"widget\" data-e-type=\"widget\" data-widget_type=\"spacer.default\">\n\t\t\t\t<div class=\"elementor-widget-container\">\n\t\t\t\t\t\t\t<div class=\"elementor-spacer\">\n\t\t\t<div class=\"elementor-spacer-inner\"><\/div>\n\t\t<\/div>\n\t\t\t\t\t\t<\/div>\n\t\t\t\t<\/div>\n\t\t\t\t<div class=\"elementor-element elementor-element-5251ae1e elementor-widget elementor-widget-text-editor\" data-id=\"5251ae1e\" data-element_type=\"widget\" data-e-type=\"widget\" data-widget_type=\"text-editor.default\">\n\t\t\t\t<div class=\"elementor-widget-container\">\n\t\t\t\t\t\t\t\t\t<h1><b>Rotbehandling under mikroskop<\/b><\/h1>\n<div><b><br><\/b><\/div>\n<p>Endodontisk behandling eller rotbehandling \u00e4r ett ingrepp som beh\u00f6ver g\u00f6ras n\u00e4r inflammation har uppst\u00e5tt i tandpulpan. Under rotbehandlingen reng\u00f6rs rotkanalen och fylls med fyllnadsmaterial. Behandlingen hj\u00e4lper till att f\u00f6rhindra spridning av inflammation till k\u00e4kbenet och bevara dina t\u00e4nder. P\u00e5 v\u00e5r klinik utf\u00f6rs rotbehandling av dr. Robert Boyd.<\/p>\n<p><span style=\"font-weight: 400;\">&nbsp;<\/span><\/p>\n<h2><b>Vilka \u00e4r <\/b><b>rotbehandling<\/b><b> rotbehandling?<\/b><\/h2>\n<div><b><br><\/b><\/div>\n<p>Symtom p\u00e5 rotkanalinflammation inkluderar sm\u00e4rta, tandens k\u00e4nslighet f\u00f6r v\u00e4rme och kyla, m\u00f6rkare f\u00e4rg p\u00e5 tanden, k\u00e4nsla att tanden \u00e4r \u201eh\u00f6gre\u201c \u00e4n grannt\u00e4nder, sm\u00e4rta, svullnad eller en b\u00f6ld i tandk\u00f6ttet som gr\u00e4nsar till tanden. Ibland kan en rotfyllning vara n\u00f6dv\u00e4ndig \u00e4ven om det inte finns n\u00e5gra symtom.&nbsp;<\/p>\n<p>Inflammation i tandnerven orsakas oftast av obehandlade h\u00e5l, varf\u00f6r det \u00e4r viktigt att bes\u00f6ka tandl\u00e4karen regelbundet \u00e4ven om det inte finns n\u00e5gra klagom\u00e5l. Inflammation kan ocks\u00e5 orsakas av en tand- eller rotfraktur eller en spricka i tanden.&nbsp;<\/p>\n<p>Huvudsyftet med rotbehandling \u00e4r att f\u00f6rhindra spridning av inflammation. Om rotbehandling inte utf\u00f6rs kan inflammationen spridas till k\u00e4kbenet och en abscess kan utvecklas.<br><\/p>\n<p><span style=\"font-weight: 400;\"><br><\/span><\/p>\n<p><\/p>\n<h2><b>Hur ser <\/b><b>rotbehandlingen<\/b><b> ut?<\/b><\/h2>\n<div><b><br><\/b><\/div>\n<div>Tandl\u00e4karen l\u00e4gger upp en exakt behandlingsplan vid f\u00f6rsta bes\u00f6ket.&nbsp;<br><br>Inf\u00f6r rotbehandling tar vi alltid r\u00f6ntgenbilder varefter vi kan bed\u00f6ma hur l\u00e5ngt inflammationen har spridit sig och om det g\u00e5r att r\u00e4dda tanden.&nbsp;<br><br><\/div>\n<div>Efter rotbehandling kan det bli n\u00f6dv\u00e4ndigt att s\u00e4tta en krona p\u00e5 tanden.&nbsp;<\/div>\n<p><br><\/p>\n<h2><b>Rotbehandling <\/b><b>med mikroskop<\/b><\/h2>\n<div><b><br><\/b><\/div>\n<p>Rotbehandling med mikroskop \u00e4r den mest exakta och moderna metoden inom modern rotbehandling. Tack vare mikroskopets precision kan vi utf\u00f6ra rotkanalreng\u00f6ring och fyllning med st\u00f6rsta precision f\u00f6r att s\u00e4kerst\u00e4lla b\u00e4sta resultat f\u00f6r dig.<br><\/p>\n<p><br><\/p>\n<h2><b>Rotspetsoperation<\/b><\/h2>\n<div><b><br><\/b><\/div>\n<div>Vad \u00e4r inflammation runt rotspetsen (apex) p\u00e5 en tand? Inflammation i tandrotsspetsen uppst\u00e5r n\u00e4r tandnerven blir infekterad och mikrober tr\u00e4nger vidare genom tandrotsspetsen in i v\u00e4vnaderna som omger tanden. Det \u00e4r inte alltid m\u00f6jligt att behandla med vanlig rotbehandling och d\u00e4rf\u00f6r m\u00e5ste en rotspetsoperation utf\u00f6ras.&nbsp;<br><br>Akut rotspetsinflammation k\u00e4nnetecknas av sv\u00e5r sm\u00e4rta, s\u00e4rskilt n\u00e4r man \u00e4ter eller biter ihop t\u00e4nderna. Sm\u00e4rtan kan uppst\u00e5 i en tand eller str\u00e5la ut till andra t\u00e4nder. Inflammation i rotspetsen kan \u00e5tf\u00f6ljas av svullna tandk\u00f6tt och en pus eller abscess. Feber \u00e4r ocks\u00e5 vanligt.&nbsp;<br><br>Kronisk rotspetsinflammation kan fortskrida utan att orsaka besv\u00e4r eller yttra sig som enstaka sm\u00e4rta. Kronisk rotspetsinflammation diagnostiseras vanligtvis med r\u00f6ntgen, d\u00e4r inflammationen tydligt kan ses.&nbsp;<br><br>En fistel kan ha bildats p\u00e5 tandk\u00f6ttet, fr\u00e5n vilken pus sl\u00e4pps ut d\u00e5 och d\u00e5. En god tandh\u00e4lsa p\u00e5verkar hela kroppens tillst\u00e5nd.&nbsp;<br><br><\/div>\n<div>Det \u00e4r viktigt att veta att rotspetsinflammation beh\u00f6ver behandling, oavsett om den orsakar sm\u00e4rta eller inte. Det \u00e4r s\u00e4rskilt viktigt f\u00f6r personer med nedsatt immunitet eller som lider av hj\u00e4rt- och k\u00e4rlsjukdomar eller ledsjukdomar.&nbsp;<br><br><\/div>\n<div>Rotspetsoperation \u00e4r kirurgiskt avl\u00e4gsnande av rotspetsen under lokalbed\u00f6vning s\u00e5 att sj\u00e4lva tanden blir kvar i munnen.<\/div>\n<p><span style=\"font-weight: 400;\">&nbsp;<\/span><\/p>\n<h2><a href=\"https:\/\/dentist.ee\/sv\/teenused\/broneerimine\/\">Boka tid f\u00f6r konsultation<\/a><br><\/h2>\n<p><font face=\"var( --e-global-typography-text-font-family ), Sans-serif\"><span style=\"background-color: rgb(255, 255, 255); font-size: 1rem; font-weight: var( --e-global-typography-text-font-weight );\"><a href=\"https:\/\/dentist.ee\/sv\/teenused\/broneerimine\/\">Boka tid<\/a><\/span><\/font>, eller kontakta&nbsp;<span style=\"font-weight: 700;\">+372 616 4500<\/span>&nbsp;eller skriv&nbsp;<a href=\"https:\/\/dentist.ee\/sv\/kontakt\/\" target=\"_blank\" style=\"background-color: rgb(255, 255, 255); font-family: var( --e-global-typography-text-font-family ), Sans-serif; font-size: 1rem;\">dentist@dentist.ee<\/a><br><\/p>\t\t\t\t\t\t\t\t<\/div>\n\t\t\t\t<\/div>\n\t\t\t\t<div class=\"elementor-element elementor-element-442e7f54 elementor-icon-list--layout-traditional elementor-list-item-link-full_width elementor-widget elementor-widget-icon-list\" data-id=\"442e7f54\" data-element_type=\"widget\" data-e-type=\"widget\" data-widget_type=\"icon-list.default\">\n\t\t\t\t<div class=\"elementor-widget-container\">\n\t\t\t\t\t\t\t<ul class=\"elementor-icon-list-items\">\n\t\t\t\t\t\t\t<li class=\"elementor-icon-list-item\">\n\t\t\t\t\t\t\t\t\t\t\t<a href=\"tel:+3726164500\">\n\n\t\t\t\t\t\t\t\t\t\t\t\t<span class=\"elementor-icon-list-icon\">\n\t\t\t\t\t\t\t<i aria-hidden=\"true\" class=\"fas fa-phone-alt\"><\/i>\t\t\t\t\t\t<\/span>\n\t\t\t\t\t\t\t\t\t\t<span class=\"elementor-icon-list-text\">+3726164500<\/span>\n\t\t\t\t\t\t\t\t\t\t\t<\/a>\n\t\t\t\t\t\t\t\t\t<\/li>\n\t\t\t\t\t\t\t\t<li class=\"elementor-icon-list-item\">\n\t\t\t\t\t\t\t\t\t\t\t<a href=\"mailto:dentist@dentist.ee\">\n\n\t\t\t\t\t\t\t\t\t\t\t\t<span class=\"elementor-icon-list-icon\">\n\t\t\t\t\t\t\t<i aria-hidden=\"true\" class=\"fas fa-envelope\"><\/i>\t\t\t\t\t\t<\/span>\n\t\t\t\t\t\t\t\t\t\t<span class=\"elementor-icon-list-text\">dentist@dentist.ee<\/span>\n\t\t\t\t\t\t\t\t\t\t\t<\/a>\n\t\t\t\t\t\t\t\t\t<\/li>\n\t\t\t\t\t\t<\/ul>\n\t\t\t\t\t\t<\/div>\n\t\t\t\t<\/div>\n\t\t\t\t\t<\/div>\n\t\t<\/div>\n\t\t\t\t\t<\/div>\n\t\t<\/section>\n\t\t\t\t<\/div>","protected":false},"excerpt":{"rendered":"<p>Hamba juureravi mikroskoobiga Endodontiline ravi ehk juureravi on protseduur, mis on vaja ette v\u00f5tta siis, kui hambas\u00e4sis on tekkinud p\u00f5letik. Hamba juureravi k\u00e4igus puhastatakse juurekanal ja t\u00e4idetakse see t\u00e4itematerjaliga. \u00d5igeaegne ravi aitab v\u00e4ltida p\u00f5letiku levimist ja s\u00e4ilitada oma hambad. Meie kliinikus teostab juureravi dr. Robert Boyd. &nbsp; Millised on juureravi n\u00e4idustused Hambas\u00e4sip\u00f5letiku s\u00fcmptomiteks on valu, [&hellip;]<\/p>\n","protected":false},"author":1,"featured_media":2067,"parent":29,"menu_order":9,"comment_status":"closed","ping_status":"closed","template":"","meta":{"footnotes":""},"class_list":["post-1412","page","type-page","status-publish","has-post-thumbnail","hentry"],"_links":{"self":[{"href":"https:\/\/dentist.ee\/sv\/wp-json\/wp\/v2\/pages\/1412","targetHints":{"allow":["GET"]}}],"collection":[{"href":"https:\/\/dentist.ee\/sv\/wp-json\/wp\/v2\/pages"}],"about":[{"href":"https:\/\/dentist.ee\/sv\/wp-json\/wp\/v2\/types\/page"}],"author":[{"embeddable":true,"href":"https:\/\/dentist.ee\/sv\/wp-json\/wp\/v2\/users\/1"}],"replies":[{"embeddable":true,"href":"https:\/\/dentist.ee\/sv\/wp-json\/wp\/v2\/comments?post=1412"}],"version-history":[{"count":38,"href":"https:\/\/dentist.ee\/sv\/wp-json\/wp\/v2\/pages\/1412\/revisions"}],"predecessor-version":[{"id":2982,"href":"https:\/\/dentist.ee\/sv\/wp-json\/wp\/v2\/pages\/1412\/revisions\/2982"}],"up":[{"embeddable":true,"href":"https:\/\/dentist.ee\/sv\/wp-json\/wp\/v2\/pages\/29"}],"wp:featuredmedia":[{"embeddable":true,"href":"https:\/\/dentist.ee\/sv\/wp-json\/wp\/v2\/media\/2067"}],"wp:attachment":[{"href":"https:\/\/dentist.ee\/sv\/wp-json\/wp\/v2\/media?parent=1412"}],"curies":[{"name":"wp","href":"https:\/\/api.w.org\/{rel}","templated":true}]}}