{"id":1410,"date":"2022-09-07T08:26:01","date_gmt":"2022-09-07T08:26:01","guid":{"rendered":"https:\/\/dentist.ee\/?page_id=1410"},"modified":"2025-08-27T08:38:19","modified_gmt":"2025-08-27T08:38:19","slug":"hambakaped","status":"publish","type":"page","link":"https:\/\/dentist.ee\/sv\/vad-vi-gor\/hambakaped\/","title":{"rendered":"Ortodontiska genomskinliga skenor"},"content":{"rendered":"<div data-elementor-type=\"wp-page\" data-elementor-id=\"1410\" class=\"elementor elementor-1410\" data-elementor-post-type=\"page\">\n\t\t\t\t<div class=\"elementor-element elementor-element-f9b9b1d e-flex e-con-boxed e-con e-parent\" data-id=\"f9b9b1d\" data-element_type=\"container\" data-e-type=\"container\">\n\t\t\t\t\t<div class=\"e-con-inner\">\n\t\t\t\t<div class=\"elementor-element elementor-element-5c21542 elementor-widget elementor-widget-image\" data-id=\"5c21542\" data-element_type=\"widget\" data-e-type=\"widget\" data-widget_type=\"image.default\">\n\t\t\t\t<div class=\"elementor-widget-container\">\n\t\t\t\t\t\t\t\t\t\t\t\t\t\t\t<img decoding=\"async\" src=\"https:\/\/dentist.ee\/wp-content\/uploads\/elementor\/thumbs\/sergeizjuganov_ZJU_1638-copy-scaled-rinz9wikfif49bp5epf7ep7k8nw6e0npii0w56wtbw.jpg\" title=\"sergeizjuganov_ZJU_1638 copy\" alt=\"sergeizjuganov_ZJU_1638 copy\" loading=\"lazy\" \/>\t\t\t\t\t\t\t\t\t\t\t\t\t\t\t<\/div>\n\t\t\t\t<\/div>\n\t\t\t\t\t<\/div>\n\t\t\t\t<\/div>\n\t\t\t\t<section class=\"elementor-section elementor-top-section elementor-element elementor-element-6b8d9c57 elementor-reverse-mobile elementor-section-boxed elementor-section-height-default elementor-section-height-default\" data-id=\"6b8d9c57\" data-element_type=\"section\" data-e-type=\"section\">\n\t\t\t\t\t\t<div class=\"elementor-container elementor-column-gap-default\">\n\t\t\t\t\t<div class=\"elementor-column elementor-col-100 elementor-top-column elementor-element elementor-element-788701e8\" data-id=\"788701e8\" data-element_type=\"column\" data-e-type=\"column\" data-settings=\"{&quot;background_background&quot;:&quot;classic&quot;}\">\n\t\t\t<div class=\"elementor-widget-wrap elementor-element-populated\">\n\t\t\t\t\t\t<div class=\"elementor-element elementor-element-64073700 elementor-widget elementor-widget-text-editor\" data-id=\"64073700\" data-element_type=\"widget\" data-e-type=\"widget\" data-widget_type=\"text-editor.default\">\n\t\t\t\t<div class=\"elementor-widget-container\">\n\t\t\t\t\t\t\t\t\t<h1><b>Genomskinliga skenor<\/b><\/h1>\n<div><b><br><\/b><\/div>\n<p>Ortodontiska genomskinliga skenor \u00e4r specialtillverkade osynliga tandst\u00e4llningar som patienterna har p\u00e5 sig och som allt eftersom r\u00e4tar upp t\u00e4nderna. Skenor tillverkas individuellt till varje patient.&nbsp;<\/p>\n<p><span style=\"font-weight: 400;\">&nbsp;<\/span><\/p>\n<h2><b>F\u00f6rdelar med skenor:<\/b><\/h2>\n<ul>\n<li><span style=\"font-weight: 400;\"> &nbsp; <\/span> <span style=\"font-weight: 400;\">\u00c4r genomskinliga och n\u00e4stan osynliga<\/span><\/li>\n<li><span style=\"font-weight: 400;\"> &nbsp; <\/span> <span style=\"font-weight: 400;\">L\u00e4tt att ta bort f\u00f6r att \u00e4ta och borsta t\u00e4nderna<\/span><\/li>\n<li><span style=\"font-weight: 400;\"> &nbsp; <\/span> <span style=\"font-weight: 400;\">Tack vare formen som f\u00f6ljer t\u00e4nderna blir resultat snabbt uppn\u00e5dda<\/span><\/li>\n<li><span style=\"font-weight: 400;\"> &nbsp; <\/span> <span style=\"font-weight: 400;\">Kr\u00e4ver f\u00e4rre bes\u00f6k hos tandl\u00e4karen<\/span><\/li>\n<li><span style=\"font-weight: 400;\">&nbsp; <\/span>Ortodontiska skenor \u00e4r bekv\u00e4mare \u00e4n fasta tandst\u00e4llningar, det \u00e4r enklare att b\u00e5de h\u00e5lla rent skenor och borsta t\u00e4nder.<\/li>\n<\/ul>\n<p><span style=\"font-weight: 400;\">&nbsp;<\/span><\/p>\n<h2><b>Vad <\/b><b>en genomskinlig skenor<\/b><b> behandling \u00e4r<\/b><\/h2>\n<div><b><br><\/b><\/div>\n<p>Ortodontiska skenor inneb\u00e4r ska b\u00e4ras det minst 22 timmar om dygnet att och tas endast bort f\u00f6r att \u00e4ta och borsta t\u00e4nderna. Dem m\u00e5ste bytas med n\u00e5gra veckors mellanrum. Varje ny skena pressar t\u00e4nderna lite mer och flyttar t\u00e4nderna mer och mer till \u00f6nskat l\u00e4ge.<br><\/p>\n<p><span style=\"font-weight: 400;\">&nbsp;<\/span><\/p>\n<p><span style=\"font-weight: 400;\">P\u00e5 v\u00e5r klinik anv\u00e4nder vi h\u00f6gkvalitativa<\/span><a href=\"https:\/\/modern-clear.de\/en\/modern-clear-orthodontic\/\"> <span style=\"font-weight: 400;\">Modern Clear<\/span><\/a><span style=\"font-weight: 400;\"> skenor.&nbsp;<\/span>\u3164<\/p>\n<p><span style=\"font-weight: 400;\">&nbsp;<\/span><\/p>\n<h2><b>Vad du beh\u00f6ver <\/b><b>veta om<\/b><b> munnhygien<\/b><\/h2>\n<p><span style=\"font-weight: 400;\">&nbsp;<\/span><\/p>\n<p>Se till att ta bort skenor n\u00e4r du \u00e4ter och borstar t\u00e4nderna. Drick inte kaffe, te eller andra smaksatta drycker medan du har skenor i munnen. Du kan bara dricka rent vatten n\u00e4r du har den i munnen.&nbsp;<br><\/p>\n<p><span style=\"font-weight: 400;\">Borsta t\u00e4nderna minst tv\u00e5 g\u00e5nger om dagen och tandtr\u00e5d minst en g\u00e5ng om dagen.<\/span><\/p>\n<p><span style=\"font-weight: 400;\">&nbsp;<\/span><\/p>\n<h2><b>Vad \u00e4r priset p\u00e5 <\/b><b>en skenor<\/b><\/h2>\n<div><b><br><\/b><\/div>\n<p><span style=\"font-weight: 400;\">Priset f\u00f6r genomskinliga skenor<\/span><span style=\"font-weight: 400;\"> behandlingen beror p\u00e5 hur mycket tandkorrigering som beh\u00f6vs och om en eller b\u00e5da t\u00e4nderna beh\u00f6ver korrigeras. Behandlingen inleds med en konsultation. Vid det f\u00f6rsta bes\u00f6ket tar vi panoramabilder och g\u00e5r igenom dina t\u00e4nder. Efter det g\u00f6r vi upp en behandlingsplan med en prisuppskattning.<\/span><\/p>\n<p><span style=\"font-weight: 400;\"><br><\/span><\/p>\n<h2><font face=\"inherit\"><span style=\"font-size: 2rem; background-color: rgb(255, 255, 255);\"><a href=\"https:\/\/dentist.ee\/sv\/teenused\/broneerimine\/\">Boka tid f\u00f6r konsultation<\/a><\/span><\/font><\/h2>\n<p><font face=\"var( --e-global-typography-text-font-family ), Sans-serif\"><span style=\"background-color: rgb(255, 255, 255); font-size: 1rem; font-weight: var( --e-global-typography-text-font-weight );\"><a href=\"https:\/\/dentist.ee\/sv\/teenused\/broneerimine\/\">Boka tid<\/a><\/span><\/font>, eller kontakta&nbsp;<span style=\"font-weight: 700;\">+372 616 4500<\/span>&nbsp;eller skriv&nbsp;<a href=\"https:\/\/dentist.ee\/sv\/kontakt\/\" target=\"_blank\" rel=\"noopener\" style=\"background-color: rgb(255, 255, 255); font-family: var( --e-global-typography-text-font-family ), Sans-serif; font-size: 1rem;\">dentist@dentist.ee<\/a><br><\/p>\t\t\t\t\t\t\t\t<\/div>\n\t\t\t\t<\/div>\n\t\t\t\t<div class=\"elementor-element elementor-element-41dd7aa7 elementor-icon-list--layout-traditional elementor-list-item-link-full_width elementor-widget elementor-widget-icon-list\" data-id=\"41dd7aa7\" data-element_type=\"widget\" data-e-type=\"widget\" data-widget_type=\"icon-list.default\">\n\t\t\t\t<div class=\"elementor-widget-container\">\n\t\t\t\t\t\t\t<ul class=\"elementor-icon-list-items\">\n\t\t\t\t\t\t\t<li class=\"elementor-icon-list-item\">\n\t\t\t\t\t\t\t\t\t\t\t<a href=\"tel:+3726164500\">\n\n\t\t\t\t\t\t\t\t\t\t\t\t<span class=\"elementor-icon-list-icon\">\n\t\t\t\t\t\t\t<i aria-hidden=\"true\" class=\"fas fa-phone-alt\"><\/i>\t\t\t\t\t\t<\/span>\n\t\t\t\t\t\t\t\t\t\t<span class=\"elementor-icon-list-text\">+3726164500<\/span>\n\t\t\t\t\t\t\t\t\t\t\t<\/a>\n\t\t\t\t\t\t\t\t\t<\/li>\n\t\t\t\t\t\t\t\t<li class=\"elementor-icon-list-item\">\n\t\t\t\t\t\t\t\t\t\t\t<a href=\"mailto:dentist@dentist.ee\">\n\n\t\t\t\t\t\t\t\t\t\t\t\t<span class=\"elementor-icon-list-icon\">\n\t\t\t\t\t\t\t<i aria-hidden=\"true\" class=\"fas fa-envelope\"><\/i>\t\t\t\t\t\t<\/span>\n\t\t\t\t\t\t\t\t\t\t<span class=\"elementor-icon-list-text\">dentist@dentist.ee<\/span>\n\t\t\t\t\t\t\t\t\t\t\t<\/a>\n\t\t\t\t\t\t\t\t\t<\/li>\n\t\t\t\t\t\t<\/ul>\n\t\t\t\t\t\t<\/div>\n\t\t\t\t<\/div>\n\t\t\t\t\t<\/div>\n\t\t<\/div>\n\t\t\t\t\t<\/div>\n\t\t<\/section>\n\t\t\t\t<\/div>","protected":false},"excerpt":{"rendered":"<p>Kaperavi T\u00e4nap\u00e4eval j\u00e4rjest populaarsemaks saanud hambakaped on t\u00f5hus alternatiiv breketitele. Kui soovid oma hambarida korrigeerida, siis on kaperavi k\u00f5ige eelistatum meetod, millega oma hambumust parandada. Hambakape on kliendi hambakaare j\u00e4rgi toodetud l\u00e4bipaistvast biomeditsiinilisest plastikust vormid, mis valmistatakse 3D meetodil igale patsiendile individuaalselt.&nbsp; &nbsp; Hambakapede eelised: &nbsp; On l\u00e4bipaistvad ja pea n\u00e4htamatud &nbsp; Neid on lihtne [&hellip;]<\/p>\n","protected":false},"author":1,"featured_media":2064,"parent":29,"menu_order":5,"comment_status":"closed","ping_status":"closed","template":"","meta":{"footnotes":""},"class_list":["post-1410","page","type-page","status-publish","has-post-thumbnail","hentry"],"_links":{"self":[{"href":"https:\/\/dentist.ee\/sv\/wp-json\/wp\/v2\/pages\/1410","targetHints":{"allow":["GET"]}}],"collection":[{"href":"https:\/\/dentist.ee\/sv\/wp-json\/wp\/v2\/pages"}],"about":[{"href":"https:\/\/dentist.ee\/sv\/wp-json\/wp\/v2\/types\/page"}],"author":[{"embeddable":true,"href":"https:\/\/dentist.ee\/sv\/wp-json\/wp\/v2\/users\/1"}],"replies":[{"embeddable":true,"href":"https:\/\/dentist.ee\/sv\/wp-json\/wp\/v2\/comments?post=1410"}],"version-history":[{"count":50,"href":"https:\/\/dentist.ee\/sv\/wp-json\/wp\/v2\/pages\/1410\/revisions"}],"predecessor-version":[{"id":3006,"href":"https:\/\/dentist.ee\/sv\/wp-json\/wp\/v2\/pages\/1410\/revisions\/3006"}],"up":[{"embeddable":true,"href":"https:\/\/dentist.ee\/sv\/wp-json\/wp\/v2\/pages\/29"}],"wp:featuredmedia":[{"embeddable":true,"href":"https:\/\/dentist.ee\/sv\/wp-json\/wp\/v2\/media\/2064"}],"wp:attachment":[{"href":"https:\/\/dentist.ee\/sv\/wp-json\/wp\/v2\/media?parent=1410"}],"curies":[{"name":"wp","href":"https:\/\/api.w.org\/{rel}","templated":true}]}}