{"id":1401,"date":"2022-09-07T08:23:23","date_gmt":"2022-09-07T08:23:23","guid":{"rendered":"https:\/\/dentist.ee\/?page_id=1401"},"modified":"2023-10-11T20:09:32","modified_gmt":"2023-10-11T20:09:32","slug":"hammaste-eemaldamine","status":"publish","type":"page","link":"https:\/\/dentist.ee\/sv\/vad-vi-gor\/hammaste-eemaldamine\/","title":{"rendered":"Hammaste eemaldamine"},"content":{"rendered":"<div data-elementor-type=\"wp-page\" data-elementor-id=\"1401\" class=\"elementor elementor-1401\" data-elementor-post-type=\"page\">\n\t\t\t\t\t\t<section class=\"elementor-section elementor-top-section elementor-element elementor-element-6961cff0 elementor-reverse-mobile elementor-section-boxed elementor-section-height-default elementor-section-height-default\" data-id=\"6961cff0\" data-element_type=\"section\" data-e-type=\"section\">\n\t\t\t\t\t\t<div class=\"elementor-container elementor-column-gap-default\">\n\t\t\t\t\t<div class=\"elementor-column elementor-col-100 elementor-top-column elementor-element elementor-element-4732c609\" data-id=\"4732c609\" data-element_type=\"column\" data-e-type=\"column\" data-settings=\"{&quot;background_background&quot;:&quot;classic&quot;}\">\n\t\t\t<div class=\"elementor-widget-wrap elementor-element-populated\">\n\t\t\t\t\t\t<div class=\"elementor-element elementor-element-dbaa01f elementor-widget elementor-widget-text-editor\" data-id=\"dbaa01f\" data-element_type=\"widget\" data-e-type=\"widget\" data-widget_type=\"text-editor.default\">\n\t\t\t\t<div class=\"elementor-widget-container\">\n\t\t\t\t\t\t\t\t\t<h1><b>Hammaste eemaldamine<\/b><b> Kristina Kiisa Hambaravis<\/b><\/h1>\n<p><span style=\"font-weight: 400;\">&nbsp;<\/span><\/p>\n<p><span style=\"font-weight: 400;\">Hammaste tervise hoidmiseks on k\u00f5ige olulisem k\u00e4ia regulaarselt hambaarsti juures kontrollis ja oma suuh\u00fcgieeni eest hoolt kanda. Siiski on m\u00f5ni kord vaja ette v\u00f5tta <\/span><span style=\"font-weight: 400;\">hammaste eemaldamine<\/span><span style=\"font-weight: 400;\">, n\u00e4iteks kui hammas on p\u00f5letikus v\u00f5i tarkusehammas on hakanud valu tegema. Oluline on teada, et kui ees seisab <\/span><span style=\"font-weight: 400;\">hammaste v\u00e4ljat\u00f5mbamine<\/span><span style=\"font-weight: 400;\">, siis on t\u00e4nap\u00e4eval v\u00f5imalik seda teha kliendi jaoks valutult. Kui <\/span><span style=\"font-weight: 400;\">hamba v\u00e4ljat\u00f5mbamine<\/span><span style=\"font-weight: 400;\"> on tehtud, siis on v\u00f5imalik hammas asendada kunsthamba ehk implantaadiga.<\/span><\/p>\n<p><span style=\"font-weight: 400;\">&nbsp;&nbsp;<\/span><\/p>\n<h2><b>Sagedasemad p\u00f5hjused, miks on vaja ette v\u00f5tta <\/b><b>hammaste eemaldamine<\/b><\/h2>\n<p><span style=\"font-weight: 400;\">Paljusid hammastega seotud probleeme saab varajasel avastamisel ravida ja ennetada. Teatud juhtudel ei ole aga ravimine v\u00f5imalik ning vajalik on ette v\u00f5tta <\/span><span style=\"font-weight: 400;\">hammaste eemaldamine<\/span><span style=\"font-weight: 400;\">. K\u00f5ige sagedasemad p\u00f5hjused, miks <\/span><span style=\"font-weight: 400;\">hamba v\u00e4ljat\u00f5mbamine<\/span><span style=\"font-weight: 400;\"> on vajalik, on kaugele arenenud kaaries, p\u00f5letik igemes v\u00f5i hambajuures, murdunud hammas ning tarkusehammaste tulek, mis p\u00f5hjustab valu ja survet n\u00e4o ja l\u00f5ualuu piirkondades.<\/span><\/p>\n<p><span style=\"font-weight: 400;\">&nbsp;<\/span><\/p>\n<h2><b>Mida oodata, kui ees seisab <\/b><b>hammaste v\u00e4ljat\u00f5mbamine<\/b><\/h2>\n<p><span style=\"font-weight: 400;\">Hammaste v\u00e4ljat\u00f5mbamine<\/span><span style=\"font-weight: 400;\"> v\u00f5ib tunduda alguses hirmutav, kuid t\u00e4nap\u00e4eval on see kliendi jaoks tehtud v\u00f5imalikult valutuks. K\u00f5igil klientidel, kes tulevad meie juurde esimest korda, teeme esmalt panoraamr\u00f6ntgeni, mis h\u00f5lmab kogu n\u00e4o alaosa, l\u00f5ualiigeseid ja hambaid. Vajadusel teeme lisaks ka v\u00e4iksemaid suusiseseid r\u00f6ntgenpilte. Seej\u00e4rel paneme paika raviplaani.<\/span><\/p>\n<p><span style=\"font-weight: 400;\">Hamba v\u00e4ljat\u00f5mbamine toimub paikse tuimestusega, mis muudab suukirurgia h\u00e4sti talutavaks. Protseduuri j\u00e4rgselt v\u00f5id kodus kasutada valuvaigisteid, et toetada taastumist.<\/span><\/p>\n<p><span style=\"font-weight: 400;\">Lisaks hamba v\u00e4ljat\u00f5mbamisele tegeleme ka hammaste taastamise ning hambakroonide ja implantaatide paigaldamisega.<\/span><\/p>\n<p><\/p>\n<h2><b><br><\/b><\/h2>\n<h2><b>Vad \u00e4r oral kirurgi?<\/b><\/h2>\n<p><span style=\"font-weight: 400;\">Vid f\u00f6rsta bes\u00f6ket f\u00e5r patienten m\u00f6ta en svensktalande tandl\u00e4kare som s\u00e4tter sig in i patientens problem och \u00f6nskem\u00e5l, tar r\u00f6ntgenbilder och g\u00f6r en bed\u00f6mning av den aktuella tandh\u00e4lsan som sedan ligger till grund f\u00f6r individuellt behovanpassad terapiplanering.<\/span><\/p>\n<p><span style=\"font-weight: 400;\">P\u00e5 Oral Surgery Dental Practice behandlar vi inte trauma mot k\u00e4ken, skador, tum\u00f6rer etc. F\u00f6r s\u00e5dana problem rekommenderar vi att du bes\u00f6ker avdelningen f\u00f6r ansikts- och maxillofacial kirurgi p\u00e5 PERH.<\/span><\/p>\n<p><span style=\"font-weight: 400;\"><br><\/span><\/p>\n<p><\/p>\n<h2><a href=\"https:\/\/dentist.ee\/sv\/broneerimine\/\" target=\"_blank\">Boka tid f\u00f6r konsultation<\/a><br><\/h2>\n<p>Broneeri mugavalt siinsamas v\u00f5i helista +372 616 4500.<br><\/p>\t\t\t\t\t\t\t\t<\/div>\n\t\t\t\t<\/div>\n\t\t\t\t<div class=\"elementor-element elementor-element-4f2652d9 elementor-icon-list--layout-traditional elementor-list-item-link-full_width elementor-widget elementor-widget-icon-list\" data-id=\"4f2652d9\" data-element_type=\"widget\" data-e-type=\"widget\" data-widget_type=\"icon-list.default\">\n\t\t\t\t<div class=\"elementor-widget-container\">\n\t\t\t\t\t\t\t<ul class=\"elementor-icon-list-items\">\n\t\t\t\t\t\t\t<li class=\"elementor-icon-list-item\">\n\t\t\t\t\t\t\t\t\t\t\t<a href=\"tel:+3726164500\">\n\n\t\t\t\t\t\t\t\t\t\t\t\t<span class=\"elementor-icon-list-icon\">\n\t\t\t\t\t\t\t<i aria-hidden=\"true\" class=\"fas fa-phone-alt\"><\/i>\t\t\t\t\t\t<\/span>\n\t\t\t\t\t\t\t\t\t\t<span class=\"elementor-icon-list-text\">+3726164500<\/span>\n\t\t\t\t\t\t\t\t\t\t\t<\/a>\n\t\t\t\t\t\t\t\t\t<\/li>\n\t\t\t\t\t\t\t\t<li class=\"elementor-icon-list-item\">\n\t\t\t\t\t\t\t\t\t\t\t<a href=\"mailto:dentist@dentist.ee\">\n\n\t\t\t\t\t\t\t\t\t\t\t\t<span class=\"elementor-icon-list-icon\">\n\t\t\t\t\t\t\t<i aria-hidden=\"true\" class=\"fas fa-envelope\"><\/i>\t\t\t\t\t\t<\/span>\n\t\t\t\t\t\t\t\t\t\t<span class=\"elementor-icon-list-text\">dentist@dentist.ee<\/span>\n\t\t\t\t\t\t\t\t\t\t\t<\/a>\n\t\t\t\t\t\t\t\t\t<\/li>\n\t\t\t\t\t\t<\/ul>\n\t\t\t\t\t\t<\/div>\n\t\t\t\t<\/div>\n\t\t\t\t\t<\/div>\n\t\t<\/div>\n\t\t\t\t\t<\/div>\n\t\t<\/section>\n\t\t\t\t<\/div>","protected":false},"excerpt":{"rendered":"<p>Hammaste eemaldamine Kristina Kiisa Hambaravis &nbsp; Hammaste tervise hoidmiseks on k\u00f5ige olulisem k\u00e4ia regulaarselt hambaarsti juures kontrollis ja oma suuh\u00fcgieeni eest hoolt kanda. Siiski on m\u00f5ni kord vaja ette v\u00f5tta hammaste eemaldamine, n\u00e4iteks kui hammas on p\u00f5letikus v\u00f5i tarkusehammas on hakanud valu tegema. Oluline on teada, et kui ees seisab hammaste v\u00e4ljat\u00f5mbamine, siis on t\u00e4nap\u00e4eval [&hellip;]<\/p>\n","protected":false},"author":1,"featured_media":2060,"parent":29,"menu_order":0,"comment_status":"closed","ping_status":"closed","template":"","meta":{"footnotes":""},"class_list":["post-1401","page","type-page","status-publish","has-post-thumbnail","hentry"],"_links":{"self":[{"href":"https:\/\/dentist.ee\/sv\/wp-json\/wp\/v2\/pages\/1401","targetHints":{"allow":["GET"]}}],"collection":[{"href":"https:\/\/dentist.ee\/sv\/wp-json\/wp\/v2\/pages"}],"about":[{"href":"https:\/\/dentist.ee\/sv\/wp-json\/wp\/v2\/types\/page"}],"author":[{"embeddable":true,"href":"https:\/\/dentist.ee\/sv\/wp-json\/wp\/v2\/users\/1"}],"replies":[{"embeddable":true,"href":"https:\/\/dentist.ee\/sv\/wp-json\/wp\/v2\/comments?post=1401"}],"version-history":[{"count":18,"href":"https:\/\/dentist.ee\/sv\/wp-json\/wp\/v2\/pages\/1401\/revisions"}],"predecessor-version":[{"id":2785,"href":"https:\/\/dentist.ee\/sv\/wp-json\/wp\/v2\/pages\/1401\/revisions\/2785"}],"up":[{"embeddable":true,"href":"https:\/\/dentist.ee\/sv\/wp-json\/wp\/v2\/pages\/29"}],"wp:featuredmedia":[{"embeddable":true,"href":"https:\/\/dentist.ee\/sv\/wp-json\/wp\/v2\/media\/2060"}],"wp:attachment":[{"href":"https:\/\/dentist.ee\/sv\/wp-json\/wp\/v2\/media?parent=1401"}],"curies":[{"name":"wp","href":"https:\/\/api.w.org\/{rel}","templated":true}]}}