{"id":2889,"date":"2023-10-16T14:29:55","date_gmt":"2023-10-16T14:29:55","guid":{"rendered":"https:\/\/dentist.ee\/?page_id=2889"},"modified":"2024-02-04T14:30:50","modified_gmt":"2024-02-04T14:30:50","slug":"suukirurgia","status":"publish","type":"page","link":"https:\/\/dentist.ee\/fi\/teenused-2\/suukirurgia\/","title":{"rendered":"Suukirurgia"},"content":{"rendered":"<div data-elementor-type=\"wp-page\" data-elementor-id=\"2889\" class=\"elementor elementor-2889\" data-elementor-post-type=\"page\">\n\t\t\t\t<div class=\"elementor-element elementor-element-f9b9b1d e-flex e-con-boxed e-con e-parent\" data-id=\"f9b9b1d\" data-element_type=\"container\" data-e-type=\"container\">\n\t\t\t\t\t<div class=\"e-con-inner\">\n\t\t\t\t<div class=\"elementor-element elementor-element-5c21542 elementor-widget elementor-widget-image\" data-id=\"5c21542\" data-element_type=\"widget\" data-e-type=\"widget\" data-widget_type=\"image.default\">\n\t\t\t\t<div class=\"elementor-widget-container\">\n\t\t\t\t\t\t\t\t\t\t\t\t\t\t\t<img decoding=\"async\" src=\"https:\/\/dentist.ee\/wp-content\/uploads\/elementor\/thumbs\/sergeizjuganov_ZJU_1582-copy-scaled-rinz9vkq9zrj6eqij5tufhr5w0hnlko0j5l8tf8y2w.jpg\" title=\"Hambaarsti assistent t\u00f6\u00f6kuulutus\" alt=\"Hambaarsti assistent t\u00f6\u00f6kuulutus\" loading=\"lazy\" \/>\t\t\t\t\t\t\t\t\t\t\t\t\t\t\t<\/div>\n\t\t\t\t<\/div>\n\t\t\t\t\t<\/div>\n\t\t\t\t<\/div>\n\t\t\t\t<section class=\"elementor-section elementor-top-section elementor-element elementor-element-6b8d9c57 elementor-reverse-mobile elementor-section-boxed elementor-section-height-default elementor-section-height-default\" data-id=\"6b8d9c57\" data-element_type=\"section\" data-e-type=\"section\">\n\t\t\t\t\t\t<div class=\"elementor-container elementor-column-gap-default\">\n\t\t\t\t\t<div class=\"elementor-column elementor-col-100 elementor-top-column elementor-element elementor-element-788701e8\" data-id=\"788701e8\" data-element_type=\"column\" data-e-type=\"column\" data-settings=\"{&quot;background_background&quot;:&quot;classic&quot;}\">\n\t\t\t<div class=\"elementor-widget-wrap elementor-element-populated\">\n\t\t\t\t\t\t<div class=\"elementor-element elementor-element-64073700 elementor-widget elementor-widget-text-editor\" data-id=\"64073700\" data-element_type=\"widget\" data-e-type=\"widget\" data-widget_type=\"text-editor.default\">\n\t\t\t\t<div class=\"elementor-widget-container\">\n\t\t\t\t\t\t\t\t\t<h1><b>Mis on suukirurgia<\/b><\/h1>\n<div><b>&nbsp;<\/b><\/div>\n<p>Suukirurgia on hambaravi osa, mis tegeleb hammaste ja hambajuurte eemaldamise, pehmete kudede operatsioonide, juuretipul\u00f5ikuste ja implantaatide paigaldamisega.<\/p>\n<p>Suukirurgia protseduur v\u00f5ib sisaldada nii hammaste eemaldamist kui ka pisil\u00f5ikusi. Operatsioonile eelneb suu ja hammaste haiguste diagnoosimine ja vigastuste hindamine. L\u00f5pliku otsuse suukirurgia vajalikkuse kohta teeb arst.<\/p>\n<p>Hambakirurgia protseduur toimub enamasti paikse tuimestusega. S\u00f5ltuvalt vajadusest v\u00f5ib olla vaja protseduurid jaotada mitmele visiidile.<\/p>\n<p>Enne ja p\u00e4rast protseduuri jagame soovitusi, kuidas suuh\u00fcgieeni hoida ja haava hooldada, et taastumine l\u00e4heks kiiremini. Samuti oleme valmis vastama k\u00f5igile tekkivatele k\u00fcsimustele.<\/p>\n<p><\/p>\n<p><b>Kirurgiline hambaravi h\u00f5lmab j\u00e4rgmiseid teenuseid:<\/b><\/p>\n<ul style=\"font-size: 16px; background-color: #ffffff;\">\n<li style=\"font-size: 16px;\" aria-level=\"1\">hamba eemaldamine<\/li>\n<li style=\"font-size: 16px;\" aria-level=\"1\">hambajuure eemaldamine<\/li>\n<li style=\"font-size: 16px;\" aria-level=\"1\">tarkusehamba eemaldus<\/li>\n<li style=\"font-size: 16px;\" aria-level=\"1\">peetunud hamba eemaldamine<\/li>\n<li style=\"font-size: 16px;\" aria-level=\"1\">huulekida\/keelekida plastika<\/li>\n<li style=\"font-size: 16px;\" aria-level=\"1\">igemeplastika<\/li>\n<li style=\"font-size: 16px;\" aria-level=\"1\">pehmete kudede operatsioonid<\/li>\n<li style=\"font-size: 16px;\" aria-level=\"1\">juuretipul\u00f5ikus<\/li>\n<li style=\"font-size: 16px;\" aria-level=\"1\">luu augmentatsioon<\/li>\n<li style=\"font-size: 16px;\" aria-level=\"1\">implantaatide paigaldus<\/li>\n<\/ul>\n<p><span style=\"font-weight: 400;\">&nbsp;<\/span><\/p>\n<div>&nbsp;<\/div>\n<h2 style=\"font-family: 'Poppins self host', sans-serif; color: #33627a;\"><span style=\"font-weight: bolder;\">Hambakirurgia<\/span><span style=\"font-weight: bolder;\">&nbsp;Kristina Kiisa Hambaravi kliinikus<\/span><\/h2>\n<div>\n<p>Hambakirurgia protseduur toimub enamasti paikse tuimestusega. S\u00f5ltuvalt vajadusest v\u00f5ib olla vaja protseduurid jaotada mitmele visiidile.<\/p>\n<p>Enne ja p\u00e4rast protseduuri jagame soovitusi, kuidas suuh\u00fcgieeni hoida ja haava hooldada, et taastumine l\u00e4heks kiiremini. Samuti oleme valmis vastama k\u00f5igile tekkivatele k\u00fcsimustele.<\/p>\n<p>Suukirurgia hambaravikabinetis me ei tegele l\u00f5ualuude traumade, vigastuste, kasvajate jms raviga. Selliste probleemidega soovitame p\u00f6\u00f6rduda n\u00e4o-ja l\u00f5ualuukirurgia osakonda PERHis.<\/p>\n<p><\/p>\n<\/div>\n<h2><font face=\"inherit\"><span style=\"font-size: 2rem; background-color: rgb(255, 255, 255);\"><a href=\"https:\/\/dentist.ee\/fi\/teenused\/broneerimine\/\">Broneeri visiit<\/a><\/span><\/font><\/h2>\n<p><font face=\"var( --e-global-typography-text-font-family ), Sans-serif\"><span style=\"background-color: rgb(255, 255, 255); font-size: 1rem; font-weight: var( --e-global-typography-text-font-weight );\"><a href=\"https:\/\/dentist.ee\/fi\/teenused\/broneerimine\/\">Varata tapaaminen<\/a><\/span><\/font>, helista&nbsp;<span style=\"font-weight: bold;\">+372 616 4500<\/span>&nbsp;v\u00f5i kirjuta&nbsp;<a style=\"background-color: #ffffff; font-family: var( --e-global-typography-text-font-family ), Sans-serif; font-size: 1rem;\" href=\"https:\/\/dentist.ee\/fi\/kontakt\/\" target=\"_blank\" rel=\"noopener\">dentist@dentist.ee<\/a><\/p>\t\t\t\t\t\t\t\t<\/div>\n\t\t\t\t<\/div>\n\t\t\t\t<div class=\"elementor-element elementor-element-41dd7aa7 elementor-icon-list--layout-traditional elementor-list-item-link-full_width elementor-widget elementor-widget-icon-list\" data-id=\"41dd7aa7\" data-element_type=\"widget\" data-e-type=\"widget\" data-widget_type=\"icon-list.default\">\n\t\t\t\t<div class=\"elementor-widget-container\">\n\t\t\t\t\t\t\t<ul class=\"elementor-icon-list-items\">\n\t\t\t\t\t\t\t<li class=\"elementor-icon-list-item\">\n\t\t\t\t\t\t\t\t\t\t\t<a href=\"tel:+3726164500\">\n\n\t\t\t\t\t\t\t\t\t\t\t\t<span class=\"elementor-icon-list-icon\">\n\t\t\t\t\t\t\t<i aria-hidden=\"true\" class=\"fas fa-phone-alt\"><\/i>\t\t\t\t\t\t<\/span>\n\t\t\t\t\t\t\t\t\t\t<span class=\"elementor-icon-list-text\">+3726164500<\/span>\n\t\t\t\t\t\t\t\t\t\t\t<\/a>\n\t\t\t\t\t\t\t\t\t<\/li>\n\t\t\t\t\t\t\t\t<li class=\"elementor-icon-list-item\">\n\t\t\t\t\t\t\t\t\t\t\t<a href=\"mailto:dentist@dentist.ee\">\n\n\t\t\t\t\t\t\t\t\t\t\t\t<span class=\"elementor-icon-list-icon\">\n\t\t\t\t\t\t\t<i aria-hidden=\"true\" class=\"fas fa-envelope\"><\/i>\t\t\t\t\t\t<\/span>\n\t\t\t\t\t\t\t\t\t\t<span class=\"elementor-icon-list-text\">dentist@dentist.ee<\/span>\n\t\t\t\t\t\t\t\t\t\t\t<\/a>\n\t\t\t\t\t\t\t\t\t<\/li>\n\t\t\t\t\t\t<\/ul>\n\t\t\t\t\t\t<\/div>\n\t\t\t\t<\/div>\n\t\t\t\t\t<\/div>\n\t\t<\/div>\n\t\t\t\t\t<\/div>\n\t\t<\/section>\n\t\t\t\t<\/div>","protected":false},"excerpt":{"rendered":"<p>Mis on suukirurgia &nbsp; Suukirurgia on hambaravi osa, mis tegeleb hammaste ja hambajuurte eemaldamise, pehmete kudede operatsioonide, juuretipul\u00f5ikuste ja implantaatide paigaldamisega. Suukirurgia protseduur v\u00f5ib sisaldada nii hammaste eemaldamist kui ka pisil\u00f5ikusi. Operatsioonile eelneb suu ja hammaste haiguste diagnoosimine ja vigastuste hindamine. L\u00f5pliku otsuse suukirurgia vajalikkuse kohta teeb arst. Hambakirurgia protseduur toimub enamasti paikse tuimestusega. S\u00f5ltuvalt [&hellip;]<\/p>\n","protected":false},"author":9,"featured_media":2062,"parent":29,"menu_order":6,"comment_status":"closed","ping_status":"closed","template":"","meta":{"footnotes":""},"class_list":["post-2889","page","type-page","status-publish","has-post-thumbnail","hentry"],"_links":{"self":[{"href":"https:\/\/dentist.ee\/fi\/wp-json\/wp\/v2\/pages\/2889","targetHints":{"allow":["GET"]}}],"collection":[{"href":"https:\/\/dentist.ee\/fi\/wp-json\/wp\/v2\/pages"}],"about":[{"href":"https:\/\/dentist.ee\/fi\/wp-json\/wp\/v2\/types\/page"}],"author":[{"embeddable":true,"href":"https:\/\/dentist.ee\/fi\/wp-json\/wp\/v2\/users\/9"}],"replies":[{"embeddable":true,"href":"https:\/\/dentist.ee\/fi\/wp-json\/wp\/v2\/comments?post=2889"}],"version-history":[{"count":25,"href":"https:\/\/dentist.ee\/fi\/wp-json\/wp\/v2\/pages\/2889\/revisions"}],"predecessor-version":[{"id":3003,"href":"https:\/\/dentist.ee\/fi\/wp-json\/wp\/v2\/pages\/2889\/revisions\/3003"}],"up":[{"embeddable":true,"href":"https:\/\/dentist.ee\/fi\/wp-json\/wp\/v2\/pages\/29"}],"wp:featuredmedia":[{"embeddable":true,"href":"https:\/\/dentist.ee\/fi\/wp-json\/wp\/v2\/media\/2062"}],"wp:attachment":[{"href":"https:\/\/dentist.ee\/fi\/wp-json\/wp\/v2\/media?parent=2889"}],"curies":[{"name":"wp","href":"https:\/\/api.w.org\/{rel}","templated":true}]}}