{"id":241,"date":"2022-04-19T16:35:33","date_gmt":"2022-04-19T16:35:33","guid":{"rendered":"https:\/\/dentist.ee\/?post_type=teenus&#038;p=241"},"modified":"2023-09-29T13:16:05","modified_gmt":"2023-09-29T13:16:05","slug":"hambaproteesid","status":"publish","type":"page","link":"https:\/\/dentist.ee\/fi\/teenused-2\/hambaproteesid\/","title":{"rendered":"Tekohampaat"},"content":{"rendered":"<div data-elementor-type=\"wp-page\" data-elementor-id=\"241\" class=\"elementor elementor-241\" data-elementor-post-type=\"page\">\n\t\t\t\t<div class=\"elementor-element elementor-element-e78abb2 e-flex e-con-boxed e-con e-parent\" data-id=\"e78abb2\" data-element_type=\"container\" data-e-type=\"container\">\n\t\t\t\t\t<div class=\"e-con-inner\">\n\t\t\t\t<div class=\"elementor-element elementor-element-3544fce elementor-widget elementor-widget-text-editor\" data-id=\"3544fce\" data-element_type=\"widget\" data-e-type=\"widget\" data-widget_type=\"text-editor.default\">\n\t\t\t\t<div class=\"elementor-widget-container\">\n\t\t\t\t\t\t\t\t\t<p><\/p>\n<p><strong>Puuttuvien hampaiden korjaaminen&nbsp;<\/strong><\/p>\n<p><\/p>\n<p><\/p>\n<p>Mit\u00e4 tapahtuu, jos puuttuvia hampaita ei korjata?&nbsp;<\/p><p><a href=\"https:\/\/www.youtube.com\/watch?v=3s08kea6dU0\">Katso video<\/a> &nbsp;<\/p>\n<p><\/p>\n<p><\/p>\n<p><strong>Ei-irrotettavat hammasproteesit - hammaskruunut ja sillat&nbsp;<\/strong><\/p>\n<p><\/p>\n<p><\/p>\n<p>Jos hammasta ei voi en\u00e4\u00e4 korjata t\u00e4ytteill\u00e4, posliinikruunu on hyv\u00e4 ratkaisu. Puuttuva hammas voidaan korvata siltalla tai implantilla. Hammaskruunut ja sillat on sementoitu hampaisiin ja ne ovat materiaaliominaisuuksiltaan, ulkon\u00e4\u00f6lt\u00e4\u00e4n ja toiminnaltaan samanlaisia \u200b\u200bkuin oikea hammas.<\/p>\n<p><\/p>\n<p><\/p>\n<p>Hammaskruunua suositellaan hampaan murtuman, suuren t\u00e4ytteen tai hampaan kosmeettisen ulkon\u00e4\u00f6n vuoksi. Posliinikruunut ja vaneri valmistetaan my\u00f6s parantamaan hampaiden esteettist\u00e4 ulkon\u00e4k\u00f6\u00e4 ja muotoilemaan kaunista hymy\u00e4 ja niit\u00e4 kutsutaan kosmeettiseksi hammasl\u00e4\u00e4ketiedeeksi.<\/p>\n<p><\/p>\n<p><\/p>\n<p><a href=\"https:\/\/www.youtube.com\/watch?time_continue=2&amp;v=SkV4XpmqId4\">Posliiniviilu video<\/a><\/p>\n<p><\/p>\n<p><\/p>\n<p><a href=\"https:\/\/www.youtube.com\/watch?v=J6lPwPE7BOc\">Kruunun sijoitusvideo<\/a><\/p>\n<p><\/p>\n<p><\/p>\n<p><a href=\"https:\/\/www.youtube.com\/watch?v=o6Gw6vU9gsw\">Posliinisilta video<\/a><\/p>\n<p><\/p>\n<p><\/p>\n<p><strong>3D-hammaskruunut<\/strong><\/p>\n<p><\/p>\n<p><\/p>\n<p><a href=\"https:\/\/www.dentsplysirona.com\/en-us\/discover\/discover-by-category\/cad-cam\/cerec.html\">Sirona Cerec 3D CAD\/CAM<\/a> s\u00fcsteem v\u00f5imaldab teha hambale krooni \u00fchel visiidil ehk 1,5 tunniga. Sellise hambakrooni t\u00e4psus suurem ja maksumus&nbsp; veidi odavam kui hambatehniku laboris tehtud kroonil.&nbsp;<\/p>\n<p><\/p>\n<p><\/p>\n<p><a href=\"https:\/\/youtube.com\/watch?v=-6qqvlJdMjo&amp;ab_channel=RamonaFamilyDentistry\" target=\"_blank\" rel=\"noreferrer noopener\">3D-kruunun valmistusvideo<\/a><\/p>\n<p><\/p>\n<p><\/p>\n<p><strong>Irrotettavat hammasproteesit&nbsp;<\/strong><\/p>\n<p><\/p>\n<p><\/p>\n<p>T\u00e4ydelliset tai osittaiset hammasproteesit voivat korvata puuttuvat hampaasi ja antaa sinulle itseluottamusta hymyill\u00e4. Hammasproteesilla voidaan korvata trauman, reikiintymisen tai iensairauksien vuoksi menetetyt hampaat. Puuttuvien hampaiden korvaaminen on t\u00e4rke\u00e4\u00e4, ei vain siksi, ett\u00e4 hampaat auttavat ruoan sy\u00f6misess\u00e4, vaan koska ne auttavat tukemaan kasvojen lihaksia ja ovat t\u00e4rkeit\u00e4 puheen kannalta.<\/p>\n<p><\/p>\n<p><\/p>\n<p><strong>T\u00e4ydelliset hammasproteesit<\/strong><\/p>\n<p><\/p>\n<p><\/p>\n<p>Irrotettavia t\u00e4ydellisi\u00e4 proteeseja on kahta eri tyyppi\u00e4; v\u00e4lit\u00f6nt\u00e4 ja tavanomaista. V\u00e4litt\u00f6m\u00e4t hammasproteesit tehd\u00e4\u00e4n tyypillisesti silloin, kun potilaan olemassa olevat luonnolliset hampaat poistetaan ja uudet hammasproteesit toimitetaan poistop\u00e4iv\u00e4n\u00e4.<\/p>\n<p><\/p>\n<p><\/p>\n<p><strong>Osittainen hammasproteesi<\/strong><\/p>\n<p><\/p>\n<p><\/p>\n<p>Osittainen hammasproteesi on irrotettava hammashoitolaite, joka korvaa useita puuttuvia hampaita. Se voidaan kiinnitt\u00e4\u00e4 hampaisiin hampailla, jotka ovat kuin pieni\u00e4 metallisia \"c\"-kiristimi\u00e4, jotka syleilev\u00e4t l\u00e4hell\u00e4 olevia hampaita, tai voidaan kiinnitt\u00e4\u00e4 hampaisiin tarkkuuskiinnikkeill\u00e4 (piilotetut hampaat) kruunuilla. Molemmissa tyypeiss\u00e4 on tyypillisesti metallirunko ja muoviset hampaat ja ienalueet. V\u00e4liaikaisessa osittaisessa hammashoidossa voi olla muovinen pohja, jossa ei ole metallia.&nbsp;<\/p>\n<p><\/p>\n<p><\/p>\n<p>Valmistamme my\u00f6s pehmeit\u00e4 osittaisia \u200b\u200bproteeseja, jotka ovat joustavampia kuin tavalliset muoviproteesit, jotka sopivat potilaille, joilla on vain muutamia hampaita.<\/p>\n<p><\/p>\n<p><\/p>\n<figure class=\"wp-block-image alignleft\"><img decoding=\"async\" class=\"wp-image-2323\" src=\"https:\/\/dentist.ee\/wp-content\/uploads\/4-implants-and-prosthesis-picture-2-500x163.png\" alt=\"\"><span style=\"color: var( --e-global-color-text ); font-family: var( --e-global-typography-text-font-family ), Sans-serif; font-weight: var( --e-global-typography-text-font-weight ); text-align: var(--text-align); font-size: 1rem;\">Implantteja voidaan sijoittaa tukemaan ja kiinnitt\u00e4m\u00e4\u00e4n proteesia.<\/span><\/figure>\n<p><\/p>\n<p><\/p>\n<p><strong>Hammasimplantit&nbsp;<\/strong><\/p>\n<p><\/p>\n<p><\/p>\n<p>Hammasimplantit ovat vaihtoehto joissain tapauksissa. Luua tulee olla riitt\u00e4v\u00e4sti implanttia varten. Jos luuta ei ole tarpeeksi, voimme ehk\u00e4 lis\u00e4t\u00e4 luuta siirt\u00e4m\u00e4ll\u00e4.\n\nImplantit voivat korvata yhden puuttuvan hampaan, tukea siltaa tai irrotettavaa proteesia.<\/p>\n<p><\/p>\n<p><\/p>\n<p>Kun implantit on asetettu ja niit\u00e4 ymp\u00e4r\u00f6iv\u00e4n luun annetaan parantua, posliinihampaat kiinnitet\u00e4\u00e4n implantteihin. T\u00e4ss\u00e4 tapauksessa kolmen hampaan silta asetetaan kahden implantin p\u00e4\u00e4lle. T\u00e4m\u00e4 pysyy suussa ja sen voi poistaa vain hammasl\u00e4\u00e4k\u00e4ri, jos huolto on tarpeen<\/p>\n<p><\/p>\n<p><\/p>\n<p><a href=\"https:\/\/dentist.ee\/fi\/hambaraviteenused\/hambaimplantaadid\/\">Rohkem informatsiooni implantaatide kohta meie kodulehel&nbsp;<\/a><\/p>\n<p><\/p>\n<p><\/p>\n<p><a href=\"https:\/\/www.youtube.com\/watch?v=gMycqoQrlBs\">implanttivideo<\/a> &nbsp;<\/p>\n<p><\/p>\t\t\t\t\t\t\t\t<\/div>\n\t\t\t\t<\/div>\n\t\t\t\t\t<\/div>\n\t\t\t\t<\/div>\n\t\t\t\t<\/div>","protected":false},"excerpt":{"rendered":"<p>Puuduvate hammaste taastamine&nbsp; Mis juhtub siis, kui puuduolevaid hambaid ei taastata?&nbsp; Vaata videod &nbsp; Mitte-eemaldatavad proteesid \u2013 hambakroonid ja -sillad&nbsp; Kui hammast ei saa enam t\u00e4idistega parandada on heaks lahenduseks portselankroon. Puuduvat hammast saab asendada silla v\u00f5i implantaadiga (vt.implantaadid). Hambakroonid ja sillad tsementeeritakse hammaste k\u00fclge ja need sarnanevad p\u00e4rishambale nii materjali omadustelt, v\u00e4ljan\u00e4gemiselt kui ka [&hellip;]<\/p>\n","protected":false},"author":4,"featured_media":2062,"parent":29,"menu_order":0,"comment_status":"closed","ping_status":"closed","template":"","meta":{"footnotes":""},"class_list":["post-241","page","type-page","status-publish","has-post-thumbnail","hentry"],"_links":{"self":[{"href":"https:\/\/dentist.ee\/fi\/wp-json\/wp\/v2\/pages\/241","targetHints":{"allow":["GET"]}}],"collection":[{"href":"https:\/\/dentist.ee\/fi\/wp-json\/wp\/v2\/pages"}],"about":[{"href":"https:\/\/dentist.ee\/fi\/wp-json\/wp\/v2\/types\/page"}],"author":[{"embeddable":true,"href":"https:\/\/dentist.ee\/fi\/wp-json\/wp\/v2\/users\/4"}],"replies":[{"embeddable":true,"href":"https:\/\/dentist.ee\/fi\/wp-json\/wp\/v2\/comments?post=241"}],"version-history":[{"count":10,"href":"https:\/\/dentist.ee\/fi\/wp-json\/wp\/v2\/pages\/241\/revisions"}],"predecessor-version":[{"id":2563,"href":"https:\/\/dentist.ee\/fi\/wp-json\/wp\/v2\/pages\/241\/revisions\/2563"}],"up":[{"embeddable":true,"href":"https:\/\/dentist.ee\/fi\/wp-json\/wp\/v2\/pages\/29"}],"wp:featuredmedia":[{"embeddable":true,"href":"https:\/\/dentist.ee\/fi\/wp-json\/wp\/v2\/media\/2062"}],"wp:attachment":[{"href":"https:\/\/dentist.ee\/fi\/wp-json\/wp\/v2\/media?parent=241"}],"curies":[{"name":"wp","href":"https:\/\/api.w.org\/{rel}","templated":true}]}}