{"id":2808,"date":"2023-10-11T20:53:33","date_gmt":"2023-10-11T20:53:33","guid":{"rendered":"https:\/\/dentist.ee\/?page_id=2808"},"modified":"2024-02-04T14:32:19","modified_gmt":"2024-02-04T14:32:19","slug":"hugieen","status":"publish","type":"page","link":"https:\/\/dentist.ee\/en\/services\/hugieen\/","title":{"rendered":"Hygiene and disease prevention"},"content":{"rendered":"<div data-elementor-type=\"wp-page\" data-elementor-id=\"2808\" class=\"elementor elementor-2808\" data-elementor-post-type=\"page\">\n\t\t\t\t<div class=\"elementor-element elementor-element-9532e31 e-flex e-con-boxed e-con e-parent\" data-id=\"9532e31\" data-element_type=\"container\" data-e-type=\"container\">\n\t\t\t\t\t<div class=\"e-con-inner\">\n\t\t\t\t<div class=\"elementor-element elementor-element-1b32b07 elementor-widget elementor-widget-image\" data-id=\"1b32b07\" data-element_type=\"widget\" data-e-type=\"widget\" data-widget_type=\"image.default\">\n\t\t\t\t<div class=\"elementor-widget-container\">\n\t\t\t\t\t\t\t\t\t\t\t\t\t\t\t<img fetchpriority=\"high\" decoding=\"async\" width=\"2048\" height=\"952\" src=\"https:\/\/dentist.ee\/wp-content\/uploads\/2024\/02\/How-to-Brush-Your-Teeth-Properly-Plus-5-More-Crucial-Dental-Care-Tips_upscaled-e1707056753660-2048x952.png\" class=\"attachment-2048x2048 size-2048x2048 wp-image-2972\" alt=\"\" srcset=\"https:\/\/dentist.ee\/wp-content\/uploads\/2024\/02\/How-to-Brush-Your-Teeth-Properly-Plus-5-More-Crucial-Dental-Care-Tips_upscaled-e1707056753660-2048x952.png 2048w, https:\/\/dentist.ee\/wp-content\/uploads\/2024\/02\/How-to-Brush-Your-Teeth-Properly-Plus-5-More-Crucial-Dental-Care-Tips_upscaled-e1707056753660-300x140.png 300w, https:\/\/dentist.ee\/wp-content\/uploads\/2024\/02\/How-to-Brush-Your-Teeth-Properly-Plus-5-More-Crucial-Dental-Care-Tips_upscaled-e1707056753660-1024x476.png 1024w, https:\/\/dentist.ee\/wp-content\/uploads\/2024\/02\/How-to-Brush-Your-Teeth-Properly-Plus-5-More-Crucial-Dental-Care-Tips_upscaled-e1707056753660-768x357.png 768w, https:\/\/dentist.ee\/wp-content\/uploads\/2024\/02\/How-to-Brush-Your-Teeth-Properly-Plus-5-More-Crucial-Dental-Care-Tips_upscaled-e1707056753660-1536x714.png 1536w, https:\/\/dentist.ee\/wp-content\/uploads\/2024\/02\/How-to-Brush-Your-Teeth-Properly-Plus-5-More-Crucial-Dental-Care-Tips_upscaled-e1707056753660-18x8.png 18w\" sizes=\"(max-width: 2048px) 100vw, 2048px\" \/>\t\t\t\t\t\t\t\t\t\t\t\t\t\t\t<\/div>\n\t\t\t\t<\/div>\n\t\t\t\t\t<\/div>\n\t\t\t\t<\/div>\n\t\t<div class=\"elementor-element elementor-element-ef27c27 e-flex e-con-boxed e-con e-parent\" data-id=\"ef27c27\" data-element_type=\"container\" data-e-type=\"container\">\n\t\t\t\t\t<div class=\"e-con-inner\">\n\t\t\t\t<div class=\"elementor-element elementor-element-4af4c32 elementor-widget elementor-widget-spacer\" data-id=\"4af4c32\" data-element_type=\"widget\" data-e-type=\"widget\" data-widget_type=\"spacer.default\">\n\t\t\t\t<div class=\"elementor-widget-container\">\n\t\t\t\t\t\t\t<div class=\"elementor-spacer\">\n\t\t\t<div class=\"elementor-spacer-inner\"><\/div>\n\t\t<\/div>\n\t\t\t\t\t\t<\/div>\n\t\t\t\t<\/div>\n\t\t\t\t\t<\/div>\n\t\t\t\t<\/div>\n\t\t\t\t<section class=\"elementor-section elementor-top-section elementor-element elementor-element-3200ef72 elementor-section-boxed elementor-section-height-default elementor-section-height-default\" data-id=\"3200ef72\" data-element_type=\"section\" data-e-type=\"section\">\n\t\t\t\t\t\t<div class=\"elementor-container elementor-column-gap-default\">\n\t\t\t\t\t<div class=\"elementor-column elementor-col-100 elementor-top-column elementor-element elementor-element-499d0f2f\" data-id=\"499d0f2f\" data-element_type=\"column\" data-e-type=\"column\">\n\t\t\t<div class=\"elementor-widget-wrap elementor-element-populated\">\n\t\t\t\t\t\t<div class=\"elementor-element elementor-element-5e8a9bd elementor-widget elementor-widget-text-editor\" data-id=\"5e8a9bd\" data-element_type=\"widget\" data-e-type=\"widget\" data-widget_type=\"text-editor.default\">\n\t\t\t\t<div class=\"elementor-widget-container\">\n\t\t\t\t\t\t\t\t\t<h2 style=\"font-family: 'Poppins self host', sans-serif; color: #33627a;\">Hygiene<\/h2>\n<div>&nbsp;<\/div>\n<p>We recommend to our patients to visit a dental hygienist to have their teeth cleaned at least once a year. The hygienist removes tartar, plaque and pigmentation from the teeth, teaches you hygiene techniques and gives recommendations.&nbsp;<\/p>\n<p>In our clinic, our hygienist uses the Swiss&nbsp;<a href=\"https:\/\/www.youtube.com\/watch?v=I7WokiboeF8\" target=\"_blank\" rel=\"noopener\">EMS AIRFLOW Prophylaxis Master<\/a>&nbsp;tooth cleaning equipment.&nbsp;<\/p>\n<p><br><\/p>\n<p><\/p>\n<h2>Why do you need to visit a dental hygienist?<\/h2>\n<div>&nbsp;<\/div>\n<div>\n<div>Deposits that build up on the teeth - tartar, plaque, etc. - contain bacteria that cause inflammation in the gums and lead to cavities, or caries.&nbsp;<\/div>\n<div>&nbsp;<\/div>\n<div>Gingivitis (gum disease) is preventable and treatable with proper dental care. If left untreated, gingivitis develops into periodontitis (also known as periodontal disease). Periodontal disease is an inflammation of the tissues that attach the teeth, which causes the teeth to loosen and can lead to tooth loss.&nbsp;<\/div>\n<div>&nbsp;<\/div>\n<div>The microbes that cause periodontitis affect the whole health and body and if left untreated can lead to inflammation in other organs, as the microbes can be spread around the body by the bloodstream. The most important task of treating periodontitis is to stop the inflammation process, i.e. to remove and reduce the pathogens.&nbsp;<\/div>\n<div>&nbsp;<\/div>\n<div>That is why it is essential to remove plaque and tartar from the gums and gum pockets. It is also important to keep the teeth healthy.<\/div>\n<\/div>\n<p><span style=\"font-weight: 400;\">&nbsp;<\/span><\/p>\n<h2><b><a href=\"https:\/\/dentist.ee\/en\/teenused\/broneerimine\/\">Book a visit<\/a><\/b><\/h2>\n<p><font face=\"var( --e-global-typography-text-font-family ), Sans-serif\"><span style=\"font-weight: var( --e-global-typography-text-font-weight ); background-color: rgb(255, 255, 255); font-size: 1rem;\"><a href=\"https:\/\/dentist.ee\/en\/teenused\/broneerimine\/\">Book an appointment<\/a><\/span><\/font>, call <b>+372 616 4500<\/b> or write us at&nbsp;<a style=\"font-family: var( --e-global-typography-text-font-family ), Sans-serif; background-color: #ffffff; font-size: 1rem;\" href=\"https:\/\/dentist.ee\/en\/kontakt\/\" target=\"_blank\" rel=\"noopener\">dentist@dentist.ee<\/a><\/p>\t\t\t\t\t\t\t\t<\/div>\n\t\t\t\t<\/div>\n\t\t\t\t\t<\/div>\n\t\t<\/div>\n\t\t\t\t\t<\/div>\n\t\t<\/section>\n\t\t\t\t<\/div>","protected":false},"excerpt":{"rendered":"<p>H\u00fcgieen &nbsp; Soovitame oma patsientidele v\u00e4hemalt kord aastas k\u00e4ia hambah\u00fcgienisti juures hambaid puhastamas. H\u00fcgienist eemaldab hammastelt hambakivi, hambakatu ja pigmentatsiooni ehk ladestused, mis ei pea seal olema ning \u00f5petab h\u00fcgieeniv\u00f5tteid ja jagab soovitusi.&nbsp; Meie kliinikus kasutab h\u00fcgienist \u0160veitsi&nbsp;EMS AIRFLOW Prophylaxis Master&nbsp;hambapuhastusseadet.&nbsp; Miks peab hambaid h\u00fcgienisti juures puhastama? &nbsp; Hammastele kogunevad ladestused \u2013 hambakivi, katt jne [&hellip;]<\/p>\n","protected":false},"author":9,"featured_media":2972,"parent":29,"menu_order":10,"comment_status":"closed","ping_status":"closed","template":"","meta":{"footnotes":""},"class_list":["post-2808","page","type-page","status-publish","has-post-thumbnail","hentry"],"_links":{"self":[{"href":"https:\/\/dentist.ee\/en\/wp-json\/wp\/v2\/pages\/2808","targetHints":{"allow":["GET"]}}],"collection":[{"href":"https:\/\/dentist.ee\/en\/wp-json\/wp\/v2\/pages"}],"about":[{"href":"https:\/\/dentist.ee\/en\/wp-json\/wp\/v2\/types\/page"}],"author":[{"embeddable":true,"href":"https:\/\/dentist.ee\/en\/wp-json\/wp\/v2\/users\/9"}],"replies":[{"embeddable":true,"href":"https:\/\/dentist.ee\/en\/wp-json\/wp\/v2\/comments?post=2808"}],"version-history":[{"count":39,"href":"https:\/\/dentist.ee\/en\/wp-json\/wp\/v2\/pages\/2808\/revisions"}],"predecessor-version":[{"id":2976,"href":"https:\/\/dentist.ee\/en\/wp-json\/wp\/v2\/pages\/2808\/revisions\/2976"}],"up":[{"embeddable":true,"href":"https:\/\/dentist.ee\/en\/wp-json\/wp\/v2\/pages\/29"}],"wp:featuredmedia":[{"embeddable":true,"href":"https:\/\/dentist.ee\/en\/wp-json\/wp\/v2\/media\/2972"}],"wp:attachment":[{"href":"https:\/\/dentist.ee\/en\/wp-json\/wp\/v2\/media?parent=2808"}],"curies":[{"name":"wp","href":"https:\/\/api.w.org\/{rel}","templated":true}]}}