{"id":241,"date":"2022-04-19T16:35:33","date_gmt":"2022-04-19T16:35:33","guid":{"rendered":"https:\/\/dentist.ee\/?post_type=teenus&#038;p=241"},"modified":"2023-09-29T13:16:05","modified_gmt":"2023-09-29T13:16:05","slug":"hambaproteesid","status":"publish","type":"page","link":"https:\/\/dentist.ee\/en\/services\/dental-prostheses-in-tallinn\/","title":{"rendered":"Dental prosthesis"},"content":{"rendered":"<div data-elementor-type=\"wp-page\" data-elementor-id=\"241\" class=\"elementor elementor-241\" data-elementor-post-type=\"page\">\n\t\t\t\t<div class=\"elementor-element elementor-element-e78abb2 e-flex e-con-boxed e-con e-parent\" data-id=\"e78abb2\" data-element_type=\"container\" data-e-type=\"container\">\n\t\t\t\t\t<div class=\"e-con-inner\">\n\t\t\t\t<div class=\"elementor-element elementor-element-3544fce elementor-widget elementor-widget-text-editor\" data-id=\"3544fce\" data-element_type=\"widget\" data-e-type=\"widget\" data-widget_type=\"text-editor.default\">\n\t\t\t\t<div class=\"elementor-widget-container\">\n\t\t\t\t\t\t\t\t\t<p><\/p>\n<p><strong>Restoration of missing teeth&nbsp;<\/strong><\/p>\n<p><\/p>\n<p><\/p>\n<p>What happens if the missing teeth are not restored?&nbsp;<\/p><p><a href=\"https:\/\/www.youtube.com\/watch?v=3s08kea6dU0\">See the video<\/a> &nbsp;<\/p>\n<p><\/p>\n<p><\/p>\n<p><strong>Non-removable dentures - dental crowns and bridges&nbsp;<\/strong><\/p>\n<p><\/p>\n<p><\/p>\n<p>If the tooth can no longer be repaired with fillings, a porcelain crown is a good solution. A missing tooth can be replaced with a bridge or implant. Dental crowns and bridges are cemented to the teeth and are similar to a real tooth in terms of material properties, appearance and function.<\/p>\n<p><\/p>\n<p><\/p>\n<p>Tooth crowns are advised for reasons such as tooth fracture, large cavities or to improve the cosmetic appearance of the tooth. Porcelain crowns and veneers are also done to improve the aesthetic appearance of teeth and to design a beautiful smile and are called cosmetic dentistry.<\/p>\n<p><\/p>\n<p><\/p>\n<p><a href=\"https:\/\/www.youtube.com\/watch?time_continue=2&amp;v=SkV4XpmqId4\">Porcelain veneer video<\/a><\/p>\n<p><\/p>\n<p><\/p>\n<p><a href=\"https:\/\/www.youtube.com\/watch?v=J6lPwPE7BOc\">Crown placement video<\/a><\/p>\n<p><\/p>\n<p><\/p>\n<p><a href=\"https:\/\/www.youtube.com\/watch?v=o6Gw6vU9gsw\">Porcelain bridge video<\/a><\/p>\n<p><\/p>\n<p><\/p>\n<p><strong>3D Dental Crowns<\/strong><\/p>\n<p><\/p>\n<p><\/p>\n<p><a href=\"https:\/\/www.dentsplysirona.com\/en-us\/discover\/discover-by-category\/cad-cam\/cerec.html\">Sirona Cerec 3D CAD\/CAM<\/a> system makes it possible to crown a tooth in a single visit, i.e. in 1.5 hours. The accuracy of such a crown is higher and the cost is slightly cheaper than a crown made in a dental technician's laboratory.&nbsp;<\/p>\n<p><\/p>\n<p><\/p>\n<p><a href=\"https:\/\/youtube.com\/watch?v=-6qqvlJdMjo&amp;ab_channel=RamonaFamilyDentistry\" target=\"_blank\" rel=\"noreferrer noopener\">3D crown manufacturing video<\/a><\/p>\n<p><\/p>\n<p><\/p>\n<p><strong>Removable dentures&nbsp;<\/strong><\/p>\n<p><\/p>\n<p><\/p>\n<p>Complete or partial dentures can replace your missing teeth and give you the confidence to smile. Dentures can be used to replace teeth that have been lost due to trauma, decay, or gum disease. It is important to replace missing teeth, not only because teeth help with eating food, but because they help support the facial muscles and are important for fixing speech disorders.<\/p>\n<p><\/p>\n<p><\/p>\n<p><strong>Full Dentures<\/strong><\/p>\n<p><\/p>\n<p><\/p>\n<p>There are two different types of removable full dentures - immediate and conventional. Immediate dentures are typically made when the patient\u2019s existing natural teeth are being removed and the new dentures are delivered the day of the extraction.<\/p>\n<p><\/p>\n<p><\/p>\n<p><strong>Partial Denture<\/strong><\/p>\n<p><\/p>\n<p><\/p>\n<p>A partial denture is a removable dental appliance that replaces multiple missing teeth. It can be attached to the teeth with clasps, which are like small metal \u201cc\u201d clamps that hug nearby teeth, or may be attached to teeth with crowns with precision attachments (hidden clasps). Both types typically have a metal framework and plastic teeth and gum areas. A temporary partial denture may have a plastic base with no metal.&nbsp;<\/p>\n<p><\/p>\n<p><\/p>\n<p>We also make soft partial dentures which are more flexible than regular plastic dentures, these are suitable for patients with only some missing teeth.<\/p>\n<p><\/p>\n<p><\/p>\n<figure class=\"wp-block-image alignleft\"><img decoding=\"async\" class=\"wp-image-2323\" src=\"https:\/\/dentist.ee\/wp-content\/uploads\/4-implants-and-prosthesis-picture-2-500x163.png\" alt=\"\"><span style=\"color: var( --e-global-color-text ); font-family: var( --e-global-typography-text-font-family ), Sans-serif; font-weight: var( --e-global-typography-text-font-weight ); text-align: var(--text-align); font-size: 1rem;\">Implants can be placed to support and secure the prosthesis.<\/span><\/figure>\n<p><\/p>\n<p><\/p>\n<p><strong>Dental Implants&nbsp;<\/strong><\/p>\n<p><\/p>\n<p><\/p>\n<p>Dental implants are an option in some cases. There needs to be sufficient bone for an implant. If there is not enough bone present, we may be able to add more bone through grafting.\n\nImplants can replace the single missing tooth, support a bridge or removable prosthesis.<\/p>\n<p><\/p>\n<p><\/p>\n<p>After the implants are placed and the bone around them is allowed to heal, porcelain teeth are attached to the implants. In this case, a three tooth bridge is placed on top of the two implants. This stays in the mouth and is only removable by a dental professional if maintenance is necessary<\/p>\n<p><\/p>\n<p><\/p>\n<p><a href=\"https:\/\/dentist.ee\/en\/hambaraviteenused\/hambaimplantaadid\/\">Please see the videos and read our Implant page for more information&nbsp;<\/a><\/p>\n<p><\/p>\n<p><\/p>\n<p><a href=\"https:\/\/www.youtube.com\/watch?v=gMycqoQrlBs\">Dental implant video<\/a> &nbsp;<\/p>\n<p><\/p>\t\t\t\t\t\t\t\t<\/div>\n\t\t\t\t<\/div>\n\t\t\t\t\t<\/div>\n\t\t\t\t<\/div>\n\t\t\t\t<\/div>","protected":false},"excerpt":{"rendered":"<p>Puuduvate hammaste taastamine&nbsp; Mis juhtub siis, kui puuduolevaid hambaid ei taastata?&nbsp; Vaata videod &nbsp; Mitte-eemaldatavad proteesid \u2013 hambakroonid ja -sillad&nbsp; Kui hammast ei saa enam t\u00e4idistega parandada on heaks lahenduseks portselankroon. Puuduvat hammast saab asendada silla v\u00f5i implantaadiga (vt.implantaadid). Hambakroonid ja sillad tsementeeritakse hammaste k\u00fclge ja need sarnanevad p\u00e4rishambale nii materjali omadustelt, v\u00e4ljan\u00e4gemiselt kui ka [&hellip;]<\/p>\n","protected":false},"author":4,"featured_media":2062,"parent":29,"menu_order":0,"comment_status":"closed","ping_status":"closed","template":"","meta":{"footnotes":""},"class_list":["post-241","page","type-page","status-publish","has-post-thumbnail","hentry"],"_links":{"self":[{"href":"https:\/\/dentist.ee\/en\/wp-json\/wp\/v2\/pages\/241","targetHints":{"allow":["GET"]}}],"collection":[{"href":"https:\/\/dentist.ee\/en\/wp-json\/wp\/v2\/pages"}],"about":[{"href":"https:\/\/dentist.ee\/en\/wp-json\/wp\/v2\/types\/page"}],"author":[{"embeddable":true,"href":"https:\/\/dentist.ee\/en\/wp-json\/wp\/v2\/users\/4"}],"replies":[{"embeddable":true,"href":"https:\/\/dentist.ee\/en\/wp-json\/wp\/v2\/comments?post=241"}],"version-history":[{"count":10,"href":"https:\/\/dentist.ee\/en\/wp-json\/wp\/v2\/pages\/241\/revisions"}],"predecessor-version":[{"id":2563,"href":"https:\/\/dentist.ee\/en\/wp-json\/wp\/v2\/pages\/241\/revisions\/2563"}],"up":[{"embeddable":true,"href":"https:\/\/dentist.ee\/en\/wp-json\/wp\/v2\/pages\/29"}],"wp:featuredmedia":[{"embeddable":true,"href":"https:\/\/dentist.ee\/en\/wp-json\/wp\/v2\/media\/2062"}],"wp:attachment":[{"href":"https:\/\/dentist.ee\/en\/wp-json\/wp\/v2\/media?parent=241"}],"curies":[{"name":"wp","href":"https:\/\/api.w.org\/{rel}","templated":true}]}}