{"id":239,"date":"2022-04-19T16:33:46","date_gmt":"2022-04-19T16:33:46","guid":{"rendered":"https:\/\/dentist.ee\/?post_type=teenus&#038;p=239"},"modified":"2023-09-29T12:16:41","modified_gmt":"2023-09-29T12:16:41","slug":"laiaulatuslik-hambaravi","status":"publish","type":"page","link":"https:\/\/dentist.ee\/en\/services\/extensive-dental-care\/","title":{"rendered":"Extensive dental care"},"content":{"rendered":"<div data-elementor-type=\"wp-page\" data-elementor-id=\"239\" class=\"elementor elementor-239\" data-elementor-post-type=\"page\">\n\t\t\t\t<div class=\"elementor-element elementor-element-3448451f e-flex e-con-boxed e-con e-parent\" data-id=\"3448451f\" data-element_type=\"container\" data-e-type=\"container\">\n\t\t\t\t\t<div class=\"e-con-inner\">\n\t\t\t\t<div class=\"elementor-element elementor-element-3b98ddcb elementor-widget elementor-widget-text-editor\" data-id=\"3b98ddcb\" data-element_type=\"widget\" data-e-type=\"widget\" data-widget_type=\"text-editor.default\">\n\t\t\t\t<div class=\"elementor-widget-container\">\n\t\t\t\t\t\t\t\t\t<p><\/p>\n<h3 class=\"wp-block-heading\">Extensive dental care<\/h3>\n<p><\/p>\n<p><\/p>\n<p>We listen to the patient's worries and wishes, take X-rays and assess the current condition of the teeth, based on which we draw up a treatment plan according to the patient's wishes<\/p>\n<p><\/p>\n<p><\/p>\n<p><strong>Restaurative dentistry \u2013 filling therapy<\/strong><\/p>\n<p><\/p>\n<p><\/p>\n<p>What is the cause of tooth breakdown and why is it necessary to restore them with fillings? The most common cause is tooth decay and its related complications, followed by dental trauma or replacement of an old filling.&nbsp;<\/p><p>Tooth decay can be diagnosed with X-rays even when the patient does not feel or know that the tooth is decaying. If we find a cavity and treatment is delayed for more than a few weeks, the tooth may begin to ache and thus require more complex and expensive root canal treatment.&nbsp;<\/p><p>Sometimes it is not possible to restore a tooth and the tooth has to be removed and replaced with an artificial tooth or implant. Teeth can be restored with different materials and in different ways, but left untreated, toothache is always the result.&nbsp;<\/p><p>In Estonia, white composite material is used for treating teeth, while amalgam fillings are banned in Estonia.&nbsp;<\/p><p><a href=\"https:\/\/www.youtube.com\/watch?v=ZLrI4ESfmck\">See the video<\/a><\/p>\n<p><\/p>\n<p><\/p>\n<p><strong>Root canal treatment<\/strong><\/p>\n<p><\/p>\n<p><\/p>\n<p>Endodontic treatment or root canal treatment is necessary when there is inflammation in the tooth socket or, more commonly known as the tooth tip. This inflammation can be caused by a number of things: infection from a deep untreated tooth socket, inflammation from dental treatment if the socket is too close to the tooth, a crack in the tooth and fracture of the tooth or root.&nbsp;<\/p><p>If root canal treatment is not carried out in such cases, the inflammation can spread to the jawbone and an abscess can develop.<br>Symptoms of periodontitis include pain, sensitivity to hot and cold, darkening of the tooth color, a sensation of tooth eruption, pain and swelling in the gum surrounding the tooth. Sometimes there are no symptoms.&nbsp;<\/p><p><a href=\"https:\/\/www.youtube.com\/watch?v=spBEblU5ZSM\">Root canal video<\/a><\/p>\n<p><\/p>\n<p><\/p>\n<p><strong>Periodontal treatment<\/strong><\/p>\n<p><\/p>\n<p><\/p>\n<p>If your gums bleed when you brush your teeth, if they are painful and if your mouth smells bad, you are likely to have gingivitis, which can develop into periodontitis if left untreated.<\/p><p><br>To stop the development of periodontal disease, it is important to have your teeth and gums cleaned daily, have tartar and plaque removed by a dentist or hygienist, have regular check-ups and, if necessary, surgical treatment and antibiotics. &nbsp;<\/p><p><a href=\"https:\/\/www.youtube.com\/watch?time_continue=2&amp;v=WuCMQy0Pl54\">See the video<\/a><\/p>\n<p><\/p>\t\t\t\t\t\t\t\t<\/div>\n\t\t\t\t<\/div>\n\t\t\t\t\t<\/div>\n\t\t\t\t<\/div>\n\t\t\t\t<\/div>","protected":false},"excerpt":{"rendered":"<p>Laiaulatuslik hambaravi kuulame \u00e4ra patsiendi mured ja soovid, teeme r\u00f6ntgenpildid ja hindame hammaste hetkeolukorda, millest l\u00e4htuvalt koostame patsiendi soovile vastava raviplaani Hammaste taastamine t\u00e4idistega \u2013 restauratiivne hambaravi Mis on hammaste lagunemise p\u00f5hjus ja miks on vaja neid t\u00e4idistega taastada? K\u00f5ige tavalisem p\u00f5hjus on hambakaaries ja selle t\u00fcsistused, j\u00e4rgnevateks p\u00f5hjusteks on hambatrauma v\u00f5i vana hambat\u00e4idise v\u00e4lja [&hellip;]<\/p>\n","protected":false},"author":4,"featured_media":852,"parent":29,"menu_order":0,"comment_status":"closed","ping_status":"closed","template":"","meta":{"footnotes":""},"class_list":["post-239","page","type-page","status-publish","has-post-thumbnail","hentry"],"_links":{"self":[{"href":"https:\/\/dentist.ee\/en\/wp-json\/wp\/v2\/pages\/239","targetHints":{"allow":["GET"]}}],"collection":[{"href":"https:\/\/dentist.ee\/en\/wp-json\/wp\/v2\/pages"}],"about":[{"href":"https:\/\/dentist.ee\/en\/wp-json\/wp\/v2\/types\/page"}],"author":[{"embeddable":true,"href":"https:\/\/dentist.ee\/en\/wp-json\/wp\/v2\/users\/4"}],"replies":[{"embeddable":true,"href":"https:\/\/dentist.ee\/en\/wp-json\/wp\/v2\/comments?post=239"}],"version-history":[{"count":4,"href":"https:\/\/dentist.ee\/en\/wp-json\/wp\/v2\/pages\/239\/revisions"}],"predecessor-version":[{"id":2554,"href":"https:\/\/dentist.ee\/en\/wp-json\/wp\/v2\/pages\/239\/revisions\/2554"}],"up":[{"embeddable":true,"href":"https:\/\/dentist.ee\/en\/wp-json\/wp\/v2\/pages\/29"}],"wp:featuredmedia":[{"embeddable":true,"href":"https:\/\/dentist.ee\/en\/wp-json\/wp\/v2\/media\/852"}],"wp:attachment":[{"href":"https:\/\/dentist.ee\/en\/wp-json\/wp\/v2\/media?parent=239"}],"curies":[{"name":"wp","href":"https:\/\/api.w.org\/{rel}","templated":true}]}}