{"id":1506,"date":"2022-10-10T17:38:38","date_gmt":"2022-10-10T17:38:38","guid":{"rendered":"https:\/\/dentist.ee\/?page_id=1506"},"modified":"2024-02-04T14:28:21","modified_gmt":"2024-02-04T14:28:21","slug":"implantaatide-paigaldus","status":"publish","type":"page","link":"https:\/\/dentist.ee\/en\/services\/dental-implants-in-tallinn\/implantaatide-paigaldus\/","title":{"rendered":"Dental Implants"},"content":{"rendered":"<div data-elementor-type=\"wp-page\" data-elementor-id=\"1506\" class=\"elementor elementor-1506\" data-elementor-post-type=\"page\">\n\t\t\t\t<div class=\"elementor-element elementor-element-551bad7 e-flex e-con-boxed e-con e-parent\" data-id=\"551bad7\" data-element_type=\"container\" data-e-type=\"container\">\n\t\t\t\t\t<div class=\"e-con-inner\">\n\t\t\t\t<div class=\"elementor-element elementor-element-050f2b0 elementor-widget elementor-widget-image\" data-id=\"050f2b0\" data-element_type=\"widget\" data-e-type=\"widget\" data-widget_type=\"image.default\">\n\t\t\t\t<div class=\"elementor-widget-container\">\n\t\t\t\t\t\t\t\t\t\t\t\t\t\t\t<img decoding=\"async\" src=\"https:\/\/dentist.ee\/wp-content\/uploads\/elementor\/thumbs\/sergeizjuganov_ZJU_1548-copy-scaled-rinz9vkotd8nxoygqkt4ouw57z404arxd8bsh6gqlw.jpg\" title=\"sergeizjuganov_ZJU_1548 copy\" alt=\"sergeizjuganov_ZJU_1548 copy\" loading=\"lazy\" \/>\t\t\t\t\t\t\t\t\t\t\t\t\t\t\t<\/div>\n\t\t\t\t<\/div>\n\t\t\t\t\t<\/div>\n\t\t\t\t<\/div>\n\t\t<div class=\"elementor-element elementor-element-465d1ce e-flex e-con-boxed e-con e-parent\" data-id=\"465d1ce\" data-element_type=\"container\" data-e-type=\"container\">\n\t\t\t\t\t<div class=\"e-con-inner\">\n\t\t\t\t<div class=\"elementor-element elementor-element-068c5e3 elementor-widget elementor-widget-spacer\" data-id=\"068c5e3\" data-element_type=\"widget\" data-e-type=\"widget\" data-widget_type=\"spacer.default\">\n\t\t\t\t<div class=\"elementor-widget-container\">\n\t\t\t\t\t\t\t<div class=\"elementor-spacer\">\n\t\t\t<div class=\"elementor-spacer-inner\"><\/div>\n\t\t<\/div>\n\t\t\t\t\t\t<\/div>\n\t\t\t\t<\/div>\n\t\t\t\t\t<\/div>\n\t\t\t\t<\/div>\n\t\t\t\t<section class=\"elementor-section elementor-top-section elementor-element elementor-element-4c6701f2 elementor-reverse-mobile elementor-section-boxed elementor-section-height-default elementor-section-height-default\" data-id=\"4c6701f2\" data-element_type=\"section\" data-e-type=\"section\">\n\t\t\t\t\t\t<div class=\"elementor-container elementor-column-gap-default\">\n\t\t\t\t\t<div class=\"elementor-column elementor-col-100 elementor-top-column elementor-element elementor-element-1cf3fa0c\" data-id=\"1cf3fa0c\" data-element_type=\"column\" data-e-type=\"column\" data-settings=\"{&quot;background_background&quot;:&quot;classic&quot;}\">\n\t\t\t<div class=\"elementor-widget-wrap elementor-element-populated\">\n\t\t\t\t\t\t<div class=\"elementor-element elementor-element-10a4fe80 elementor-widget elementor-widget-text-editor\" data-id=\"10a4fe80\" data-element_type=\"widget\" data-e-type=\"widget\" data-widget_type=\"text-editor.default\">\n\t\t\t\t<div class=\"elementor-widget-container\">\n\t\t\t\t\t\t\t\t\t<h2 style=\"font-family: &quot;Poppins self host&quot;, sans-serif; color: rgb(51, 98, 122);\"><span style=\"font-weight: 700;\">Implant placement<\/span><\/h2>\n<p><br><\/p>\n<p>Dental implant placement is the safest and most preferred way to replace damaged, missing or extracted teeth today. Compared to dentures, implants are more comfortable and seem like own natural teeth.&nbsp;<\/p>\n<p>Kristina Kiisa Dental Clinic is a good choice for implant placement we have more than 20 years of experience in implant placement.<\/p>\n<p>Both Swedish and Estonian colleagues refer their patients to our clinic for prosthetics and implants.<\/p>\n<p>We use the Swiss and German implants, such as&nbsp;<a href=\"https:\/\/www.straumann.com\/en\/patients.html\">Straumann<\/a>,&nbsp;<a href=\"https:\/\/medentis.com\/en\/\" target=\"_blank\" rel=\"noopener\">ICX&nbsp;<\/a>and&nbsp;<a href=\"https:\/\/assets.dentsplysirona.com\/websites\/implants-for-life\/PDF\/17668_Implants_for_life%20general_patient_brochure.pdf\">Dentsply Ankylos<\/a>.<\/p>\n<p><br><\/p>\n<p><\/p>\n<h2><b>The process of <\/b><b>implant placement<\/b><\/h2>\n<div><b><br><\/b><\/div>\n<p>Implants consist of a screw, usually made of titanium, which acts as a tooth root onto which a dental crown is attached. Implants are surgically placed and can be used to replace individual teeth or to secure a denture in case of partial or complete toothlessness (edentulism).&nbsp;<\/p>\n<p><span style=\"font-weight: 400;\">&nbsp;<\/span><\/p>\n<h2><b>What to expect <\/b><b>after implantation<\/b><\/h2>\n<div><b><br><\/b><\/div>\n<p>A dental implant is surgically placed in the jawbone and the procedure is performed under local anaesthesia.&nbsp;<\/p>\n<p>After implant placement , the healing or ossification period is usually 3-6 months before the teeth are attached to the implant. In a few cases, it is possible to have a new tooth fitted immediately after implant surgery.&nbsp;<\/p>\n<p>If necessary, a temporary prosthesis will be prepared for the healing period of the implant, which will not support the implant. We will always provide oral hygiene instructions after the operation.&nbsp;<\/p>\n<p>As the process of implantation is usually several months long, people are understandably frightened about what will happen to their smile. This is particularly a concern when it comes to replacing the front teeth.\nWhen front teeth implant can be fixed, we will fit a temporary crown. This way, you can keep smiling during treatment and don't have to hold your mouth tightly shut.<\/p>\n<p><span style=\"font-weight: 400;\">&nbsp;<\/span><\/p>\n<h2><a href=\"https:\/\/dentist.ee\/en\/teenused\/broneerimine\/\">Book a visit<\/a><\/h2>\n<div><font face=\"var( --e-global-typography-text-font-family ), Sans-serif\"><span style=\"background-color: rgb(255, 255, 255); font-size: 1rem; font-weight: var( --e-global-typography-text-font-weight );\"><a href=\"https:\/\/dentist.ee\/en\/teenused\/broneerimine\/\">Book an appointment<\/a><\/span><\/font>, call&nbsp;<span style=\"font-weight: 700;\">+372 616 4500<\/span>&nbsp;or write us at&nbsp;<a href=\"https:\/\/dentist.ee\/en\/kontakt\/\" target=\"_blank\" rel=\"noopener\" style=\"background-color: rgb(255, 255, 255); font-family: var( --e-global-typography-text-font-family ), Sans-serif; font-size: 1rem;\">dentist@dentist.ee<\/a><br><\/div>\t\t\t\t\t\t\t\t<\/div>\n\t\t\t\t<\/div>\n\t\t\t\t<div class=\"elementor-element elementor-element-545c8c42 elementor-icon-list--layout-traditional elementor-list-item-link-full_width elementor-widget elementor-widget-icon-list\" data-id=\"545c8c42\" data-element_type=\"widget\" data-e-type=\"widget\" data-widget_type=\"icon-list.default\">\n\t\t\t\t<div class=\"elementor-widget-container\">\n\t\t\t\t\t\t\t<ul class=\"elementor-icon-list-items\">\n\t\t\t\t\t\t\t<li class=\"elementor-icon-list-item\">\n\t\t\t\t\t\t\t\t\t\t\t<a href=\"tel:+3726164500\">\n\n\t\t\t\t\t\t\t\t\t\t\t\t<span class=\"elementor-icon-list-icon\">\n\t\t\t\t\t\t\t<i aria-hidden=\"true\" class=\"fas fa-phone-alt\"><\/i>\t\t\t\t\t\t<\/span>\n\t\t\t\t\t\t\t\t\t\t<span class=\"elementor-icon-list-text\">+3726164500<\/span>\n\t\t\t\t\t\t\t\t\t\t\t<\/a>\n\t\t\t\t\t\t\t\t\t<\/li>\n\t\t\t\t\t\t\t\t<li class=\"elementor-icon-list-item\">\n\t\t\t\t\t\t\t\t\t\t\t<a href=\"mailto:dentist@dentist.ee\">\n\n\t\t\t\t\t\t\t\t\t\t\t\t<span class=\"elementor-icon-list-icon\">\n\t\t\t\t\t\t\t<i aria-hidden=\"true\" class=\"fas fa-envelope\"><\/i>\t\t\t\t\t\t<\/span>\n\t\t\t\t\t\t\t\t\t\t<span class=\"elementor-icon-list-text\">dentist@dentist.ee<\/span>\n\t\t\t\t\t\t\t\t\t\t\t<\/a>\n\t\t\t\t\t\t\t\t\t<\/li>\n\t\t\t\t\t\t<\/ul>\n\t\t\t\t\t\t<\/div>\n\t\t\t\t<\/div>\n\t\t\t\t\t<\/div>\n\t\t<\/div>\n\t\t\t\t\t<\/div>\n\t\t<\/section>\n\t\t\t\t<\/div>","protected":false},"excerpt":{"rendered":"<p>Implantaatide paigaldamine Hambaimplantaatide paigaldamine on t\u00e4nap\u00e4eval k\u00f5ige ohutum ja eelistatum viis kahjustunud, puuduolevate v\u00f5i eemaldatud hammaste asendamiseks. V\u00f5rreldes proteesidega on implantaadid mugavamad, kaunimad ja tunduvad kui oma hambad.&nbsp; Kristina Kiisa Hambaravi kliinik on hea valik implantaatide paigaldamiseks, sest meil on kogemust enam kui 20-aastat kogemus ja sellealase hariduse on ta omandanud Skandinaavias ja Saksamaal. Meie [&hellip;]<\/p>\n","protected":false},"author":1,"featured_media":2060,"parent":240,"menu_order":7,"comment_status":"closed","ping_status":"closed","template":"","meta":{"footnotes":""},"class_list":["post-1506","page","type-page","status-publish","has-post-thumbnail","hentry"],"_links":{"self":[{"href":"https:\/\/dentist.ee\/en\/wp-json\/wp\/v2\/pages\/1506","targetHints":{"allow":["GET"]}}],"collection":[{"href":"https:\/\/dentist.ee\/en\/wp-json\/wp\/v2\/pages"}],"about":[{"href":"https:\/\/dentist.ee\/en\/wp-json\/wp\/v2\/types\/page"}],"author":[{"embeddable":true,"href":"https:\/\/dentist.ee\/en\/wp-json\/wp\/v2\/users\/1"}],"replies":[{"embeddable":true,"href":"https:\/\/dentist.ee\/en\/wp-json\/wp\/v2\/comments?post=1506"}],"version-history":[{"count":44,"href":"https:\/\/dentist.ee\/en\/wp-json\/wp\/v2\/pages\/1506\/revisions"}],"predecessor-version":[{"id":2988,"href":"https:\/\/dentist.ee\/en\/wp-json\/wp\/v2\/pages\/1506\/revisions\/2988"}],"up":[{"embeddable":true,"href":"https:\/\/dentist.ee\/en\/wp-json\/wp\/v2\/pages\/240"}],"wp:featuredmedia":[{"embeddable":true,"href":"https:\/\/dentist.ee\/en\/wp-json\/wp\/v2\/media\/2060"}],"wp:attachment":[{"href":"https:\/\/dentist.ee\/en\/wp-json\/wp\/v2\/media?parent=1506"}],"curies":[{"name":"wp","href":"https:\/\/api.w.org\/{rel}","templated":true}]}}