{"id":1427,"date":"2022-09-07T08:35:05","date_gmt":"2022-09-07T08:35:05","guid":{"rendered":"https:\/\/dentist.ee\/?page_id=1427"},"modified":"2024-02-04T14:27:57","modified_gmt":"2024-02-04T14:27:57","slug":"hambakroonid","status":"publish","type":"page","link":"https:\/\/dentist.ee\/en\/services\/hambakroonid\/","title":{"rendered":"Prosthetics"},"content":{"rendered":"<div data-elementor-type=\"wp-page\" data-elementor-id=\"1427\" class=\"elementor elementor-1427\" data-elementor-post-type=\"page\">\n\t\t\t\t<div class=\"elementor-element elementor-element-20abd2d e-flex e-con-boxed e-con e-parent\" data-id=\"20abd2d\" data-element_type=\"container\" data-e-type=\"container\">\n\t\t\t\t\t<div class=\"e-con-inner\">\n\t\t\t\t<div class=\"elementor-element elementor-element-9ce12d6 elementor-widget elementor-widget-image\" data-id=\"9ce12d6\" data-element_type=\"widget\" data-e-type=\"widget\" data-widget_type=\"image.default\">\n\t\t\t\t<div class=\"elementor-widget-container\">\n\t\t\t\t\t\t\t\t\t\t\t\t\t\t\t<img decoding=\"async\" src=\"https:\/\/dentist.ee\/wp-content\/uploads\/elementor\/thumbs\/sergeizjuganov_ZJU_1704-copy-scaled-rinz9wikfifnhpzza7s486hrsvmxdybf5ksgg68w14.jpg\" title=\"sergeizjuganov_ZJU_1704 copy\" alt=\"sergeizjuganov_ZJU_1704 copy\" loading=\"lazy\" \/>\t\t\t\t\t\t\t\t\t\t\t\t\t\t\t<\/div>\n\t\t\t\t<\/div>\n\t\t\t\t<div class=\"elementor-element elementor-element-6455d40 elementor-widget elementor-widget-text-editor\" data-id=\"6455d40\" data-element_type=\"widget\" data-e-type=\"widget\" data-widget_type=\"text-editor.default\">\n\t\t\t\t<div class=\"elementor-widget-container\">\n\t\t\t\t\t\t\t\t\t<p>\u00a0<\/p><p>\u00a0<\/p>\t\t\t\t\t\t\t\t<\/div>\n\t\t\t\t<\/div>\n\t\t\t\t\t<\/div>\n\t\t\t\t<\/div>\n\t\t\t\t<section class=\"elementor-section elementor-top-section elementor-element elementor-element-3024730f elementor-reverse-mobile elementor-section-boxed elementor-section-height-default elementor-section-height-default\" data-id=\"3024730f\" data-element_type=\"section\" data-e-type=\"section\">\n\t\t\t\t\t\t<div class=\"elementor-container elementor-column-gap-default\">\n\t\t\t\t\t<div class=\"elementor-column elementor-col-100 elementor-top-column elementor-element elementor-element-e3cf158\" data-id=\"e3cf158\" data-element_type=\"column\" data-e-type=\"column\" data-settings=\"{&quot;background_background&quot;:&quot;classic&quot;}\">\n\t\t\t<div class=\"elementor-widget-wrap elementor-element-populated\">\n\t\t\t\t\t\t<div class=\"elementor-element elementor-element-464e8d4d elementor-widget elementor-widget-text-editor\" data-id=\"464e8d4d\" data-element_type=\"widget\" data-e-type=\"widget\" data-widget_type=\"text-editor.default\">\n\t\t\t\t<div class=\"elementor-widget-container\">\n\t\t\t\t\t\t\t\t\t<h1><b>Dental crowns (porcelain crowns) and dental veneers<\/b><\/h1>\n<div><b>&nbsp;<\/b><\/div>\n<p>If it is not possible to fix the tooth or if you want to correct the teeth aesthetically, a dental crown (ceramic) is a good solution.&nbsp;<\/p>\n<p><span style=\"font-weight: 400;\">&nbsp;<\/span><\/p>\n<h2><b>What is <\/b><b>a dental crown<\/b><b> and what is it used for?<\/b><\/h2>\n<div><b>&nbsp;<\/b><\/div>\n<p>Dental crowns are increasingly being used as dentures for broken and extracted teeth, as well as for aesthetic purposes. Crowns are very similar to real teeth.&nbsp;<\/p>\n<p><span style=\"font-weight: 400;\">The crown\/tooth veneer is made of ceramic material (porcelain) and is cemented onto the tooth itself.<\/span><\/p>\n<p><span style=\"font-weight: 400;\">&nbsp;<\/span><\/p>\n<h2><b>In which cases is it advisable to have a crown fitted:<\/b><\/h2>\n<ul>\n<li><span style=\"font-weight: 400;\"> &nbsp; <\/span> <span style=\"font-weight: 400;\">The tooth can no longer be repaired with a filling<\/span><\/li>\n<li><span style=\"font-weight: 400;\"> &nbsp; <\/span> <span style=\"font-weight: 400;\">A tooth is broken or removed<\/span><\/li>\n<li><span style=\"font-weight: 400;\"> &nbsp; <\/span> <span style=\"font-weight: 400;\">You would like to correct the appearance of one or more teeth<\/span><\/li>\n<\/ul>\n<p><span style=\"font-weight: 400;\">&nbsp;<\/span><\/p>\n<p><span style=\"font-weight: 400;\">Porcelain crowns and veneers are also manufactured and installed to improve the aesthetic appearance of the teeth and design a beautiful smile. This is called cosmetic dentistry. In addition to crowns, the appearance of the teeth can also be corrected with dental veneers and a missing tooth can be replaced with a bridge or<\/span><a href=\"https:\/\/dentist.ee\/en\/teenused\/implantaadid\/\"> <span style=\"font-weight: 400;\">implant<\/span><\/a><span style=\"font-weight: 400;\">.<\/span><\/p>\n<p>Our dental clinic also uses high-quality and precise 3D dental crowns of the&nbsp;<a href=\"https:\/\/www.youtube.com\/watch?v=-6qqvlJdMjo&amp;ab_channel=RamonaFamilyDentistry\">Sirona Cerec 3D CAD\/CAM<\/a>&nbsp;system, which makes it possible to produce a crown for a tooth in about 1.5 hours. The rapidity of the procedure is also very important, which is appreciated by customers - the appearance of the tooth can be restored in just one visit.<\/p>\n<p>We also offer implant crowns and removable dentures.<\/p>\n<p><span style=\"font-weight: 400;\">&nbsp;<\/span><\/p>\n<h2><a href=\"https:\/\/dentist.ee\/en\/teenused\/broneerimine\/\">Book a visit<\/a><\/h2>\n<p><span style=\"font-size: 1rem; font-weight: var( --e-global-typography-text-font-weight );\"><a href=\"https:\/\/dentist.ee\/en\/teenused\/broneerimine\/\">Book an appointment<\/a><\/span>, call&nbsp;<span style=\"font-weight: 700;\">+372 616 4500<\/span>&nbsp;or write us at&nbsp;<a href=\"https:\/\/dentist.ee\/en\/kontakt\/\" target=\"_blank\" style=\"background-color: rgb(255, 255, 255); font-family: var( --e-global-typography-text-font-family ), Sans-serif; font-size: 1rem;\">dentist@dentist.ee<\/a><br><\/p>\t\t\t\t\t\t\t\t<\/div>\n\t\t\t\t<\/div>\n\t\t\t\t<div class=\"elementor-element elementor-element-8d0768f elementor-icon-list--layout-traditional elementor-list-item-link-full_width elementor-widget elementor-widget-icon-list\" data-id=\"8d0768f\" data-element_type=\"widget\" data-e-type=\"widget\" data-widget_type=\"icon-list.default\">\n\t\t\t\t<div class=\"elementor-widget-container\">\n\t\t\t\t\t\t\t<ul class=\"elementor-icon-list-items\">\n\t\t\t\t\t\t\t<li class=\"elementor-icon-list-item\">\n\t\t\t\t\t\t\t\t\t\t\t<a href=\"tel:+3726164500\">\n\n\t\t\t\t\t\t\t\t\t\t\t\t<span class=\"elementor-icon-list-icon\">\n\t\t\t\t\t\t\t<i aria-hidden=\"true\" class=\"fas fa-phone-alt\"><\/i>\t\t\t\t\t\t<\/span>\n\t\t\t\t\t\t\t\t\t\t<span class=\"elementor-icon-list-text\">+3726164500<\/span>\n\t\t\t\t\t\t\t\t\t\t\t<\/a>\n\t\t\t\t\t\t\t\t\t<\/li>\n\t\t\t\t\t\t\t\t<li class=\"elementor-icon-list-item\">\n\t\t\t\t\t\t\t\t\t\t\t<a href=\"mailto:dentist@dentist.ee\">\n\n\t\t\t\t\t\t\t\t\t\t\t\t<span class=\"elementor-icon-list-icon\">\n\t\t\t\t\t\t\t<i aria-hidden=\"true\" class=\"fas fa-envelope\"><\/i>\t\t\t\t\t\t<\/span>\n\t\t\t\t\t\t\t\t\t\t<span class=\"elementor-icon-list-text\">dentist@dentist.ee<\/span>\n\t\t\t\t\t\t\t\t\t\t\t<\/a>\n\t\t\t\t\t\t\t\t\t<\/li>\n\t\t\t\t\t\t<\/ul>\n\t\t\t\t\t\t<\/div>\n\t\t\t\t<\/div>\n\t\t\t\t\t<\/div>\n\t\t<\/div>\n\t\t\t\t\t<\/div>\n\t\t<\/section>\n\t\t\t\t<\/div>","protected":false},"excerpt":{"rendered":"<p>\u00a0 \u00a0 Hammaste laminaadid ja hambakroonid &nbsp; Kui hammast ei ole v\u00f5imalik parandada v\u00f5i sooviks on hambaid esteetiliselt korrigeerida, siis on heaks lahenduseks hambakroon. Meie hambaravi kliinikus on v\u00f5imalik hambakrooni paigaldamine erinevate materjalidega. Pakume ka 3D hambakroone. K\u00f5ige sobivama lahenduse lepime kokku esimesel hambaarsti visiidil.&nbsp; &nbsp; Mis on hambakroon ja milleks seda kasutatakse? &nbsp; Hambakroonid [&hellip;]<\/p>\n","protected":false},"author":1,"featured_media":2068,"parent":29,"menu_order":8,"comment_status":"closed","ping_status":"closed","template":"","meta":{"footnotes":""},"class_list":["post-1427","page","type-page","status-publish","has-post-thumbnail","hentry"],"_links":{"self":[{"href":"https:\/\/dentist.ee\/en\/wp-json\/wp\/v2\/pages\/1427","targetHints":{"allow":["GET"]}}],"collection":[{"href":"https:\/\/dentist.ee\/en\/wp-json\/wp\/v2\/pages"}],"about":[{"href":"https:\/\/dentist.ee\/en\/wp-json\/wp\/v2\/types\/page"}],"author":[{"embeddable":true,"href":"https:\/\/dentist.ee\/en\/wp-json\/wp\/v2\/users\/1"}],"replies":[{"embeddable":true,"href":"https:\/\/dentist.ee\/en\/wp-json\/wp\/v2\/comments?post=1427"}],"version-history":[{"count":50,"href":"https:\/\/dentist.ee\/en\/wp-json\/wp\/v2\/pages\/1427\/revisions"}],"predecessor-version":[{"id":2985,"href":"https:\/\/dentist.ee\/en\/wp-json\/wp\/v2\/pages\/1427\/revisions\/2985"}],"up":[{"embeddable":true,"href":"https:\/\/dentist.ee\/en\/wp-json\/wp\/v2\/pages\/29"}],"wp:featuredmedia":[{"embeddable":true,"href":"https:\/\/dentist.ee\/en\/wp-json\/wp\/v2\/media\/2068"}],"wp:attachment":[{"href":"https:\/\/dentist.ee\/en\/wp-json\/wp\/v2\/media?parent=1427"}],"curies":[{"name":"wp","href":"https:\/\/api.w.org\/{rel}","templated":true}]}}