{"id":1421,"date":"2022-09-07T08:34:04","date_gmt":"2022-09-07T08:34:04","guid":{"rendered":"https:\/\/dentist.ee\/?page_id=1421"},"modified":"2023-10-11T20:06:25","modified_gmt":"2023-10-11T20:06:25","slug":"igemepoletiku-ravi","status":"publish","type":"page","link":"https:\/\/dentist.ee\/en\/services\/igemeravi\/igemepoletiku-ravi\/","title":{"rendered":"Periodontal disease"},"content":{"rendered":"<div data-elementor-type=\"wp-page\" data-elementor-id=\"1421\" class=\"elementor elementor-1421\" data-elementor-post-type=\"page\">\n\t\t\t\t\t\t<section class=\"elementor-section elementor-top-section elementor-element elementor-element-515be5b1 elementor-reverse-mobile elementor-section-boxed elementor-section-height-default elementor-section-height-default\" data-id=\"515be5b1\" data-element_type=\"section\" data-e-type=\"section\">\n\t\t\t\t\t\t<div class=\"elementor-container elementor-column-gap-default\">\n\t\t\t\t\t<div class=\"elementor-column elementor-col-100 elementor-top-column elementor-element elementor-element-39ffe366\" data-id=\"39ffe366\" data-element_type=\"column\" data-e-type=\"column\" data-settings=\"{&quot;background_background&quot;:&quot;classic&quot;}\">\n\t\t\t<div class=\"elementor-widget-wrap elementor-element-populated\">\n\t\t\t\t\t\t<div class=\"elementor-element elementor-element-2b10a7b2 elementor-widget elementor-widget-text-editor\" data-id=\"2b10a7b2\" data-element_type=\"widget\" data-e-type=\"widget\" data-widget_type=\"text-editor.default\">\n\t\t\t\t<div class=\"elementor-widget-container\">\n\t\t\t\t\t\t\t\t\t<p><span style=\"font-weight: 400;\">Periodontitis is an inflammation that damages the tooth's attachment apparatus, causing teeth to loosen, which can lead to tooth loss. Periodontal disease definitely needs <\/span><span style=\"font-weight: 400;\">gum disease treatment<\/span><span style=\"font-weight: 400;\">. The microbes that cause periodontal disease affect your whole health and body. Untreated <\/span><span style=\"font-weight: 400;\">inflammation of the gums<\/span><span style=\"font-weight: 400;\"> can be dangerous and lead to inflammation in other organs, as microbes can be spread throughout the body by the bloodstream.<\/span><\/p>\n<p><span style=\"font-weight: 400;\">&nbsp;<\/span><\/p>\n<h2><b>How <\/b><b>gingivitis, or periodontal disease, develops<\/b><\/h2>\n<p><span style=\"font-weight: 400;\">Periodontal disease, or periodontitis, is caused by the formation of bacterial plaque in the gum pocket between the tooth and the gum. <\/span><span style=\"font-weight: 400;\">Inflammation of the gums<\/span><span style=\"font-weight: 400;\"> can also be caused by a combination of other factors, such as smoking, chronic diseases including diabetes and stress. Hereditary factors also play a role.<\/span><\/p>\n<p><span style=\"font-weight: 400;\">Long-standing and untreated <\/span><span style=\"font-weight: 400;\">periodontal disease<\/span><span style=\"font-weight: 400;\"> can eventually lead to tooth loss. You should definitely visit a dentist if you experience any pain, bleeding, redness or swelling of the gums. <\/span><span style=\"font-weight: 400;\">Periodontal disease<\/span><span style=\"font-weight: 400;\"> can also show up as a bad taste in the mouth or a vague tingling sensation.<\/span><\/p>\n<p><span style=\"font-weight: 400;\">&nbsp;<\/span><\/p>\n<h2><b>What is the treatment for gingivitis?<\/b><\/h2>\n<p><span style=\"font-weight: 400;\">The most important task of treating inflammation of the gums is to stop the inflammation process. It is not possible to restore the tissue completely. However, it is possible to remove plaque and tartar from the gums and gum pockets. It is also important that the teeth are healthy.<\/span><\/p>\n<p><span style=\"font-weight: 400;\">We fix teeth that have already started to move with a splint or, if this is not possible, we replace damaged teeth with implants.<\/span><\/p>\n<p><span style=\"font-weight: 400;\">It is certainly important to review oral hygiene. Smoking and other harmful habits should be avoided. Your dentist will give you more detailed instructions at your first visit.<\/span><\/p>\n<h2><a href=\"https:\/\/dentist.ee\/en\/broneerimine\/\" target=\"_blank\">Book a visit<\/a><br><\/h2>\n<p>Broneeri mugavalt siinsamas v\u00f5i helista +372 616 4500.<br><\/p>\t\t\t\t\t\t\t\t<\/div>\n\t\t\t\t<\/div>\n\t\t\t\t<div class=\"elementor-element elementor-element-34a32230 elementor-icon-list--layout-traditional elementor-list-item-link-full_width elementor-widget elementor-widget-icon-list\" data-id=\"34a32230\" data-element_type=\"widget\" data-e-type=\"widget\" data-widget_type=\"icon-list.default\">\n\t\t\t\t<div class=\"elementor-widget-container\">\n\t\t\t\t\t\t\t<ul class=\"elementor-icon-list-items\">\n\t\t\t\t\t\t\t<li class=\"elementor-icon-list-item\">\n\t\t\t\t\t\t\t\t\t\t\t<a href=\"tel:+3726164500\">\n\n\t\t\t\t\t\t\t\t\t\t\t\t<span class=\"elementor-icon-list-icon\">\n\t\t\t\t\t\t\t<i aria-hidden=\"true\" class=\"fas fa-phone-alt\"><\/i>\t\t\t\t\t\t<\/span>\n\t\t\t\t\t\t\t\t\t\t<span class=\"elementor-icon-list-text\">+3726164500<\/span>\n\t\t\t\t\t\t\t\t\t\t\t<\/a>\n\t\t\t\t\t\t\t\t\t<\/li>\n\t\t\t\t\t\t\t\t<li class=\"elementor-icon-list-item\">\n\t\t\t\t\t\t\t\t\t\t\t<a href=\"mailto:dentist@dentist.ee\">\n\n\t\t\t\t\t\t\t\t\t\t\t\t<span class=\"elementor-icon-list-icon\">\n\t\t\t\t\t\t\t<i aria-hidden=\"true\" class=\"fas fa-envelope\"><\/i>\t\t\t\t\t\t<\/span>\n\t\t\t\t\t\t\t\t\t\t<span class=\"elementor-icon-list-text\">dentist@dentist.ee<\/span>\n\t\t\t\t\t\t\t\t\t\t\t<\/a>\n\t\t\t\t\t\t\t\t\t<\/li>\n\t\t\t\t\t\t<\/ul>\n\t\t\t\t\t\t<\/div>\n\t\t\t\t<\/div>\n\t\t\t\t\t<\/div>\n\t\t<\/div>\n\t\t\t\t\t<\/div>\n\t\t<\/section>\n\t\t\t\t<\/div>","protected":false},"excerpt":{"rendered":"<p>Parodontiit on hamba kinnitusaparaati kahjustav p\u00f5letik, mille tagaj\u00e4rjel hakkavad hambad loksuma, mis omakorda v\u00f5ib viia hammaste kaotuseni. Parodontiit vajab kindlasti igemep\u00f5letiku ravi. Parodontiiti p\u00f5hjustavad mikroobid avaldavad m\u00f5ju kogu tervisele ja kehale. Ravimata j\u00e4\u00e4nud igemep\u00f5letik v\u00f5ib olla ohtlik ja kaasa tuua p\u00f5letiku teistes organites, sest mikroobid v\u00f5ivad vereringega kehas laiali liikuda. &nbsp; Kuidas tekib igemep\u00f5letik ehk [&hellip;]<\/p>\n","protected":false},"author":1,"featured_media":2068,"parent":1419,"menu_order":0,"comment_status":"closed","ping_status":"closed","template":"","meta":{"footnotes":""},"class_list":["post-1421","page","type-page","status-publish","has-post-thumbnail","hentry"],"_links":{"self":[{"href":"https:\/\/dentist.ee\/en\/wp-json\/wp\/v2\/pages\/1421","targetHints":{"allow":["GET"]}}],"collection":[{"href":"https:\/\/dentist.ee\/en\/wp-json\/wp\/v2\/pages"}],"about":[{"href":"https:\/\/dentist.ee\/en\/wp-json\/wp\/v2\/types\/page"}],"author":[{"embeddable":true,"href":"https:\/\/dentist.ee\/en\/wp-json\/wp\/v2\/users\/1"}],"replies":[{"embeddable":true,"href":"https:\/\/dentist.ee\/en\/wp-json\/wp\/v2\/comments?post=1421"}],"version-history":[{"count":12,"href":"https:\/\/dentist.ee\/en\/wp-json\/wp\/v2\/pages\/1421\/revisions"}],"predecessor-version":[{"id":2770,"href":"https:\/\/dentist.ee\/en\/wp-json\/wp\/v2\/pages\/1421\/revisions\/2770"}],"up":[{"embeddable":true,"href":"https:\/\/dentist.ee\/en\/wp-json\/wp\/v2\/pages\/1419"}],"wp:featuredmedia":[{"embeddable":true,"href":"https:\/\/dentist.ee\/en\/wp-json\/wp\/v2\/media\/2068"}],"wp:attachment":[{"href":"https:\/\/dentist.ee\/en\/wp-json\/wp\/v2\/media?parent=1421"}],"curies":[{"name":"wp","href":"https:\/\/api.w.org\/{rel}","templated":true}]}}