{"id":1414,"date":"2022-09-07T08:26:27","date_gmt":"2022-09-07T08:26:27","guid":{"rendered":"https:\/\/dentist.ee\/?page_id=1414"},"modified":"2023-10-11T21:12:38","modified_gmt":"2023-10-11T21:12:38","slug":"juuretipu-ravi","status":"publish","type":"page","link":"https:\/\/dentist.ee\/en\/services\/juureravi\/juuretipu-ravi\/","title":{"rendered":"Root tip treatment"},"content":{"rendered":"<div data-elementor-type=\"wp-page\" data-elementor-id=\"1414\" class=\"elementor elementor-1414\" data-elementor-post-type=\"page\">\n\t\t\t\t\t\t<section class=\"elementor-section elementor-top-section elementor-element elementor-element-225b2897 elementor-reverse-mobile elementor-section-boxed elementor-section-height-default elementor-section-height-default\" data-id=\"225b2897\" data-element_type=\"section\" data-e-type=\"section\">\n\t\t\t\t\t\t<div class=\"elementor-container elementor-column-gap-default\">\n\t\t\t\t\t<div class=\"elementor-column elementor-col-100 elementor-top-column elementor-element elementor-element-2e707dba\" data-id=\"2e707dba\" data-element_type=\"column\" data-e-type=\"column\" data-settings=\"{&quot;background_background&quot;:&quot;classic&quot;}\">\n\t\t\t<div class=\"elementor-widget-wrap elementor-element-populated\">\n\t\t\t\t\t\t<div class=\"elementor-element elementor-element-6de84726 elementor-widget elementor-widget-text-editor\" data-id=\"6de84726\" data-element_type=\"widget\" data-e-type=\"widget\" data-widget_type=\"text-editor.default\">\n\t\t\t\t<div class=\"elementor-widget-container\">\n\t\t\t\t\t\t\t\t\t<p><span style=\"font-weight: 400;\">If there is inflammation at the tip of the tooth, or if the tooth has been left untreated, it can develop into inflammation of the root canal. <\/span><span style=\"font-weight: 400;\">Root tip treatment<\/span><span style=\"font-weight: 400;\"> is particularly important for people with cardiovascular disease or artificial joints.<\/span><\/p>\n<p><span style=\"font-weight: 400;\">Good dental health affects the condition of the whole body. Root canal inflammation can be acute and painful, or chronic and painless, and can be detected by X-ray.<\/span><\/p>\n<p><span style=\"font-weight: 400;\">It's important to know that inflammation of the root tip needs treatment, whether it causes pain or not.<\/span><\/p>\n<p><span style=\"font-weight: 400;\">&nbsp;<\/span><\/p>\n<h2><b>What is <\/b><b>an inflammation of the root tip of the tooth<\/b><\/h2>\n<p><span style=\"font-weight: 400;\">Inflammation of the root tip of the tooth<\/span><span style=\"font-weight: 400;\"> occurs when the tooth root erodes and microbes penetrate through the apex of the tooth root into the tissues surrounding the tooth.<\/span><\/p>\n<p><span style=\"font-weight: 400;\">Acute root tip inflammation is characterized by severe pain, especially when eating or clenching the teeth. The pain can occur in one tooth or radiate to other teeth. Inflammation of the root tip can be accompanied by swollen gums and pus or abscess. Fever is also common.<\/span><\/p>\n<p><span style=\"font-weight: 400;\">Chronic inflammation of the root tip may progress without causing symptoms or may result in occasional pain. Chronic inflammation of the root tip is usually diagnosed with an X-ray, where the inflammation is clearly visible. A fistula may have formed on the gum, which occasionally exudes pus.<\/span><\/p>\n<p><\/p>\n<h2><b><br><\/b><\/h2><h2><b>Keep your teeth healthy<\/b><\/h2>\n<p><span style=\"font-weight: 400;\">As chronic periodontitis is not painful, it is important to visit your dentist regularly to detect and treat the inflammation quickly, before it starts to cause other symptoms.<\/span><\/p>\n<p><span style=\"font-weight: 400;\">At Kristina Kiisa Dental Clinic, we are focused on prevention of dental and gum disease, early diagnosis and high quality and professional dental care.<\/span><\/p>\n<p><span style=\"font-weight: 400;\">Our goal is for you to have healthy teeth. For best health, visit your dentist at least once a year and your hygienist every 6-8 months.<\/span><\/p>\n<p><\/p>\n<h2><br><\/h2><h2><b><a href=\"https:\/\/dentist.ee\/en\/broneerimine\/\">Book a visit<\/a><\/b><\/h2>\n<p>Broneeri mugavalt siinsamas v\u00f5i helista +372 616 4500.<br><\/p>\t\t\t\t\t\t\t\t<\/div>\n\t\t\t\t<\/div>\n\t\t\t\t<div class=\"elementor-element elementor-element-56c6c3ef elementor-icon-list--layout-traditional elementor-list-item-link-full_width elementor-widget elementor-widget-icon-list\" data-id=\"56c6c3ef\" data-element_type=\"widget\" data-e-type=\"widget\" data-widget_type=\"icon-list.default\">\n\t\t\t\t<div class=\"elementor-widget-container\">\n\t\t\t\t\t\t\t<ul class=\"elementor-icon-list-items\">\n\t\t\t\t\t\t\t<li class=\"elementor-icon-list-item\">\n\t\t\t\t\t\t\t\t\t\t\t<a href=\"tel:+3726164500\">\n\n\t\t\t\t\t\t\t\t\t\t\t\t<span class=\"elementor-icon-list-icon\">\n\t\t\t\t\t\t\t<i aria-hidden=\"true\" class=\"fas fa-phone-alt\"><\/i>\t\t\t\t\t\t<\/span>\n\t\t\t\t\t\t\t\t\t\t<span class=\"elementor-icon-list-text\">+3726164500<\/span>\n\t\t\t\t\t\t\t\t\t\t\t<\/a>\n\t\t\t\t\t\t\t\t\t<\/li>\n\t\t\t\t\t\t\t\t<li class=\"elementor-icon-list-item\">\n\t\t\t\t\t\t\t\t\t\t\t<a href=\"mailto:dentist@dentist.ee\">\n\n\t\t\t\t\t\t\t\t\t\t\t\t<span class=\"elementor-icon-list-icon\">\n\t\t\t\t\t\t\t<i aria-hidden=\"true\" class=\"fas fa-envelope\"><\/i>\t\t\t\t\t\t<\/span>\n\t\t\t\t\t\t\t\t\t\t<span class=\"elementor-icon-list-text\">dentist@dentist.ee<\/span>\n\t\t\t\t\t\t\t\t\t\t\t<\/a>\n\t\t\t\t\t\t\t\t\t<\/li>\n\t\t\t\t\t\t<\/ul>\n\t\t\t\t\t\t<\/div>\n\t\t\t\t<\/div>\n\t\t\t\t\t<\/div>\n\t\t<\/div>\n\t\t\t\t\t<\/div>\n\t\t<\/section>\n\t\t\t\t<\/div>","protected":false},"excerpt":{"rendered":"<p>Kui hamban\u00e4rvis on p\u00f5letik v\u00f5i hammas on j\u00e4\u00e4nud ravimata, v\u00f5ib sellest v\u00e4lja areneda juuretipu p\u00f5letik. Juuretipu ravi on eriti oluline inimestele, kes p\u00f5evad s\u00fcdame- ja veresoonkonnahaiguseid v\u00f5i kellel on kunstliigesed. Hammaste hea tervis m\u00f5jutab kogu keha seisundit. Juuretipup\u00f5letik v\u00f5ib olla \u00e4gedas faasis ja valulik v\u00f5i krooniline, mis valu ei tee ning avastatakse r\u00f6ntgen\u00fclesv\u00f5tte k\u00e4igus. Oluline [&hellip;]<\/p>\n","protected":false},"author":1,"featured_media":2067,"parent":1412,"menu_order":5,"comment_status":"closed","ping_status":"closed","template":"","meta":{"footnotes":""},"class_list":["post-1414","page","type-page","status-publish","has-post-thumbnail","hentry"],"_links":{"self":[{"href":"https:\/\/dentist.ee\/en\/wp-json\/wp\/v2\/pages\/1414","targetHints":{"allow":["GET"]}}],"collection":[{"href":"https:\/\/dentist.ee\/en\/wp-json\/wp\/v2\/pages"}],"about":[{"href":"https:\/\/dentist.ee\/en\/wp-json\/wp\/v2\/types\/page"}],"author":[{"embeddable":true,"href":"https:\/\/dentist.ee\/en\/wp-json\/wp\/v2\/users\/1"}],"replies":[{"embeddable":true,"href":"https:\/\/dentist.ee\/en\/wp-json\/wp\/v2\/comments?post=1414"}],"version-history":[{"count":12,"href":"https:\/\/dentist.ee\/en\/wp-json\/wp\/v2\/pages\/1414\/revisions"}],"predecessor-version":[{"id":2776,"href":"https:\/\/dentist.ee\/en\/wp-json\/wp\/v2\/pages\/1414\/revisions\/2776"}],"up":[{"embeddable":true,"href":"https:\/\/dentist.ee\/en\/wp-json\/wp\/v2\/pages\/1412"}],"wp:featuredmedia":[{"embeddable":true,"href":"https:\/\/dentist.ee\/en\/wp-json\/wp\/v2\/media\/2067"}],"wp:attachment":[{"href":"https:\/\/dentist.ee\/en\/wp-json\/wp\/v2\/media?parent=1414"}],"curies":[{"name":"wp","href":"https:\/\/api.w.org\/{rel}","templated":true}]}}