{"id":1412,"date":"2022-09-07T08:26:10","date_gmt":"2022-09-07T08:26:10","guid":{"rendered":"https:\/\/dentist.ee\/?page_id=1412"},"modified":"2024-02-04T14:27:41","modified_gmt":"2024-02-04T14:27:41","slug":"juureravi","status":"publish","type":"page","link":"https:\/\/dentist.ee\/en\/services\/juureravi\/","title":{"rendered":"Root canal treatment"},"content":{"rendered":"<div data-elementor-type=\"wp-page\" data-elementor-id=\"1412\" class=\"elementor elementor-1412\" data-elementor-post-type=\"page\">\n\t\t\t\t<div class=\"elementor-element elementor-element-86c4aae e-flex e-con-boxed e-con e-parent\" data-id=\"86c4aae\" data-element_type=\"container\" data-e-type=\"container\">\n\t\t\t\t\t<div class=\"e-con-inner\">\n\t\t\t\t<div class=\"elementor-element elementor-element-fa43edd elementor-widget elementor-widget-image\" data-id=\"fa43edd\" data-element_type=\"widget\" data-e-type=\"widget\" data-widget_type=\"image.default\">\n\t\t\t\t<div class=\"elementor-widget-container\">\n\t\t\t\t\t\t\t\t\t\t\t\t\t\t\t<img decoding=\"async\" src=\"https:\/\/dentist.ee\/wp-content\/uploads\/elementor\/thumbs\/sergeizjuganov_ZJU_1697-copy-scaled-rinz9vkq8oevl1n7c66pc2zbjydcbjzr5l30sk5rcc.jpg\" title=\"sergeizjuganov_ZJU_1697 copy\" alt=\"sergeizjuganov_ZJU_1697 copy\" loading=\"lazy\" \/>\t\t\t\t\t\t\t\t\t\t\t\t\t\t\t<\/div>\n\t\t\t\t<\/div>\n\t\t\t\t\t<\/div>\n\t\t\t\t<\/div>\n\t\t\t\t<section class=\"elementor-section elementor-top-section elementor-element elementor-element-2564a45d elementor-reverse-mobile elementor-section-boxed elementor-section-height-default elementor-section-height-default\" data-id=\"2564a45d\" data-element_type=\"section\" data-e-type=\"section\">\n\t\t\t\t\t\t<div class=\"elementor-container elementor-column-gap-default\">\n\t\t\t\t\t<div class=\"elementor-column elementor-col-100 elementor-top-column elementor-element elementor-element-4e4b04ed\" data-id=\"4e4b04ed\" data-element_type=\"column\" data-e-type=\"column\" data-settings=\"{&quot;background_background&quot;:&quot;classic&quot;}\">\n\t\t\t<div class=\"elementor-widget-wrap elementor-element-populated\">\n\t\t\t\t\t\t<div class=\"elementor-element elementor-element-9e0503f elementor-widget elementor-widget-spacer\" data-id=\"9e0503f\" data-element_type=\"widget\" data-e-type=\"widget\" data-widget_type=\"spacer.default\">\n\t\t\t\t<div class=\"elementor-widget-container\">\n\t\t\t\t\t\t\t<div class=\"elementor-spacer\">\n\t\t\t<div class=\"elementor-spacer-inner\"><\/div>\n\t\t<\/div>\n\t\t\t\t\t\t<\/div>\n\t\t\t\t<\/div>\n\t\t\t\t<div class=\"elementor-element elementor-element-5251ae1e elementor-widget elementor-widget-text-editor\" data-id=\"5251ae1e\" data-element_type=\"widget\" data-e-type=\"widget\" data-widget_type=\"text-editor.default\">\n\t\t\t\t<div class=\"elementor-widget-container\">\n\t\t\t\t\t\t\t\t\t<h1><b>Root canal treatment under a microscope<\/b><\/h1>\n<div><b><br><\/b><\/div>\n<p>Endodontic treatment, or root canal treatment, is a procedure that needs to be done when inflammation has occurred in the tooth cavity. During root canal treatment, the root canal is cleaned and filled with filling material. Treatment helps prevent the spread of inflammation and preserve your teeth. In our clinic, root canal treatment is performed by Dr. Robert Boyd.<\/p>\n<p><span style=\"font-weight: 400;\">&nbsp;<\/span><\/p>\n<h2><b>What are the <\/b><b>root canal treatment<\/b><b> indications?<\/b><\/h2>\n<div><b><br><\/b><\/div>\n<p>Symptoms of root canal inflammation include pain, sensitivity of the tooth to heat and cold, darkening of the color of the tooth, sensation of the tooth being higher than the neighbouring ones, pain and swelling in the gum bordering the tooth. Sometimes a root canal may be necessary even if there are no symptoms.&nbsp;<\/p>\n<p>Inflammation of the tooth cavity, or tooth nerve, is most often caused by untreated cavities, which is why it is important to visit the dentist regularly, even if there are no symptoms. Inflammation can also be caused by a tooth or root fracture or a crack in the tooth.&nbsp;<\/p>\n<p>The main goal of root canal treatment is to prevent the spread of inflammation. If the root treatment is not performed, the inflammation may spread to the jaw and an abscess may form.<br><\/p>\n<p><span style=\"font-weight: 400;\"><br><\/span><\/p>\n<p><\/p>\n<h2><b>What <\/b><b>tooth root canal treatment<\/b><b> looks like<\/b><\/h2>\n<div><b><br><\/b><\/div>\n<div>Root canal treatment usually consists of several procedures, for which you have to visit the dentist several times. The dentist sets up an exact treatment plan during the first visit.&nbsp;<br><br>Before root canal treatment, we always take panoramic photos of the client's teeth, after which we can assess how far the inflammation has spread and whether it is possible to save the tooth.&nbsp;<br><br><\/div>\n<div>A crown may need to be placed on the tooth after root canal treatment.&nbsp;<\/div>\n<p><br><\/p>\n<h2><b>We also <\/b><b>perform root canal treatment with a microscope<\/b><\/h2>\n<div><b><br><\/b><\/div>\n<p>Root canal treatment with a microscope is the most accurate and modern method in modern root canal treatment. Thanks to the precision of the microscope, we can perform root canal cleaning and filling with the utmost accuracy to ensure the best results for you.<br><\/p>\n<p><br><\/p>\n<h2><b>Root tip surgery<\/b><\/h2>\n<div><b><br><\/b><\/div>\n<div>What is an inflammation around the root tip (or the apex) of a tooth? Inflammation of the tooth root tip occurs when the tooth nerve is shortened and microbes penetrate further through the tip of the tooth root into the tissues surrounding the tooth. It is not always possible to eliminate it with regular root canal treatment and therefore a root tip surgery must be performed.&nbsp;<br><br>Acute root tip inflammation is characterized by severe pain, especially when eating or clenching the teeth. The pain can occur in one tooth or radiate to other teeth. Inflammation of the root tip can be accompanied by swollen gums and pus or abscess. Fever is also common.&nbsp;<br><br>Chronic root tip inflammation can progress without causing pain and other complaints or can show occasional pain. Chronic root tip inflammation is usually diagnosed with an X-ray, where the inflammation can be clearly seen.&nbsp;<br><br>A fistula may have formed on the gum, from which pus is coming out from time to time. Good dental health affects the condition of the whole body.&nbsp;<br><br><\/div>\n<div>It is important to know that root tip inflammation needs treatment, regardless of whether it causes pain or not. It is especially important for people with reduced immunity or suffering from cardiovascular or joint diseases.&nbsp;<br><br><\/div>\n<div>Root tip surgery is a surgical removal of the tip of an inflamed tooth root under anesthesia so that the tooth itself remains in the mouth.<\/div>\n<p><span style=\"font-weight: 400;\">&nbsp;<\/span><\/p>\n<h2><a href=\"https:\/\/dentist.ee\/en\/teenused\/broneerimine\/\">Book a visit<\/a><br><\/h2>\n<p><font face=\"var( --e-global-typography-text-font-family ), Sans-serif\"><span style=\"background-color: rgb(255, 255, 255); font-size: 1rem; font-weight: var( --e-global-typography-text-font-weight );\"><a href=\"https:\/\/dentist.ee\/en\/teenused\/broneerimine\/\">Book an appointment<\/a><\/span><\/font>, call&nbsp;<span style=\"font-weight: 700;\">+372 616 4500<\/span>&nbsp;or write us at&nbsp;<a href=\"https:\/\/dentist.ee\/en\/kontakt\/\" target=\"_blank\" style=\"background-color: rgb(255, 255, 255); font-family: var( --e-global-typography-text-font-family ), Sans-serif; font-size: 1rem;\">dentist@dentist.ee<\/a><br><\/p>\t\t\t\t\t\t\t\t<\/div>\n\t\t\t\t<\/div>\n\t\t\t\t<div class=\"elementor-element elementor-element-442e7f54 elementor-icon-list--layout-traditional elementor-list-item-link-full_width elementor-widget elementor-widget-icon-list\" data-id=\"442e7f54\" data-element_type=\"widget\" data-e-type=\"widget\" data-widget_type=\"icon-list.default\">\n\t\t\t\t<div class=\"elementor-widget-container\">\n\t\t\t\t\t\t\t<ul class=\"elementor-icon-list-items\">\n\t\t\t\t\t\t\t<li class=\"elementor-icon-list-item\">\n\t\t\t\t\t\t\t\t\t\t\t<a href=\"tel:+3726164500\">\n\n\t\t\t\t\t\t\t\t\t\t\t\t<span class=\"elementor-icon-list-icon\">\n\t\t\t\t\t\t\t<i aria-hidden=\"true\" class=\"fas fa-phone-alt\"><\/i>\t\t\t\t\t\t<\/span>\n\t\t\t\t\t\t\t\t\t\t<span class=\"elementor-icon-list-text\">+3726164500<\/span>\n\t\t\t\t\t\t\t\t\t\t\t<\/a>\n\t\t\t\t\t\t\t\t\t<\/li>\n\t\t\t\t\t\t\t\t<li class=\"elementor-icon-list-item\">\n\t\t\t\t\t\t\t\t\t\t\t<a href=\"mailto:dentist@dentist.ee\">\n\n\t\t\t\t\t\t\t\t\t\t\t\t<span class=\"elementor-icon-list-icon\">\n\t\t\t\t\t\t\t<i aria-hidden=\"true\" class=\"fas fa-envelope\"><\/i>\t\t\t\t\t\t<\/span>\n\t\t\t\t\t\t\t\t\t\t<span class=\"elementor-icon-list-text\">dentist@dentist.ee<\/span>\n\t\t\t\t\t\t\t\t\t\t\t<\/a>\n\t\t\t\t\t\t\t\t\t<\/li>\n\t\t\t\t\t\t<\/ul>\n\t\t\t\t\t\t<\/div>\n\t\t\t\t<\/div>\n\t\t\t\t\t<\/div>\n\t\t<\/div>\n\t\t\t\t\t<\/div>\n\t\t<\/section>\n\t\t\t\t<\/div>","protected":false},"excerpt":{"rendered":"<p>Hamba juureravi mikroskoobiga Endodontiline ravi ehk juureravi on protseduur, mis on vaja ette v\u00f5tta siis, kui hambas\u00e4sis on tekkinud p\u00f5letik. Hamba juureravi k\u00e4igus puhastatakse juurekanal ja t\u00e4idetakse see t\u00e4itematerjaliga. \u00d5igeaegne ravi aitab v\u00e4ltida p\u00f5letiku levimist ja s\u00e4ilitada oma hambad. Meie kliinikus teostab juureravi dr. Robert Boyd. &nbsp; Millised on juureravi n\u00e4idustused Hambas\u00e4sip\u00f5letiku s\u00fcmptomiteks on valu, [&hellip;]<\/p>\n","protected":false},"author":1,"featured_media":2067,"parent":29,"menu_order":9,"comment_status":"closed","ping_status":"closed","template":"","meta":{"footnotes":""},"class_list":["post-1412","page","type-page","status-publish","has-post-thumbnail","hentry"],"_links":{"self":[{"href":"https:\/\/dentist.ee\/en\/wp-json\/wp\/v2\/pages\/1412","targetHints":{"allow":["GET"]}}],"collection":[{"href":"https:\/\/dentist.ee\/en\/wp-json\/wp\/v2\/pages"}],"about":[{"href":"https:\/\/dentist.ee\/en\/wp-json\/wp\/v2\/types\/page"}],"author":[{"embeddable":true,"href":"https:\/\/dentist.ee\/en\/wp-json\/wp\/v2\/users\/1"}],"replies":[{"embeddable":true,"href":"https:\/\/dentist.ee\/en\/wp-json\/wp\/v2\/comments?post=1412"}],"version-history":[{"count":38,"href":"https:\/\/dentist.ee\/en\/wp-json\/wp\/v2\/pages\/1412\/revisions"}],"predecessor-version":[{"id":2982,"href":"https:\/\/dentist.ee\/en\/wp-json\/wp\/v2\/pages\/1412\/revisions\/2982"}],"up":[{"embeddable":true,"href":"https:\/\/dentist.ee\/en\/wp-json\/wp\/v2\/pages\/29"}],"wp:featuredmedia":[{"embeddable":true,"href":"https:\/\/dentist.ee\/en\/wp-json\/wp\/v2\/media\/2067"}],"wp:attachment":[{"href":"https:\/\/dentist.ee\/en\/wp-json\/wp\/v2\/media?parent=1412"}],"curies":[{"name":"wp","href":"https:\/\/api.w.org\/{rel}","templated":true}]}}