{"id":1410,"date":"2022-09-07T08:26:01","date_gmt":"2022-09-07T08:26:01","guid":{"rendered":"https:\/\/dentist.ee\/?page_id=1410"},"modified":"2025-08-27T08:38:19","modified_gmt":"2025-08-27T08:38:19","slug":"hambakaped","status":"publish","type":"page","link":"https:\/\/dentist.ee\/en\/services\/hambakaped\/","title":{"rendered":"Aligners"},"content":{"rendered":"<div data-elementor-type=\"wp-page\" data-elementor-id=\"1410\" class=\"elementor elementor-1410\" data-elementor-post-type=\"page\">\n\t\t\t\t<div class=\"elementor-element elementor-element-f9b9b1d e-flex e-con-boxed e-con e-parent\" data-id=\"f9b9b1d\" data-element_type=\"container\" data-e-type=\"container\">\n\t\t\t\t\t<div class=\"e-con-inner\">\n\t\t\t\t<div class=\"elementor-element elementor-element-5c21542 elementor-widget elementor-widget-image\" data-id=\"5c21542\" data-element_type=\"widget\" data-e-type=\"widget\" data-widget_type=\"image.default\">\n\t\t\t\t<div class=\"elementor-widget-container\">\n\t\t\t\t\t\t\t\t\t\t\t\t\t\t\t<img decoding=\"async\" src=\"https:\/\/dentist.ee\/wp-content\/uploads\/elementor\/thumbs\/sergeizjuganov_ZJU_1638-copy-scaled-rinz9wikfif49bp5epf7ep7k8nw6e0npii0w56wtbw.jpg\" title=\"sergeizjuganov_ZJU_1638 copy\" alt=\"sergeizjuganov_ZJU_1638 copy\" loading=\"lazy\" \/>\t\t\t\t\t\t\t\t\t\t\t\t\t\t\t<\/div>\n\t\t\t\t<\/div>\n\t\t\t\t\t<\/div>\n\t\t\t\t<\/div>\n\t\t\t\t<section class=\"elementor-section elementor-top-section elementor-element elementor-element-6b8d9c57 elementor-reverse-mobile elementor-section-boxed elementor-section-height-default elementor-section-height-default\" data-id=\"6b8d9c57\" data-element_type=\"section\" data-e-type=\"section\">\n\t\t\t\t\t\t<div class=\"elementor-container elementor-column-gap-default\">\n\t\t\t\t\t<div class=\"elementor-column elementor-col-100 elementor-top-column elementor-element elementor-element-788701e8\" data-id=\"788701e8\" data-element_type=\"column\" data-e-type=\"column\" data-settings=\"{&quot;background_background&quot;:&quot;classic&quot;}\">\n\t\t\t<div class=\"elementor-widget-wrap elementor-element-populated\">\n\t\t\t\t\t\t<div class=\"elementor-element elementor-element-64073700 elementor-widget elementor-widget-text-editor\" data-id=\"64073700\" data-element_type=\"widget\" data-e-type=\"widget\" data-widget_type=\"text-editor.default\">\n\t\t\t\t<div class=\"elementor-widget-container\">\n\t\t\t\t\t\t\t\t\t<h1><b>Orthodontic aligners<\/b><\/h1>\n<div><b><br><\/b><\/div>\n<p>Dental aligners, which are becoming more popular today, are an effective alternative to braces. If you would like to correct your smile, aligners are the preferred method to correct your bite. Aligners are transparent biomedical plastic moulds made from the client's dental arch, which are uniquely manufactured using 3D technology for each individual patient. Compared to braces, aligners are less visible and more comfortable to wear, while allowing effective correction of teeth.&nbsp;<\/p>\n<p><span style=\"font-weight: 400;\">&nbsp;<\/span><\/p>\n<h2><b>Advantages of aligners:<\/b><\/h2>\n<ul>\n<li><span style=\"font-weight: 400;\"> &nbsp; <\/span> <span style=\"font-weight: 400;\">Are transparent and almost invisible<\/span><\/li>\n<li><span style=\"font-weight: 400;\"> &nbsp; <\/span> <span style=\"font-weight: 400;\">Easy to remove for eating and brushing your teeth<\/span><\/li>\n<li><span style=\"font-weight: 400;\"> &nbsp; <\/span> <span style=\"font-weight: 400;\">Thanks to the shape that follows the teeth, results are quickly achievable<\/span><\/li>\n<li><span style=\"font-weight: 400;\"> &nbsp; <\/span> <span style=\"font-weight: 400;\">Require fewer visits to the dentist<\/span><\/li>\n<li><span style=\"font-weight: 400;\">&nbsp; <\/span>More comfortable than braces and easier to clean<\/li>\n<\/ul>\n<p><span style=\"font-weight: 400;\">&nbsp;<\/span><\/p>\n<h2><b>What <\/b><b>an aligner treatment<\/b><b> is<\/b><\/h2>\n<div><b><br><\/b><\/div>\n<p>Aligner treatment gradually corrects the position of your teeth, but to do so it must be worn for at least 22 hours a day. Aligners are only removed for eating and brushing your teeth. Aligners need to be changed every few weeks. Each new aligner puts a little more pressure on the teeth and moves the teeth more and more into the desired position.<br><\/p>\n<p><span style=\"font-weight: 400;\">&nbsp;<\/span><\/p>\n<p><span style=\"font-weight: 400;\">At Kristina Kiisa Dental Clinic we use high quality<\/span><a href=\"https:\/\/modern-clear.de\/en\/modern-clear-orthodontic\/\"> <span style=\"font-weight: 400;\">Modern Clear<\/span><\/a><span style=\"font-weight: 400;\"> aligners.&nbsp;<\/span>The length of the treatment depends on how many teeth need to be corrected. On average, it takes 6 months to complete the treatment, but it can take longer. The exact length of treatment can be determined after the first visit once a treatment plan has been carried out.<\/p>\n<p><span style=\"font-weight: 400;\">&nbsp;<\/span><\/p>\n<h2><b>What you need to know about <\/b><b>aligners<\/b><b> usage<\/b><\/h2>\n<p><span style=\"font-weight: 400;\">&nbsp;<\/span><\/p>\n<p>Be sure to remove the aligners when eating and brushing your teeth. Do not drink coffee, tea or any other flavoured beverages while aligners are in your mouth. You can drink only clean water when having aligner in the mouth.&nbsp;<br><\/p>\n<p><span style=\"font-weight: 400;\">Brush your teeth at least twice a day and floss at least once a day.<\/span><\/p>\n<p><span style=\"font-weight: 400;\">&nbsp;<\/span><\/p>\n<h2><b>What is the price of <\/b><b>the aligner treatment<\/b><\/h2>\n<div><b><br><\/b><\/div>\n<p><span style=\"font-weight: 400;\">The price of the aligner treatment<\/span><span style=\"font-weight: 400;\"> depends on the amount of tooth correction needed and whether one or both teeth need to be corrected. The treatment starts with a consultation. At the first appointment, we will take panoramic photographs and review the condition of your teeth. After that, we will draw up a treatment plan with a price estimate.<\/span><\/p>\n<p><span style=\"font-weight: 400;\"><br><\/span><\/p>\n<h2><font face=\"inherit\"><span style=\"font-size: 2rem; background-color: rgb(255, 255, 255);\"><a href=\"https:\/\/dentist.ee\/en\/teenused\/broneerimine\/\">Book a visit<\/a><\/span><\/font><\/h2>\n<p><font face=\"var( --e-global-typography-text-font-family ), Sans-serif\"><span style=\"background-color: rgb(255, 255, 255); font-size: 1rem; font-weight: var( --e-global-typography-text-font-weight );\"><a href=\"https:\/\/dentist.ee\/en\/teenused\/broneerimine\/\">Book an appointment<\/a><\/span><\/font>, call&nbsp;<span style=\"font-weight: 700;\">+372 616 4500<\/span>&nbsp;or write us at&nbsp;<a href=\"https:\/\/dentist.ee\/en\/kontakt\/\" target=\"_blank\" rel=\"noopener\" style=\"background-color: rgb(255, 255, 255); font-family: var( --e-global-typography-text-font-family ), Sans-serif; font-size: 1rem;\">dentist@dentist.ee<\/a><br><\/p>\t\t\t\t\t\t\t\t<\/div>\n\t\t\t\t<\/div>\n\t\t\t\t<div class=\"elementor-element elementor-element-41dd7aa7 elementor-icon-list--layout-traditional elementor-list-item-link-full_width elementor-widget elementor-widget-icon-list\" data-id=\"41dd7aa7\" data-element_type=\"widget\" data-e-type=\"widget\" data-widget_type=\"icon-list.default\">\n\t\t\t\t<div class=\"elementor-widget-container\">\n\t\t\t\t\t\t\t<ul class=\"elementor-icon-list-items\">\n\t\t\t\t\t\t\t<li class=\"elementor-icon-list-item\">\n\t\t\t\t\t\t\t\t\t\t\t<a href=\"tel:+3726164500\">\n\n\t\t\t\t\t\t\t\t\t\t\t\t<span class=\"elementor-icon-list-icon\">\n\t\t\t\t\t\t\t<i aria-hidden=\"true\" class=\"fas fa-phone-alt\"><\/i>\t\t\t\t\t\t<\/span>\n\t\t\t\t\t\t\t\t\t\t<span class=\"elementor-icon-list-text\">+3726164500<\/span>\n\t\t\t\t\t\t\t\t\t\t\t<\/a>\n\t\t\t\t\t\t\t\t\t<\/li>\n\t\t\t\t\t\t\t\t<li class=\"elementor-icon-list-item\">\n\t\t\t\t\t\t\t\t\t\t\t<a href=\"mailto:dentist@dentist.ee\">\n\n\t\t\t\t\t\t\t\t\t\t\t\t<span class=\"elementor-icon-list-icon\">\n\t\t\t\t\t\t\t<i aria-hidden=\"true\" class=\"fas fa-envelope\"><\/i>\t\t\t\t\t\t<\/span>\n\t\t\t\t\t\t\t\t\t\t<span class=\"elementor-icon-list-text\">dentist@dentist.ee<\/span>\n\t\t\t\t\t\t\t\t\t\t\t<\/a>\n\t\t\t\t\t\t\t\t\t<\/li>\n\t\t\t\t\t\t<\/ul>\n\t\t\t\t\t\t<\/div>\n\t\t\t\t<\/div>\n\t\t\t\t\t<\/div>\n\t\t<\/div>\n\t\t\t\t\t<\/div>\n\t\t<\/section>\n\t\t\t\t<\/div>","protected":false},"excerpt":{"rendered":"<p>Kaperavi T\u00e4nap\u00e4eval j\u00e4rjest populaarsemaks saanud hambakaped on t\u00f5hus alternatiiv breketitele. Kui soovid oma hambarida korrigeerida, siis on kaperavi k\u00f5ige eelistatum meetod, millega oma hambumust parandada. Hambakape on kliendi hambakaare j\u00e4rgi toodetud l\u00e4bipaistvast biomeditsiinilisest plastikust vormid, mis valmistatakse 3D meetodil igale patsiendile individuaalselt.&nbsp; &nbsp; Hambakapede eelised: &nbsp; On l\u00e4bipaistvad ja pea n\u00e4htamatud &nbsp; Neid on lihtne [&hellip;]<\/p>\n","protected":false},"author":1,"featured_media":2064,"parent":29,"menu_order":5,"comment_status":"closed","ping_status":"closed","template":"","meta":{"footnotes":""},"class_list":["post-1410","page","type-page","status-publish","has-post-thumbnail","hentry"],"_links":{"self":[{"href":"https:\/\/dentist.ee\/en\/wp-json\/wp\/v2\/pages\/1410","targetHints":{"allow":["GET"]}}],"collection":[{"href":"https:\/\/dentist.ee\/en\/wp-json\/wp\/v2\/pages"}],"about":[{"href":"https:\/\/dentist.ee\/en\/wp-json\/wp\/v2\/types\/page"}],"author":[{"embeddable":true,"href":"https:\/\/dentist.ee\/en\/wp-json\/wp\/v2\/users\/1"}],"replies":[{"embeddable":true,"href":"https:\/\/dentist.ee\/en\/wp-json\/wp\/v2\/comments?post=1410"}],"version-history":[{"count":50,"href":"https:\/\/dentist.ee\/en\/wp-json\/wp\/v2\/pages\/1410\/revisions"}],"predecessor-version":[{"id":3006,"href":"https:\/\/dentist.ee\/en\/wp-json\/wp\/v2\/pages\/1410\/revisions\/3006"}],"up":[{"embeddable":true,"href":"https:\/\/dentist.ee\/en\/wp-json\/wp\/v2\/pages\/29"}],"wp:featuredmedia":[{"embeddable":true,"href":"https:\/\/dentist.ee\/en\/wp-json\/wp\/v2\/media\/2064"}],"wp:attachment":[{"href":"https:\/\/dentist.ee\/en\/wp-json\/wp\/v2\/media?parent=1410"}],"curies":[{"name":"wp","href":"https:\/\/api.w.org\/{rel}","templated":true}]}}