{"id":1401,"date":"2022-09-07T08:23:23","date_gmt":"2022-09-07T08:23:23","guid":{"rendered":"https:\/\/dentist.ee\/?page_id=1401"},"modified":"2023-10-11T20:09:32","modified_gmt":"2023-10-11T20:09:32","slug":"hammaste-eemaldamine","status":"publish","type":"page","link":"https:\/\/dentist.ee\/en\/services\/hammaste-eemaldamine\/","title":{"rendered":"Tooth removal"},"content":{"rendered":"<div data-elementor-type=\"wp-page\" data-elementor-id=\"1401\" class=\"elementor elementor-1401\" data-elementor-post-type=\"page\">\n\t\t\t\t\t\t<section class=\"elementor-section elementor-top-section elementor-element elementor-element-6961cff0 elementor-reverse-mobile elementor-section-boxed elementor-section-height-default elementor-section-height-default\" data-id=\"6961cff0\" data-element_type=\"section\" data-e-type=\"section\">\n\t\t\t\t\t\t<div class=\"elementor-container elementor-column-gap-default\">\n\t\t\t\t\t<div class=\"elementor-column elementor-col-100 elementor-top-column elementor-element elementor-element-4732c609\" data-id=\"4732c609\" data-element_type=\"column\" data-e-type=\"column\" data-settings=\"{&quot;background_background&quot;:&quot;classic&quot;}\">\n\t\t\t<div class=\"elementor-widget-wrap elementor-element-populated\">\n\t\t\t\t\t\t<div class=\"elementor-element elementor-element-dbaa01f elementor-widget elementor-widget-text-editor\" data-id=\"dbaa01f\" data-element_type=\"widget\" data-e-type=\"widget\" data-widget_type=\"text-editor.default\">\n\t\t\t\t<div class=\"elementor-widget-container\">\n\t\t\t\t\t\t\t\t\t<h1><b>Tooth removal<\/b><b> at Kristina Kiisa Dental Clinic<\/b><\/h1>\n<p><span style=\"font-weight: 400;\">&nbsp;<\/span><\/p>\n<p><span style=\"font-weight: 400;\">To keep your teeth healthy, the most important thing is to visit your dentist regularly and take care of your oral hygiene. However, there are times when you may need to have a <\/span><span style=\"font-weight: 400;\">tooth extraction<\/span><span style=\"font-weight: 400;\">, for example if a tooth is inflamed or a wisdom tooth is starting to hurt. It's important to know that when it comes to <\/span><span style=\"font-weight: 400;\">tooth extraction<\/span><span style=\"font-weight: 400;\">, it can be done painlessly for the client. Once the <\/span><span style=\"font-weight: 400;\">tooth extraction<\/span><span style=\"font-weight: 400;\"> has been done, it is possible to replace the tooth with an artificial tooth or implant.<\/span><\/p>\n<p><span style=\"font-weight: 400;\">&nbsp;&nbsp;<\/span><\/p>\n<h2><b>The most common reasons for having a <\/b><b>tooth extraction<\/b><\/h2>\n<p><span style=\"font-weight: 400;\">Many dental problems can be treated and prevented if detected early. In some cases, however, treatment is not possible and <\/span><span style=\"font-weight: 400;\">tooth extraction<\/span><span style=\"font-weight: 400;\">\u2005is necessary. Most common reasons for <\/span><span style=\"font-weight: 400;\">tooth extraction<\/span><span style=\"font-weight: 400;\"> are advanced cavities, inflammation of the gum or tooth root, a broken tooth, and the emergence of wisdom teeth that cause pain and pressure in the face and jaw.<\/span><\/p>\n<p><span style=\"font-weight: 400;\">&nbsp;<\/span><\/p>\n<h2><b>What to expect when facing <\/b><b>tooth extraction<\/b><\/h2>\n<p><span style=\"font-weight: 400;\">Tooth extraction<\/span><span style=\"font-weight: 400;\"> can seem scary at first, but today it is made as painless as possible for the client. All clients who come to us for the first time will first have a panoramic x-ray, which covers the entire lower face, jaw and teeth. If necessary, we will also take minor intra-oral x-rays. We will then set up a treatment plan.<\/span><\/p>\n<p><span style=\"font-weight: 400;\">Tooth extraction is done with local anaesthesia, which makes oral surgery very tolerable. After the procedure, you can use painkillers at home to aid recovery.<\/span><\/p>\n<p><span style=\"font-weight: 400;\">In addition to tooth extraction, we also carry out tooth restoration and the fitting of crowns and implants.<\/span><\/p>\n<p><\/p>\n<h2><b><br><\/b><\/h2>\n<h2><b>What is an oral surgery<\/b><\/h2>\n<p><span style=\"font-weight: 400;\">Oral surgery is the part of dentistry that deals with diagnosing diseases and injuries of the mouth and teeth, extracting teeth and tooth roots, extracting or releasing impacted teeth from the gums, lip and tongue surgery, gum surgery, soft tissue surgery, root canal surgery, bone augmentation and implant placement.<\/span><\/p>\n<p><span style=\"font-weight: 400;\">At the oral surgery dental office, we do not treat trauma to the jaw, injuries, tumors, etc. For such problems, we recommend that you visit the facial and jaw surgery unit at PERH.<\/span><\/p>\n<p><span style=\"font-weight: 400;\"><br><\/span><\/p>\n<p><\/p>\n<h2><a href=\"https:\/\/dentist.ee\/en\/broneerimine\/\" target=\"_blank\">Book a visit<\/a><br><\/h2>\n<p>Broneeri mugavalt siinsamas v\u00f5i helista +372 616 4500.<br><\/p>\t\t\t\t\t\t\t\t<\/div>\n\t\t\t\t<\/div>\n\t\t\t\t<div class=\"elementor-element elementor-element-4f2652d9 elementor-icon-list--layout-traditional elementor-list-item-link-full_width elementor-widget elementor-widget-icon-list\" data-id=\"4f2652d9\" data-element_type=\"widget\" data-e-type=\"widget\" data-widget_type=\"icon-list.default\">\n\t\t\t\t<div class=\"elementor-widget-container\">\n\t\t\t\t\t\t\t<ul class=\"elementor-icon-list-items\">\n\t\t\t\t\t\t\t<li class=\"elementor-icon-list-item\">\n\t\t\t\t\t\t\t\t\t\t\t<a href=\"tel:+3726164500\">\n\n\t\t\t\t\t\t\t\t\t\t\t\t<span class=\"elementor-icon-list-icon\">\n\t\t\t\t\t\t\t<i aria-hidden=\"true\" class=\"fas fa-phone-alt\"><\/i>\t\t\t\t\t\t<\/span>\n\t\t\t\t\t\t\t\t\t\t<span class=\"elementor-icon-list-text\">+3726164500<\/span>\n\t\t\t\t\t\t\t\t\t\t\t<\/a>\n\t\t\t\t\t\t\t\t\t<\/li>\n\t\t\t\t\t\t\t\t<li class=\"elementor-icon-list-item\">\n\t\t\t\t\t\t\t\t\t\t\t<a href=\"mailto:dentist@dentist.ee\">\n\n\t\t\t\t\t\t\t\t\t\t\t\t<span class=\"elementor-icon-list-icon\">\n\t\t\t\t\t\t\t<i aria-hidden=\"true\" class=\"fas fa-envelope\"><\/i>\t\t\t\t\t\t<\/span>\n\t\t\t\t\t\t\t\t\t\t<span class=\"elementor-icon-list-text\">dentist@dentist.ee<\/span>\n\t\t\t\t\t\t\t\t\t\t\t<\/a>\n\t\t\t\t\t\t\t\t\t<\/li>\n\t\t\t\t\t\t<\/ul>\n\t\t\t\t\t\t<\/div>\n\t\t\t\t<\/div>\n\t\t\t\t\t<\/div>\n\t\t<\/div>\n\t\t\t\t\t<\/div>\n\t\t<\/section>\n\t\t\t\t<\/div>","protected":false},"excerpt":{"rendered":"<p>Hammaste eemaldamine Kristina Kiisa Hambaravis &nbsp; Hammaste tervise hoidmiseks on k\u00f5ige olulisem k\u00e4ia regulaarselt hambaarsti juures kontrollis ja oma suuh\u00fcgieeni eest hoolt kanda. Siiski on m\u00f5ni kord vaja ette v\u00f5tta hammaste eemaldamine, n\u00e4iteks kui hammas on p\u00f5letikus v\u00f5i tarkusehammas on hakanud valu tegema. Oluline on teada, et kui ees seisab hammaste v\u00e4ljat\u00f5mbamine, siis on t\u00e4nap\u00e4eval [&hellip;]<\/p>\n","protected":false},"author":1,"featured_media":2060,"parent":29,"menu_order":0,"comment_status":"closed","ping_status":"closed","template":"","meta":{"footnotes":""},"class_list":["post-1401","page","type-page","status-publish","has-post-thumbnail","hentry"],"_links":{"self":[{"href":"https:\/\/dentist.ee\/en\/wp-json\/wp\/v2\/pages\/1401","targetHints":{"allow":["GET"]}}],"collection":[{"href":"https:\/\/dentist.ee\/en\/wp-json\/wp\/v2\/pages"}],"about":[{"href":"https:\/\/dentist.ee\/en\/wp-json\/wp\/v2\/types\/page"}],"author":[{"embeddable":true,"href":"https:\/\/dentist.ee\/en\/wp-json\/wp\/v2\/users\/1"}],"replies":[{"embeddable":true,"href":"https:\/\/dentist.ee\/en\/wp-json\/wp\/v2\/comments?post=1401"}],"version-history":[{"count":18,"href":"https:\/\/dentist.ee\/en\/wp-json\/wp\/v2\/pages\/1401\/revisions"}],"predecessor-version":[{"id":2785,"href":"https:\/\/dentist.ee\/en\/wp-json\/wp\/v2\/pages\/1401\/revisions\/2785"}],"up":[{"embeddable":true,"href":"https:\/\/dentist.ee\/en\/wp-json\/wp\/v2\/pages\/29"}],"wp:featuredmedia":[{"embeddable":true,"href":"https:\/\/dentist.ee\/en\/wp-json\/wp\/v2\/media\/2060"}],"wp:attachment":[{"href":"https:\/\/dentist.ee\/en\/wp-json\/wp\/v2\/media?parent=1401"}],"curies":[{"name":"wp","href":"https:\/\/api.w.org\/{rel}","templated":true}]}}