{"id":1392,"date":"2022-09-07T08:20:26","date_gmt":"2022-09-07T08:20:26","guid":{"rendered":"https:\/\/dentist.ee\/?page_id=1392"},"modified":"2024-02-04T14:27:23","modified_gmt":"2024-02-04T14:27:23","slug":"erakorraline-hambaravi","status":"publish","type":"page","link":"https:\/\/dentist.ee\/en\/services\/erakorraline-hambaravi\/","title":{"rendered":"Emergency dental visit"},"content":{"rendered":"<div data-elementor-type=\"wp-page\" data-elementor-id=\"1392\" class=\"elementor elementor-1392\" data-elementor-post-type=\"page\">\n\t\t\t\t<div class=\"elementor-element elementor-element-18dcdcc e-flex e-con-boxed e-con e-parent\" data-id=\"18dcdcc\" data-element_type=\"container\" data-e-type=\"container\">\n\t\t\t\t\t<div class=\"e-con-inner\">\n\t\t\t\t<div class=\"elementor-element elementor-element-8ba3a98 elementor-widget elementor-widget-image\" data-id=\"8ba3a98\" data-element_type=\"widget\" data-e-type=\"widget\" data-widget_type=\"image.default\">\n\t\t\t\t<div class=\"elementor-widget-container\">\n\t\t\t\t\t\t\t\t\t\t\t\t\t\t\t<img decoding=\"async\" src=\"https:\/\/dentist.ee\/wp-content\/uploads\/elementor\/thumbs\/sergeizjuganov_ZJU_1692-copy-scaled-rinz9vkotd8f4yi0rv6df7a8nmdlgytpumrit09ati.jpg\" title=\"sergeizjuganov_ZJU_1692 copy\" alt=\"sergeizjuganov_ZJU_1692 copy\" loading=\"lazy\" \/>\t\t\t\t\t\t\t\t\t\t\t\t\t\t\t<\/div>\n\t\t\t\t<\/div>\n\t\t\t\t\t<\/div>\n\t\t\t\t<\/div>\n\t\t<div class=\"elementor-element elementor-element-821e50b e-flex e-con-boxed e-con e-parent\" data-id=\"821e50b\" data-element_type=\"container\" data-e-type=\"container\">\n\t\t\t\t\t<div class=\"e-con-inner\">\n\t\t\t\t<div class=\"elementor-element elementor-element-5b232f6 elementor-widget elementor-widget-spacer\" data-id=\"5b232f6\" data-element_type=\"widget\" data-e-type=\"widget\" data-widget_type=\"spacer.default\">\n\t\t\t\t<div class=\"elementor-widget-container\">\n\t\t\t\t\t\t\t<div class=\"elementor-spacer\">\n\t\t\t<div class=\"elementor-spacer-inner\"><\/div>\n\t\t<\/div>\n\t\t\t\t\t\t<\/div>\n\t\t\t\t<\/div>\n\t\t\t\t\t<\/div>\n\t\t\t\t<\/div>\n\t\t\t\t<section class=\"elementor-section elementor-top-section elementor-element elementor-element-1e5f1ee6 elementor-reverse-mobile elementor-section-boxed elementor-section-height-default elementor-section-height-default\" data-id=\"1e5f1ee6\" data-element_type=\"section\" data-e-type=\"section\">\n\t\t\t\t\t\t<div class=\"elementor-container elementor-column-gap-default\">\n\t\t\t\t\t<div class=\"elementor-column elementor-col-100 elementor-top-column elementor-element elementor-element-5ece0746\" data-id=\"5ece0746\" data-element_type=\"column\" data-e-type=\"column\" data-settings=\"{&quot;background_background&quot;:&quot;classic&quot;}\">\n\t\t\t<div class=\"elementor-widget-wrap elementor-element-populated\">\n\t\t\t\t\t\t<div class=\"elementor-element elementor-element-7508bb87 elementor-widget elementor-widget-text-editor\" data-id=\"7508bb87\" data-element_type=\"widget\" data-e-type=\"widget\" data-widget_type=\"text-editor.default\">\n\t\t\t\t<div class=\"elementor-widget-container\">\n\t\t\t\t\t\t\t\t\t<h5><b>In case of acute toothache, jaw pain, swelling, etc., we can offer same-day or next-day appointments.&nbsp;<br>&nbsp;<br>We recommend calling us as early as possible in the morning from 9.00.&nbsp;<\/b><\/h5>\n<h2 style=\"font-family: 'Poppins self host', sans-serif; color: #33627a;\"><span style=\"font-weight: bold;\">&nbsp;<\/span><\/h2>\n<h2 style=\"font-family: 'Poppins self host', sans-serif; color: #33627a;\"><a href=\"https:\/\/dentist.ee\/en\/teenused\/broneerimine\/\">Book a visit<\/a><\/h2>\n<p><font face=\"var( --e-global-typography-text-font-family ), Sans-serif\"><span style=\"background-color: rgb(255, 255, 255); font-size: 1rem; font-weight: var( --e-global-typography-text-font-weight );\"><a href=\"https:\/\/dentist.ee\/en\/teenused\/broneerimine\/\">Book an appointment<\/a><\/span><\/font>, call&nbsp;<span style=\"font-weight: 700;\">+372 616 4500<\/span>&nbsp;or write us at&nbsp;<a href=\"https:\/\/dentist.ee\/en\/kontakt\/\" target=\"_blank\" style=\"background-color: rgb(255, 255, 255); font-family: var( --e-global-typography-text-font-family ), Sans-serif; font-size: 1rem;\">dentist@dentist.ee<\/a><br><\/p>\t\t\t\t\t\t\t\t<\/div>\n\t\t\t\t<\/div>\n\t\t\t\t<div class=\"elementor-element elementor-element-7c7c3e43 elementor-icon-list--layout-traditional elementor-list-item-link-full_width elementor-widget elementor-widget-icon-list\" data-id=\"7c7c3e43\" data-element_type=\"widget\" data-e-type=\"widget\" data-widget_type=\"icon-list.default\">\n\t\t\t\t<div class=\"elementor-widget-container\">\n\t\t\t\t\t\t\t<ul class=\"elementor-icon-list-items\">\n\t\t\t\t\t\t\t<li class=\"elementor-icon-list-item\">\n\t\t\t\t\t\t\t\t\t\t\t<a href=\"tel:+3726164500\">\n\n\t\t\t\t\t\t\t\t\t\t\t\t<span class=\"elementor-icon-list-icon\">\n\t\t\t\t\t\t\t<i aria-hidden=\"true\" class=\"fas fa-phone-alt\"><\/i>\t\t\t\t\t\t<\/span>\n\t\t\t\t\t\t\t\t\t\t<span class=\"elementor-icon-list-text\">+3726164500<\/span>\n\t\t\t\t\t\t\t\t\t\t\t<\/a>\n\t\t\t\t\t\t\t\t\t<\/li>\n\t\t\t\t\t\t\t\t<li class=\"elementor-icon-list-item\">\n\t\t\t\t\t\t\t\t\t\t\t<a href=\"mailto:dentist@dentist.ee\">\n\n\t\t\t\t\t\t\t\t\t\t\t\t<span class=\"elementor-icon-list-icon\">\n\t\t\t\t\t\t\t<i aria-hidden=\"true\" class=\"fas fa-envelope\"><\/i>\t\t\t\t\t\t<\/span>\n\t\t\t\t\t\t\t\t\t\t<span class=\"elementor-icon-list-text\">dentist@dentist.ee<\/span>\n\t\t\t\t\t\t\t\t\t\t\t<\/a>\n\t\t\t\t\t\t\t\t\t<\/li>\n\t\t\t\t\t\t<\/ul>\n\t\t\t\t\t\t<\/div>\n\t\t\t\t<\/div>\n\t\t\t\t\t<\/div>\n\t\t<\/div>\n\t\t\t\t\t<\/div>\n\t\t<\/section>\n\t\t\t\t<\/div>","protected":false},"excerpt":{"rendered":"<p>\u00c4geda hamba- v\u00f5i l\u00f5ualuuvalu, paistetuse jms&nbsp; korral saame pakkuda vastuv\u00f5ttu samal v\u00f5i j\u00e4rgmisel p\u00e4eval.&nbsp;&nbsp;Soovitame helistada v\u00f5imalikult hommikul alates kella 9.00.&nbsp; &nbsp; Broneeri visiit Broneeri aeg, helista&nbsp;+372 616 4500&nbsp;v\u00f5i kirjuta&nbsp;dentist@dentist.ee +3726164500 dentist@dentist.ee<\/p>","protected":false},"author":1,"featured_media":2066,"parent":29,"menu_order":11,"comment_status":"closed","ping_status":"closed","template":"","meta":{"footnotes":""},"class_list":["post-1392","page","type-page","status-publish","has-post-thumbnail","hentry"],"_links":{"self":[{"href":"https:\/\/dentist.ee\/en\/wp-json\/wp\/v2\/pages\/1392","targetHints":{"allow":["GET"]}}],"collection":[{"href":"https:\/\/dentist.ee\/en\/wp-json\/wp\/v2\/pages"}],"about":[{"href":"https:\/\/dentist.ee\/en\/wp-json\/wp\/v2\/types\/page"}],"author":[{"embeddable":true,"href":"https:\/\/dentist.ee\/en\/wp-json\/wp\/v2\/users\/1"}],"replies":[{"embeddable":true,"href":"https:\/\/dentist.ee\/en\/wp-json\/wp\/v2\/comments?post=1392"}],"version-history":[{"count":39,"href":"https:\/\/dentist.ee\/en\/wp-json\/wp\/v2\/pages\/1392\/revisions"}],"predecessor-version":[{"id":2979,"href":"https:\/\/dentist.ee\/en\/wp-json\/wp\/v2\/pages\/1392\/revisions\/2979"}],"up":[{"embeddable":true,"href":"https:\/\/dentist.ee\/en\/wp-json\/wp\/v2\/pages\/29"}],"wp:featuredmedia":[{"embeddable":true,"href":"https:\/\/dentist.ee\/en\/wp-json\/wp\/v2\/media\/2066"}],"wp:attachment":[{"href":"https:\/\/dentist.ee\/en\/wp-json\/wp\/v2\/media?parent=1392"}],"curies":[{"name":"wp","href":"https:\/\/api.w.org\/{rel}","templated":true}]}}