{"id":26,"date":"2022-04-19T09:35:04","date_gmt":"2022-04-19T09:35:04","guid":{"rendered":"https:\/\/dentist.ee\/?page_id=26"},"modified":"2024-02-04T14:35:55","modified_gmt":"2024-02-04T14:35:55","slug":"meist","status":"publish","type":"page","link":"https:\/\/dentist.ee\/ee\/meist\/","title":{"rendered":"Meist"},"content":{"rendered":"\t\t<div data-elementor-type=\"wp-page\" data-elementor-id=\"26\" class=\"elementor elementor-26\" data-elementor-post-type=\"page\">\n\t\t\t\t\t\t<section class=\"elementor-section elementor-top-section elementor-element elementor-element-cabc760 elementor-section-boxed elementor-section-height-default elementor-section-height-default\" data-id=\"cabc760\" data-element_type=\"section\" data-e-type=\"section\">\n\t\t\t\t\t\t<div class=\"elementor-container elementor-column-gap-default\">\n\t\t\t\t\t<div class=\"elementor-column elementor-col-100 elementor-top-column elementor-element elementor-element-45d5df0\" data-id=\"45d5df0\" data-element_type=\"column\" data-e-type=\"column\">\n\t\t\t<div class=\"elementor-widget-wrap elementor-element-populated\">\n\t\t\t\t\t\t<div class=\"elementor-element elementor-element-7b540a0 elementor-widget elementor-widget-spacer\" data-id=\"7b540a0\" data-element_type=\"widget\" data-e-type=\"widget\" data-widget_type=\"spacer.default\">\n\t\t\t\t<div class=\"elementor-widget-container\">\n\t\t\t\t\t\t\t<div class=\"elementor-spacer\">\n\t\t\t<div class=\"elementor-spacer-inner\"><\/div>\n\t\t<\/div>\n\t\t\t\t\t\t<\/div>\n\t\t\t\t<\/div>\n\t\t\t\t<div class=\"elementor-element elementor-element-99a1876 elementor-widget elementor-widget-image\" data-id=\"99a1876\" data-element_type=\"widget\" data-e-type=\"widget\" data-widget_type=\"image.default\">\n\t\t\t\t<div class=\"elementor-widget-container\">\n\t\t\t\t\t\t\t\t\t\t\t\t\t\t\t<img decoding=\"async\" src=\"https:\/\/dentist.ee\/wp-content\/uploads\/elementor\/thumbs\/sergeizjuganov_ZJU_1743-copy-scaled-rinz9wiosy92gfr2e93jhfnyshbnz8y9yqwolpsxo0.jpg\" title=\"sergeizjuganov_ZJU_1743 copy\" alt=\"sergeizjuganov_ZJU_1743 copy\" loading=\"lazy\" \/>\t\t\t\t\t\t\t\t\t\t\t\t\t\t\t<\/div>\n\t\t\t\t<\/div>\n\t\t\t\t\t<\/div>\n\t\t<\/div>\n\t\t\t\t\t<\/div>\n\t\t<\/section>\n\t\t<div class=\"elementor-element elementor-element-26065d3 e-flex e-con-boxed e-con e-parent\" data-id=\"26065d3\" data-element_type=\"container\" data-e-type=\"container\">\n\t\t\t\t\t<div class=\"e-con-inner\">\n\t\t\t\t<div class=\"elementor-element elementor-element-49b995b elementor-widget elementor-widget-spacer\" data-id=\"49b995b\" data-element_type=\"widget\" data-e-type=\"widget\" data-widget_type=\"spacer.default\">\n\t\t\t\t<div class=\"elementor-widget-container\">\n\t\t\t\t\t\t\t<div class=\"elementor-spacer\">\n\t\t\t<div class=\"elementor-spacer-inner\"><\/div>\n\t\t<\/div>\n\t\t\t\t\t\t<\/div>\n\t\t\t\t<\/div>\n\t\t\t\t\t<\/div>\n\t\t\t\t<\/div>\n\t\t\t\t<section class=\"elementor-section elementor-top-section elementor-element elementor-element-d6acd3b elementor-section-boxed elementor-section-height-default elementor-section-height-default\" data-id=\"d6acd3b\" data-element_type=\"section\" data-e-type=\"section\">\n\t\t\t\t\t\t<div class=\"elementor-container elementor-column-gap-default\">\n\t\t\t\t\t<div class=\"elementor-column elementor-col-100 elementor-top-column elementor-element elementor-element-b233454\" data-id=\"b233454\" data-element_type=\"column\" data-e-type=\"column\">\n\t\t\t<div class=\"elementor-widget-wrap elementor-element-populated\">\n\t\t\t\t\t\t<div class=\"elementor-element elementor-element-01968f7 elementor-widget elementor-widget-text-editor\" data-id=\"01968f7\" data-element_type=\"widget\" data-e-type=\"widget\" data-widget_type=\"text-editor.default\">\n\t\t\t\t<div class=\"elementor-widget-container\">\n\t\t\t\t\t\t\t\t\t<p>Kristina Kiisa Hambaravi loodi 2000. a, kui Kristina Kiisa kolis peale \u00f5pinguid Rootsist&nbsp;<span style=\"color: var( --e-global-color-text ); font-family: var( --e-global-typography-text-font-family ), Sans-serif; font-weight: var( --e-global-typography-text-font-weight ); font-size: 1rem;\">tagasi Eestisse.<\/span><\/p>\n<p>Kristina Kiisa hambapolikliinik Tallinnas on seadnud eesm\u00e4rgiks iga kliendi loomuliku&nbsp;<span style=\"color: var( --e-global-color-text ); font-family: var( --e-global-typography-text-font-family ), Sans-serif; font-weight: var( --e-global-typography-text-font-weight ); font-size: 1rem;\">naeratuse s\u00e4ilitamise. Oma t\u00f6\u00f6s rakendame Skandinaaviast saadud kogemusi ja&nbsp;<\/span><span style=\"color: var( --e-global-color-text ); font-family: var( --e-global-typography-text-font-family ), Sans-serif; font-weight: var( --e-global-typography-text-font-weight ); font-size: 1rem;\">meetodeid.<\/span><\/p>\n<p>Meie hambapolikliinik on keskendunud hamba- ja igemehaiguste ennetamisele,&nbsp;<span style=\"color: var( --e-global-color-text ); font-family: var( --e-global-typography-text-font-family ), Sans-serif; font-weight: var( --e-global-typography-text-font-weight ); font-size: 1rem;\">v\u00f5imalikult varajasele diagnoosimisele ning kvaliteetsele ja professionaalsele hambaravi&nbsp;<\/span><span style=\"color: var( --e-global-color-text ); font-family: var( --e-global-typography-text-font-family ), Sans-serif; font-weight: var( --e-global-typography-text-font-weight ); font-size: 1rem;\">teenusele.<\/span><\/p>\n<p>Meie patsientide jaoks on kindlasti oluline, et nad saaksid k\u00f5ik vajalikud lahendused&nbsp;<span style=\"color: var( --e-global-color-text ); font-family: var( --e-global-typography-text-font-family ), Sans-serif; font-weight: var( --e-global-typography-text-font-weight ); font-size: 1rem;\">\u00fchest kohast, mis v\u00f5imaldab neil h\u00f5lpsalt ja t\u00f5husalt oma hambaprobleeme lahendada.&nbsp;<\/span><span style=\"color: var( --e-global-color-text ); font-family: var( --e-global-typography-text-font-family ), Sans-serif; font-weight: var( --e-global-typography-text-font-weight ); font-size: 1rem;\">J\u00e4rgides kaasaegseid ennetusmeetodeid, aitame oma patsientidel s\u00e4ilitada hea&nbsp;<\/span><span style=\"color: var( --e-global-color-text ); font-family: var( --e-global-typography-text-font-family ), Sans-serif; font-weight: var( --e-global-typography-text-font-weight ); font-size: 1rem;\">suuh\u00fcgieeni ja ennetada hammaste ja igemete haigusi. Pakume suuh\u00fcgienisti&nbsp;<\/span><span style=\"color: var( --e-global-color-text ); font-family: var( --e-global-typography-text-font-family ), Sans-serif; font-weight: var( --e-global-typography-text-font-weight ); font-size: 1rem;\">teenuseid kui ka keerukaid protseduure nagu&nbsp;<\/span><a href=\"https:\/\/dentist.ee\/ee\/teenused\/juureravi\/\" target=\"_blank\">juureravi<\/a><span style=\"color: var( --e-global-color-text ); font-family: var( --e-global-typography-text-font-family ), Sans-serif; font-weight: var( --e-global-typography-text-font-weight ); font-size: 1rem;\"><a href=\"https:\/\/dentist.ee\/en\/services\/juureravi\/\">&nbsp;<\/a>ja&nbsp;<\/span><a href=\"https:\/\/dentist.ee\/ee\/teenused\/implantaadid\/implantaatide-paigaldus\/\" target=\"_blank\">implantaatide paigaldust<\/a><span style=\"color: var( --e-global-color-text ); font-family: var( --e-global-typography-text-font-family ), Sans-serif; font-weight: var( --e-global-typography-text-font-weight ); font-size: 1rem;\">&nbsp;<\/span><span style=\"color: var( --e-global-color-text ); font-family: var( --e-global-typography-text-font-family ), Sans-serif; font-weight: var( --e-global-typography-text-font-weight ); font-size: 1rem;\">kasutades selleks kvaliteetseid materjale ning parimaid ravivahendeid ja -meetodeid,&nbsp;<\/span><span style=\"color: var( --e-global-color-text ); font-family: var( --e-global-typography-text-font-family ), Sans-serif; font-weight: var( --e-global-typography-text-font-weight ); font-size: 1rem;\">mis t\u00e4na on saadaval.<\/span><\/p>\n<p>Pakume oma klientidele v\u00f5imalust suhelda eesti, inglise, rootsi, soome ja vene keeles.<\/p>\n<p>Meiega teevad koost\u00f6\u00f6d Eesti ja Rootsi kolleegid ning suunavad oma patsiente meile&nbsp;<a href=\"https:\/\/dentist.ee\/ee\/teenused\/juureravi\/\" target=\"_blank\">juureravile<\/a><span style=\"color: var( --e-global-color-text ); font-family: var( --e-global-typography-text-font-family ), Sans-serif; font-size: 1rem; font-weight: var( --e-global-typography-text-font-weight );\">&nbsp;ja&nbsp;<\/span><a href=\"https:\/\/dentist.ee\/ee\/teenused\/implantaadid\/implantaatide-paigaldus\/\" target=\"_blank\">hambaimplantaatide paigaldamisele<\/a><span style=\"color: var( --e-global-color-text ); font-family: var( --e-global-typography-text-font-family ), Sans-serif; font-size: 1rem; font-weight: var( --e-global-typography-text-font-weight );\">.<\/span><br><\/p>\n<p><span style=\"color: var( --e-global-color-text ); font-family: var( --e-global-typography-text-font-family ), Sans-serif; font-size: 1rem; font-weight: var( --e-global-typography-text-font-weight );\"><br><\/span><\/p>\n<p>Kristina Kiisa hambapolikliinik Tallinnas asub kesklinnas,&nbsp;<a href=\"https:\/\/maps.app.goo.gl\/j36zNbY7ZhtaVE887\" target=\"_blank\" rel=\"noopener\">Tornim\u00e4el<\/a>.<\/p>\t\t\t\t\t\t\t\t<\/div>\n\t\t\t\t<\/div>\n\t\t\t\t<div class=\"elementor-element elementor-element-bb8e950 elementor-widget elementor-widget-text-editor\" data-id=\"bb8e950\" data-element_type=\"widget\" data-e-type=\"widget\" data-widget_type=\"text-editor.default\">\n\t\t\t\t<div class=\"elementor-widget-container\">\n\t\t\t\t\t\t\t\t\t<h2><b>Ootame sind meie juurde visiidile!<\/b><\/h2>\t\t\t\t\t\t\t\t<\/div>\n\t\t\t\t<\/div>\n\t\t\t\t\t<\/div>\n\t\t<\/div>\n\t\t\t\t\t<\/div>\n\t\t<\/section>\n\t\t\t\t<\/div>\n\t\t","protected":false},"excerpt":{"rendered":"<p>Kristina Kiisa Hambaravi loodi 2000. a, kui Kristina Kiisa kolis peale \u00f5pinguid Rootsist&nbsp;tagasi Eestisse. Kristina Kiisa hambapolikliinik Tallinnas on seadnud eesm\u00e4rgiks iga kliendi loomuliku&nbsp;naeratuse s\u00e4ilitamise. Oma t\u00f6\u00f6s rakendame Skandinaaviast saadud kogemusi ja&nbsp;meetodeid. Meie hambapolikliinik on keskendunud hamba- ja igemehaiguste ennetamisele,&nbsp;v\u00f5imalikult varajasele diagnoosimisele ning kvaliteetsele ja professionaalsele hambaravi&nbsp;teenusele. Meie patsientide jaoks on kindlasti oluline, et nad [&hellip;]<\/p>\n","protected":false},"author":1,"featured_media":0,"parent":0,"menu_order":0,"comment_status":"closed","ping_status":"closed","template":"","meta":{"footnotes":""},"class_list":["post-26","page","type-page","status-publish","hentry"],"_links":{"self":[{"href":"https:\/\/dentist.ee\/ee\/wp-json\/wp\/v2\/pages\/26","targetHints":{"allow":["GET"]}}],"collection":[{"href":"https:\/\/dentist.ee\/ee\/wp-json\/wp\/v2\/pages"}],"about":[{"href":"https:\/\/dentist.ee\/ee\/wp-json\/wp\/v2\/types\/page"}],"author":[{"embeddable":true,"href":"https:\/\/dentist.ee\/ee\/wp-json\/wp\/v2\/users\/1"}],"replies":[{"embeddable":true,"href":"https:\/\/dentist.ee\/ee\/wp-json\/wp\/v2\/comments?post=26"}],"version-history":[{"count":70,"href":"https:\/\/dentist.ee\/ee\/wp-json\/wp\/v2\/pages\/26\/revisions"}],"predecessor-version":[{"id":3009,"href":"https:\/\/dentist.ee\/ee\/wp-json\/wp\/v2\/pages\/26\/revisions\/3009"}],"wp:attachment":[{"href":"https:\/\/dentist.ee\/ee\/wp-json\/wp\/v2\/media?parent=26"}],"curies":[{"name":"wp","href":"https:\/\/api.w.org\/{rel}","templated":true}]}}