{"id":241,"date":"2022-04-19T16:35:33","date_gmt":"2022-04-19T16:35:33","guid":{"rendered":"https:\/\/dentist.ee\/?post_type=teenus&#038;p=241"},"modified":"2023-09-29T13:16:05","modified_gmt":"2023-09-29T13:16:05","slug":"hambaproteesid","status":"publish","type":"page","link":"https:\/\/dentist.ee\/ee\/teenused-2\/hambaproteesid\/","title":{"rendered":"Hambaproteesid"},"content":{"rendered":"\t\t<div data-elementor-type=\"wp-page\" data-elementor-id=\"241\" class=\"elementor elementor-241\" data-elementor-post-type=\"page\">\n\t\t\t\t<div class=\"elementor-element elementor-element-e78abb2 e-flex e-con-boxed e-con e-parent\" data-id=\"e78abb2\" data-element_type=\"container\" data-e-type=\"container\">\n\t\t\t\t\t<div class=\"e-con-inner\">\n\t\t\t\t<div class=\"elementor-element elementor-element-3544fce elementor-widget elementor-widget-text-editor\" data-id=\"3544fce\" data-element_type=\"widget\" data-e-type=\"widget\" data-widget_type=\"text-editor.default\">\n\t\t\t\t<div class=\"elementor-widget-container\">\n\t\t\t\t\t\t\t\t\t<p><\/p>\n<p><strong>Puuduvate hammaste taastamine&nbsp;<\/strong><\/p>\n<p><\/p>\n<p><\/p>\n<p>Mis juhtub siis, kui puuduolevaid hambaid ei taastata?&nbsp;<\/p><p><a href=\"https:\/\/www.youtube.com\/watch?v=3s08kea6dU0\">Vaata videod<\/a> &nbsp;<\/p>\n<p><\/p>\n<p><\/p>\n<p><strong>Mitte-eemaldatavad proteesid \u2013 hambakroonid ja -sillad&nbsp;<\/strong><\/p>\n<p><\/p>\n<p><\/p>\n<p>Kui hammast ei saa enam t\u00e4idistega parandada on heaks lahenduseks portselankroon. Puuduvat hammast saab asendada silla v\u00f5i implantaadiga (vt.implantaadid). Hambakroonid ja sillad tsementeeritakse hammaste k\u00fclge ja need sarnanevad p\u00e4rishambale nii materjali omadustelt, v\u00e4ljan\u00e4gemiselt kui ka funktsioonilt.<\/p>\n<p><\/p>\n<p><\/p>\n<p>Hambakroon soovitatakse teha hamba murru, suure t\u00e4idise v\u00f5i hamba kosmeetilise v\u00e4ljan\u00e4gemise p\u00e4rast. Portselankroone ja vineere tehakse ka hammaste esteetilise v\u00e4ljan\u00e4gemise parandamiseks ja ilusa naeratuse disainimiseks ja seda nimetatakse kosmeetiliseks hambaraviks.<\/p>\n<p><\/p>\n<p><\/p>\n<p><a href=\"https:\/\/www.youtube.com\/watch?time_continue=2&amp;v=SkV4XpmqId4\">Portselanvineeri video<\/a><\/p>\n<p><\/p>\n<p><\/p>\n<p><a href=\"https:\/\/www.youtube.com\/watch?v=J6lPwPE7BOc\">Hambakrooni video:<\/a><\/p>\n<p><\/p>\n<p><\/p>\n<p><a href=\"https:\/\/www.youtube.com\/watch?v=o6Gw6vU9gsw\">Hambasilla video:<\/a><\/p>\n<p><\/p>\n<p><\/p>\n<p><strong>3D Hambakroonid<\/strong><\/p>\n<p><\/p>\n<p><\/p>\n<p><a href=\"https:\/\/www.dentsplysirona.com\/en-us\/discover\/discover-by-category\/cad-cam\/cerec.html\">Sirona Cerec 3D CAD\/CAM<\/a> s\u00fcsteem v\u00f5imaldab teha hambale krooni \u00fchel visiidil ehk 1,5 tunniga. Sellise hambakrooni t\u00e4psus suurem ja maksumus&nbsp; veidi odavam kui hambatehniku laboris tehtud kroonil.&nbsp;<\/p>\n<p><\/p>\n<p><\/p>\n<p><a href=\"https:\/\/youtube.com\/watch?v=-6qqvlJdMjo&amp;ab_channel=RamonaFamilyDentistry\" target=\"_blank\" rel=\"noreferrer noopener\">Cerec hambakrooni video<\/a><\/p>\n<p><\/p>\n<p><\/p>\n<p><strong>Eemaldatavad proteesid&nbsp;<\/strong><\/p>\n<p><\/p>\n<p><\/p>\n<p>Proteesid asendavad puuduvaid v\u00f5i eemaldatud hambaid ning aitavad toitu n\u00e4rida ja toetavad n\u00e4olihaseid, keelt ja huuli r\u00e4\u00e4kimisel ning muudavad v\u00e4limust.<\/p>\n<p><\/p>\n<p><\/p>\n<p><strong>T\u00e4isproteesid ehk totaalproteesid<\/strong><\/p>\n<p><\/p>\n<p><\/p>\n<p>Totaalproteesid on eemaldatavad proteesid ja need tehakse siis, kui inimesel enam \u00fchtegi oma hammast ei ole. Totaalproteesi ainus kinnitus on toetumine igemetele. ja kinnitub igemetele. Proteese saab teha nn immediaatproteesina s.t. kohe peale hammaste eemaldamist v\u00f5i konventsionaalse proteesina kui hambad juba pikka aega puudu. Proteesi materjal on plastmass ja metall.<\/p>\n<p><\/p>\n<p><\/p>\n<p><strong>Osalised ehk partsiaalproteesid<\/strong><\/p>\n<p><\/p>\n<p><\/p>\n<p>Partsiaalprotees asendab puuduvaid hambaid ja kinnitub veel allesolevatele hammastele klambrite, nuppude v\u00f5i lukkudega. Osaline proteesis v\u00f5ib olla alaline v\u00f5i ajutine (n\u00e4iteks enne implantaatide paigaldamist paranemisperioodiks).&nbsp;<\/p>\n<p><\/p>\n<p><\/p>\n<p>Me teeme samuti pehmeid osalisi proteese, mis sobivad neile, kellel on hambareast puudu m\u00f5ni \u00fcksik hammas.<\/p>\n<p><\/p>\n<p><\/p>\n<figure class=\"wp-block-image alignleft\"><img decoding=\"async\" class=\"wp-image-2323\" src=\"https:\/\/dentist.ee\/wp-content\/uploads\/4-implants-and-prosthesis-picture-2-500x163.png\" alt=\"\"><span style=\"color: var( --e-global-color-text ); font-family: var( --e-global-typography-text-font-family ), Sans-serif; font-weight: var( --e-global-typography-text-font-weight ); text-align: var(--text-align); font-size: 1rem;\">Proteesile toestuseks ja kinnituseks on v\u00f5imalik paigaldada implantaadid.<\/span><\/figure>\n<p><\/p>\n<p><\/p>\n<p><strong>Implantaadid&nbsp;<\/strong><\/p>\n<p><\/p>\n<p><\/p>\n<p>Implantaadid on titaankruvid, mis asendavad eemaldatud hambajuuri ja mis paigaldatakse l\u00f5ualuusse. Implantaadi paigaldamise eelduseseks on piisava hulga l\u00f5ualuu olemasolu. L\u00f5ualuud&nbsp;on v\u00f5imalik \u201ckasvatada\u201d kunstlike biomaterjalide v\u00f5i oma luu siirdamisega.<\/p>\n<p><\/p>\n<p><\/p>\n<p>Implantaat asendab \u00fchte v\u00f5i mitut hammast \u2013 toestab krooni, silda v\u00f5i eemaldatavat proteesi.<\/p>\n<p><\/p>\n<p><\/p>\n<p><a href=\"https:\/\/dentist.ee\/hambaraviteenused\/hambaimplantaadid\/\">Rohkem informatsiooni implantaatide kohta meie kodulehel&nbsp;<\/a><\/p>\n<p><\/p>\n<p><\/p>\n<p><a href=\"https:\/\/www.youtube.com\/watch?v=gMycqoQrlBs\">Vaata ka videot<\/a> &nbsp;<\/p>\n<p><\/p>\t\t\t\t\t\t\t\t<\/div>\n\t\t\t\t<\/div>\n\t\t\t\t\t<\/div>\n\t\t\t\t<\/div>\n\t\t\t\t<\/div>\n\t\t","protected":false},"excerpt":{"rendered":"<p>Puuduvate hammaste taastamine&nbsp; Mis juhtub siis, kui puuduolevaid hambaid ei taastata?&nbsp; Vaata videod &nbsp; Mitte-eemaldatavad proteesid \u2013 hambakroonid ja -sillad&nbsp; Kui hammast ei saa enam t\u00e4idistega parandada on heaks lahenduseks portselankroon. Puuduvat hammast saab asendada silla v\u00f5i implantaadiga (vt.implantaadid). Hambakroonid ja sillad tsementeeritakse hammaste k\u00fclge ja need sarnanevad p\u00e4rishambale nii materjali omadustelt, v\u00e4ljan\u00e4gemiselt kui ka [&hellip;]<\/p>\n","protected":false},"author":4,"featured_media":2062,"parent":29,"menu_order":0,"comment_status":"closed","ping_status":"closed","template":"","meta":{"footnotes":""},"class_list":["post-241","page","type-page","status-publish","has-post-thumbnail","hentry"],"_links":{"self":[{"href":"https:\/\/dentist.ee\/ee\/wp-json\/wp\/v2\/pages\/241","targetHints":{"allow":["GET"]}}],"collection":[{"href":"https:\/\/dentist.ee\/ee\/wp-json\/wp\/v2\/pages"}],"about":[{"href":"https:\/\/dentist.ee\/ee\/wp-json\/wp\/v2\/types\/page"}],"author":[{"embeddable":true,"href":"https:\/\/dentist.ee\/ee\/wp-json\/wp\/v2\/users\/4"}],"replies":[{"embeddable":true,"href":"https:\/\/dentist.ee\/ee\/wp-json\/wp\/v2\/comments?post=241"}],"version-history":[{"count":10,"href":"https:\/\/dentist.ee\/ee\/wp-json\/wp\/v2\/pages\/241\/revisions"}],"predecessor-version":[{"id":2563,"href":"https:\/\/dentist.ee\/ee\/wp-json\/wp\/v2\/pages\/241\/revisions\/2563"}],"up":[{"embeddable":true,"href":"https:\/\/dentist.ee\/ee\/wp-json\/wp\/v2\/pages\/29"}],"wp:featuredmedia":[{"embeddable":true,"href":"https:\/\/dentist.ee\/ee\/wp-json\/wp\/v2\/media\/2062"}],"wp:attachment":[{"href":"https:\/\/dentist.ee\/ee\/wp-json\/wp\/v2\/media?parent=241"}],"curies":[{"name":"wp","href":"https:\/\/api.w.org\/{rel}","templated":true}]}}