{"id":239,"date":"2022-04-19T16:33:46","date_gmt":"2022-04-19T16:33:46","guid":{"rendered":"https:\/\/dentist.ee\/?post_type=teenus&#038;p=239"},"modified":"2023-09-29T12:16:41","modified_gmt":"2023-09-29T12:16:41","slug":"laiaulatuslik-hambaravi","status":"publish","type":"page","link":"https:\/\/dentist.ee\/ee\/teenused-2\/laiaulatuslik-hambaravi\/","title":{"rendered":"Laiaulatuslik hambaravi"},"content":{"rendered":"\t\t<div data-elementor-type=\"wp-page\" data-elementor-id=\"239\" class=\"elementor elementor-239\" data-elementor-post-type=\"page\">\n\t\t\t\t<div class=\"elementor-element elementor-element-3448451f e-flex e-con-boxed e-con e-parent\" data-id=\"3448451f\" data-element_type=\"container\" data-e-type=\"container\">\n\t\t\t\t\t<div class=\"e-con-inner\">\n\t\t\t\t<div class=\"elementor-element elementor-element-3b98ddcb elementor-widget elementor-widget-text-editor\" data-id=\"3b98ddcb\" data-element_type=\"widget\" data-e-type=\"widget\" data-widget_type=\"text-editor.default\">\n\t\t\t\t<div class=\"elementor-widget-container\">\n\t\t\t\t\t\t\t\t\t<p><\/p>\n<h3 class=\"wp-block-heading\">Laiaulatuslik hambaravi<\/h3>\n<p><\/p>\n<p><\/p>\n<p>kuulame \u00e4ra patsiendi mured ja soovid, teeme r\u00f6ntgenpildid ja hindame hammaste hetkeolukorda, millest l\u00e4htuvalt koostame patsiendi soovile vastava raviplaani<\/p>\n<p><\/p>\n<p><\/p>\n<p><strong>Hammaste taastamine t\u00e4idistega \u2013 restauratiivne hambaravi<\/strong><\/p>\n<p><\/p>\n<p><\/p>\n<p>Mis on hammaste lagunemise p\u00f5hjus ja miks on vaja neid t\u00e4idistega taastada? K\u00f5ige tavalisem p\u00f5hjus on hambakaaries ja selle t\u00fcsistused, j\u00e4rgnevateks p\u00f5hjusteks on hambatrauma v\u00f5i vana hambat\u00e4idise v\u00e4lja vahetamine.&nbsp;<\/p><p>Hambaaukude teket on v\u00f5imalik diagnoosida r\u00f6ntgen\u00fclesv\u00f5tete abil juba siis, kui patsient ise ei tunne ega tea, et hammas on lagunemas. Kui me leiame hambaaugu ning selle ravimisega viivitatakse rohkem kui m\u00f5ned n\u00e4dalad, v\u00f5ib hammas hakata valutama ning vajada seega juba keerulisemat ja kallimat juureravi.&nbsp;<\/p><p>M\u00f5nikord on v\u00f5imatu hammast taastada ning hammas tuleb eemaldada ning asendada kunsthamba ehk implantaadiga. Hambaid saab taastada erinevate materjalidega ja erineval viisil, kuid ravimata j\u00e4tmine p\u00f5hjustab alati hambavalu.&nbsp;<\/p><p>Eestis kasutatakse hammaste raviks valget komposiitmaterjali, amalgaamt\u00e4idised on Eestis keelatud.&nbsp;<\/p><p><a href=\"https:\/\/www.youtube.com\/watch?v=ZLrI4ESfmck\">Vaata videot<\/a><\/p>\n<p><\/p>\n<p><\/p>\n<p><strong>Juureravi<\/strong><\/p>\n<p><\/p>\n<p><\/p>\n<p>Endodontiline ravi ehk juureravi on vajalik siis, kui hambas\u00e4sis ehk rahvakeeli hamban\u00e4rvis on tekkinud p\u00f5letik. Selle p\u00f5letiku tekkeks on mitmeid p\u00f5hjusi: s\u00fcgavast ravimata hambaaugust l\u00e4htunud nakkus, hambaravist tekkinud p\u00f5letik, kui tekkinud hambaauk on hambas\u00e4sile liiga l\u00e4hedal, m\u00f5ra hambas ja hamba v\u00f5i juure murdumine.&nbsp;<\/p><p>Kui juureravi j\u00e4\u00e4b sellistel puhkudel tegemata, v\u00f5ib p\u00f5letik edasi kanduda l\u00f5ualuusse ning tekkida abtsess.<br>Hambas\u00e4sip\u00f5letiku s\u00fcmptomiteks on valu, kuuma- ja k\u00fclmatundlikkus, hamba v\u00e4rvi muutumine tumedamaks, hamba kerkimistunne, valu ja turse hambaga piirnevas igemes. M\u00f5nikord s\u00fcmptomid puuduvad.&nbsp;<\/p><p><a href=\"https:\/\/www.youtube.com\/watch?v=spBEblU5ZSM\">Juureravi video<\/a><\/p>\n<p><\/p>\n<p><\/p>\n<p><strong>Igemete ravi<\/strong><\/p>\n<p><\/p>\n<p><\/p>\n<p>Kui igemed hammaste puhastamisel veritsevad, on valusad ning suust tuleb halba l\u00f5hna, siis suure t\u00f5en\u00e4osusega on tekkinud igemete p\u00f5letik, millest v\u00f5ib ravimata j\u00e4tmisel v\u00e4lja kujuneda parodontoos ehk hamba\u00fcmbrise p\u00f5letik.<\/p><p><br>Parodontoosi v\u00e4ljakujunemise peatamiseks on oluline hammaste ja igemete igap\u00e4evane puhastamine, hambakivi ja ladestumiste eemaldamine hambaarsti v\u00f5i h\u00fcgienisti poolt, regulaarsed kontrollid ning vajadusel ka kirurgiline ravi ning antibiootikumid. &nbsp;<\/p><p><a href=\"https:\/\/www.youtube.com\/watch?time_continue=2&amp;v=WuCMQy0Pl54\">Vaata videot<\/a><\/p>\n<p><\/p>\t\t\t\t\t\t\t\t<\/div>\n\t\t\t\t<\/div>\n\t\t\t\t\t<\/div>\n\t\t\t\t<\/div>\n\t\t\t\t<\/div>\n\t\t","protected":false},"excerpt":{"rendered":"<p>Laiaulatuslik hambaravi kuulame \u00e4ra patsiendi mured ja soovid, teeme r\u00f6ntgenpildid ja hindame hammaste hetkeolukorda, millest l\u00e4htuvalt koostame patsiendi soovile vastava raviplaani Hammaste taastamine t\u00e4idistega \u2013 restauratiivne hambaravi Mis on hammaste lagunemise p\u00f5hjus ja miks on vaja neid t\u00e4idistega taastada? K\u00f5ige tavalisem p\u00f5hjus on hambakaaries ja selle t\u00fcsistused, j\u00e4rgnevateks p\u00f5hjusteks on hambatrauma v\u00f5i vana hambat\u00e4idise v\u00e4lja [&hellip;]<\/p>\n","protected":false},"author":4,"featured_media":852,"parent":29,"menu_order":0,"comment_status":"closed","ping_status":"closed","template":"","meta":{"footnotes":""},"class_list":["post-239","page","type-page","status-publish","has-post-thumbnail","hentry"],"_links":{"self":[{"href":"https:\/\/dentist.ee\/ee\/wp-json\/wp\/v2\/pages\/239","targetHints":{"allow":["GET"]}}],"collection":[{"href":"https:\/\/dentist.ee\/ee\/wp-json\/wp\/v2\/pages"}],"about":[{"href":"https:\/\/dentist.ee\/ee\/wp-json\/wp\/v2\/types\/page"}],"author":[{"embeddable":true,"href":"https:\/\/dentist.ee\/ee\/wp-json\/wp\/v2\/users\/4"}],"replies":[{"embeddable":true,"href":"https:\/\/dentist.ee\/ee\/wp-json\/wp\/v2\/comments?post=239"}],"version-history":[{"count":4,"href":"https:\/\/dentist.ee\/ee\/wp-json\/wp\/v2\/pages\/239\/revisions"}],"predecessor-version":[{"id":2554,"href":"https:\/\/dentist.ee\/ee\/wp-json\/wp\/v2\/pages\/239\/revisions\/2554"}],"up":[{"embeddable":true,"href":"https:\/\/dentist.ee\/ee\/wp-json\/wp\/v2\/pages\/29"}],"wp:featuredmedia":[{"embeddable":true,"href":"https:\/\/dentist.ee\/ee\/wp-json\/wp\/v2\/media\/852"}],"wp:attachment":[{"href":"https:\/\/dentist.ee\/ee\/wp-json\/wp\/v2\/media?parent=239"}],"curies":[{"name":"wp","href":"https:\/\/api.w.org\/{rel}","templated":true}]}}