{"id":1427,"date":"2022-09-07T08:35:05","date_gmt":"2022-09-07T08:35:05","guid":{"rendered":"https:\/\/dentist.ee\/?page_id=1427"},"modified":"2024-02-04T14:27:57","modified_gmt":"2024-02-04T14:27:57","slug":"hambakroonid","status":"publish","type":"page","link":"https:\/\/dentist.ee\/ee\/teenused-2\/hambakroonid\/","title":{"rendered":"Proteesimine"},"content":{"rendered":"\t\t<div data-elementor-type=\"wp-page\" data-elementor-id=\"1427\" class=\"elementor elementor-1427\" data-elementor-post-type=\"page\">\n\t\t\t\t<div class=\"elementor-element elementor-element-20abd2d e-flex e-con-boxed e-con e-parent\" data-id=\"20abd2d\" data-element_type=\"container\" data-e-type=\"container\">\n\t\t\t\t\t<div class=\"e-con-inner\">\n\t\t\t\t<div class=\"elementor-element elementor-element-9ce12d6 elementor-widget elementor-widget-image\" data-id=\"9ce12d6\" data-element_type=\"widget\" data-e-type=\"widget\" data-widget_type=\"image.default\">\n\t\t\t\t<div class=\"elementor-widget-container\">\n\t\t\t\t\t\t\t\t\t\t\t\t\t\t\t<img decoding=\"async\" src=\"https:\/\/dentist.ee\/wp-content\/uploads\/elementor\/thumbs\/sergeizjuganov_ZJU_1704-copy-scaled-rinz9wikfifnhpzza7s486hrsvmxdybf5ksgg68w14.jpg\" title=\"sergeizjuganov_ZJU_1704 copy\" alt=\"sergeizjuganov_ZJU_1704 copy\" loading=\"lazy\" \/>\t\t\t\t\t\t\t\t\t\t\t\t\t\t\t<\/div>\n\t\t\t\t<\/div>\n\t\t\t\t<div class=\"elementor-element elementor-element-6455d40 elementor-widget elementor-widget-text-editor\" data-id=\"6455d40\" data-element_type=\"widget\" data-e-type=\"widget\" data-widget_type=\"text-editor.default\">\n\t\t\t\t<div class=\"elementor-widget-container\">\n\t\t\t\t\t\t\t\t\t<p>\u00a0<\/p><p>\u00a0<\/p>\t\t\t\t\t\t\t\t<\/div>\n\t\t\t\t<\/div>\n\t\t\t\t\t<\/div>\n\t\t\t\t<\/div>\n\t\t\t\t<section class=\"elementor-section elementor-top-section elementor-element elementor-element-3024730f elementor-reverse-mobile elementor-section-boxed elementor-section-height-default elementor-section-height-default\" data-id=\"3024730f\" data-element_type=\"section\" data-e-type=\"section\">\n\t\t\t\t\t\t<div class=\"elementor-container elementor-column-gap-default\">\n\t\t\t\t\t<div class=\"elementor-column elementor-col-100 elementor-top-column elementor-element elementor-element-e3cf158\" data-id=\"e3cf158\" data-element_type=\"column\" data-e-type=\"column\" data-settings=\"{&quot;background_background&quot;:&quot;classic&quot;}\">\n\t\t\t<div class=\"elementor-widget-wrap elementor-element-populated\">\n\t\t\t\t\t\t<div class=\"elementor-element elementor-element-464e8d4d elementor-widget elementor-widget-text-editor\" data-id=\"464e8d4d\" data-element_type=\"widget\" data-e-type=\"widget\" data-widget_type=\"text-editor.default\">\n\t\t\t\t<div class=\"elementor-widget-container\">\n\t\t\t\t\t\t\t\t\t<h1><b>Hammaste laminaadid ja hambakroonid<\/b><\/h1>\n<div><b>&nbsp;<\/b><\/div>\n<p>Kui hammast ei ole v\u00f5imalik parandada v\u00f5i sooviks on hambaid esteetiliselt korrigeerida, siis on heaks lahenduseks hambakroon. Meie hambaravi kliinikus on v\u00f5imalik hambakrooni paigaldamine erinevate materjalidega. Pakume ka 3D hambakroone. K\u00f5ige sobivama lahenduse lepime kokku esimesel hambaarsti visiidil.&nbsp;<\/p>\n<p><span style=\"font-weight: 400;\">&nbsp;<\/span><\/p>\n<h2><b>Mis on <\/b><b>hambakroon<\/b><b> ja milleks seda kasutatakse?<\/b><\/h2>\n<div><b>&nbsp;<\/b><\/div>\n<p>Hambakroonid on j\u00e4rjest rohkem kasutusel murdunud ja eemaldatud hammaste proteesidena ja ka esteetilisel eesm\u00e4rgil.&nbsp;<\/p>\n<p><span style=\"font-weight: 400;\">Hambakroonid ja hambasillad tsementeeritakse enda hammaste k\u00fclge. Kroonid on \u00e4ravahetamiseni sarnased p\u00e4rishammastega nii materjali omadustelt, v\u00e4ljan\u00e4gemiselt kui ka funktsioonilt.<\/span><\/p>\n<p><span style=\"font-weight: 400;\">&nbsp;<\/span><\/p>\n<h2><b>Millistel juhtudel on soovituslik paigaldada hambakroon:<\/b><\/h2>\n<ul>\n<li><span style=\"font-weight: 400;\"> &nbsp; <\/span> <span style=\"font-weight: 400;\">Hammast ei ole enam v\u00f5imalik t\u00e4idisega parandada<\/span><\/li>\n<li><span style=\"font-weight: 400;\"> &nbsp; <\/span> <span style=\"font-weight: 400;\">Hammas on murdunud v\u00f5i eemaldatud<\/span><\/li>\n<li><span style=\"font-weight: 400;\"> &nbsp; <\/span> <span style=\"font-weight: 400;\">Sooviks on \u00fcksiku v\u00f5i mitme hamba v\u00e4ljan\u00e4gemist korrigeerida<\/span><\/li>\n<\/ul>\n<p><span style=\"font-weight: 400;\">&nbsp;<\/span><\/p>\n<p><span style=\"font-weight: 400;\">Portselankroone ja laminaate valmistatakse ja paigaldatakse ka hammaste esteetilise v\u00e4ljan\u00e4gemise parandamiseks ja ilusa naeratuse disainimiseks. Seda nimetatakse kosmeetiliseks hambaraviks. Lisaks kroonidele saab hammaste v\u00e4limust korrigeerida ka hammaste laminaatidega ja puuduvat hammast asendada silla v\u00f5i<\/span><a href=\"https:\/\/dentist.ee\/teenused\/implantaadid\/\"> <span style=\"font-weight: 400;\">implantaadiga<\/span><\/a><span style=\"font-weight: 400;\">.<\/span><\/p>\n<p>Kristina Kiisa Hambaravi kliinikus on kasutusel ka&nbsp;<a href=\"https:\/\/www.youtube.com\/watch?v=-6qqvlJdMjo&amp;ab_channel=RamonaFamilyDentistry\">Cerec 3D CAD-CAM<\/a>&nbsp;s\u00fcsteem, v\u00f5imaldab valmistada hambale krooni orienteeruvalt 1,5 tunniga. V\u00e4ga oluline on ka protseduuri kiirus, mida kliendid hindavad \u2013 hamba v\u00e4ljan\u00e4gemine on v\u00f5imalik taastada vaid \u00fche visiidiga.<\/p>\n<p>Samuti valmistame implantaadihambaid ja eemaldatavaid proteese.<\/p>\n<p><span style=\"font-weight: 400;\">&nbsp;<\/span><\/p>\n<h2><a href=\"https:\/\/dentist.ee\/ee\/teenused\/broneerimine\/\">Broneeri visiit<\/a><\/h2>\n<p><span style=\"font-size: 1rem; font-weight: var( --e-global-typography-text-font-weight );\"><a href=\"https:\/\/dentist.ee\/ee\/teenused\/broneerimine\/\">Broneeri aeg<\/a><\/span>, helista&nbsp;<span style=\"font-weight: 700;\">+372 616 4500<\/span>&nbsp;v\u00f5i kirjuta&nbsp;<a href=\"https:\/\/dentist.ee\/ee\/kontakt\/\" target=\"_blank\" style=\"background-color: rgb(255, 255, 255); font-family: var( --e-global-typography-text-font-family ), Sans-serif; font-size: 1rem;\">dentist@dentist.ee<\/a><br><\/p>\t\t\t\t\t\t\t\t<\/div>\n\t\t\t\t<\/div>\n\t\t\t\t<div class=\"elementor-element elementor-element-8d0768f elementor-icon-list--layout-traditional elementor-list-item-link-full_width elementor-widget elementor-widget-icon-list\" data-id=\"8d0768f\" data-element_type=\"widget\" data-e-type=\"widget\" data-widget_type=\"icon-list.default\">\n\t\t\t\t<div class=\"elementor-widget-container\">\n\t\t\t\t\t\t\t<ul class=\"elementor-icon-list-items\">\n\t\t\t\t\t\t\t<li class=\"elementor-icon-list-item\">\n\t\t\t\t\t\t\t\t\t\t\t<a href=\"tel:+3726164500\">\n\n\t\t\t\t\t\t\t\t\t\t\t\t<span class=\"elementor-icon-list-icon\">\n\t\t\t\t\t\t\t<i aria-hidden=\"true\" class=\"fas fa-phone-alt\"><\/i>\t\t\t\t\t\t<\/span>\n\t\t\t\t\t\t\t\t\t\t<span class=\"elementor-icon-list-text\">+3726164500<\/span>\n\t\t\t\t\t\t\t\t\t\t\t<\/a>\n\t\t\t\t\t\t\t\t\t<\/li>\n\t\t\t\t\t\t\t\t<li class=\"elementor-icon-list-item\">\n\t\t\t\t\t\t\t\t\t\t\t<a href=\"mailto:dentist@dentist.ee\">\n\n\t\t\t\t\t\t\t\t\t\t\t\t<span class=\"elementor-icon-list-icon\">\n\t\t\t\t\t\t\t<i aria-hidden=\"true\" class=\"fas fa-envelope\"><\/i>\t\t\t\t\t\t<\/span>\n\t\t\t\t\t\t\t\t\t\t<span class=\"elementor-icon-list-text\">dentist@dentist.ee<\/span>\n\t\t\t\t\t\t\t\t\t\t\t<\/a>\n\t\t\t\t\t\t\t\t\t<\/li>\n\t\t\t\t\t\t<\/ul>\n\t\t\t\t\t\t<\/div>\n\t\t\t\t<\/div>\n\t\t\t\t\t<\/div>\n\t\t<\/div>\n\t\t\t\t\t<\/div>\n\t\t<\/section>\n\t\t\t\t<\/div>\n\t\t","protected":false},"excerpt":{"rendered":"<p>\u00a0 \u00a0 Hammaste laminaadid ja hambakroonid &nbsp; Kui hammast ei ole v\u00f5imalik parandada v\u00f5i sooviks on hambaid esteetiliselt korrigeerida, siis on heaks lahenduseks hambakroon. Meie hambaravi kliinikus on v\u00f5imalik hambakrooni paigaldamine erinevate materjalidega. Pakume ka 3D hambakroone. K\u00f5ige sobivama lahenduse lepime kokku esimesel hambaarsti visiidil.&nbsp; &nbsp; Mis on hambakroon ja milleks seda kasutatakse? &nbsp; Hambakroonid [&hellip;]<\/p>\n","protected":false},"author":1,"featured_media":2068,"parent":29,"menu_order":8,"comment_status":"closed","ping_status":"closed","template":"","meta":{"footnotes":""},"class_list":["post-1427","page","type-page","status-publish","has-post-thumbnail","hentry"],"_links":{"self":[{"href":"https:\/\/dentist.ee\/ee\/wp-json\/wp\/v2\/pages\/1427","targetHints":{"allow":["GET"]}}],"collection":[{"href":"https:\/\/dentist.ee\/ee\/wp-json\/wp\/v2\/pages"}],"about":[{"href":"https:\/\/dentist.ee\/ee\/wp-json\/wp\/v2\/types\/page"}],"author":[{"embeddable":true,"href":"https:\/\/dentist.ee\/ee\/wp-json\/wp\/v2\/users\/1"}],"replies":[{"embeddable":true,"href":"https:\/\/dentist.ee\/ee\/wp-json\/wp\/v2\/comments?post=1427"}],"version-history":[{"count":50,"href":"https:\/\/dentist.ee\/ee\/wp-json\/wp\/v2\/pages\/1427\/revisions"}],"predecessor-version":[{"id":2985,"href":"https:\/\/dentist.ee\/ee\/wp-json\/wp\/v2\/pages\/1427\/revisions\/2985"}],"up":[{"embeddable":true,"href":"https:\/\/dentist.ee\/ee\/wp-json\/wp\/v2\/pages\/29"}],"wp:featuredmedia":[{"embeddable":true,"href":"https:\/\/dentist.ee\/ee\/wp-json\/wp\/v2\/media\/2068"}],"wp:attachment":[{"href":"https:\/\/dentist.ee\/ee\/wp-json\/wp\/v2\/media?parent=1427"}],"curies":[{"name":"wp","href":"https:\/\/api.w.org\/{rel}","templated":true}]}}