{"id":1414,"date":"2022-09-07T08:26:27","date_gmt":"2022-09-07T08:26:27","guid":{"rendered":"https:\/\/dentist.ee\/?page_id=1414"},"modified":"2023-10-11T21:12:38","modified_gmt":"2023-10-11T21:12:38","slug":"juuretipu-ravi","status":"publish","type":"page","link":"https:\/\/dentist.ee\/ee\/teenused-2\/juureravi\/juuretipu-ravi\/","title":{"rendered":"Juuretipu ravi"},"content":{"rendered":"\t\t<div data-elementor-type=\"wp-page\" data-elementor-id=\"1414\" class=\"elementor elementor-1414\" data-elementor-post-type=\"page\">\n\t\t\t\t\t\t<section class=\"elementor-section elementor-top-section elementor-element elementor-element-225b2897 elementor-reverse-mobile elementor-section-boxed elementor-section-height-default elementor-section-height-default\" data-id=\"225b2897\" data-element_type=\"section\" data-e-type=\"section\">\n\t\t\t\t\t\t<div class=\"elementor-container elementor-column-gap-default\">\n\t\t\t\t\t<div class=\"elementor-column elementor-col-100 elementor-top-column elementor-element elementor-element-2e707dba\" data-id=\"2e707dba\" data-element_type=\"column\" data-e-type=\"column\" data-settings=\"{&quot;background_background&quot;:&quot;classic&quot;}\">\n\t\t\t<div class=\"elementor-widget-wrap elementor-element-populated\">\n\t\t\t\t\t\t<div class=\"elementor-element elementor-element-6de84726 elementor-widget elementor-widget-text-editor\" data-id=\"6de84726\" data-element_type=\"widget\" data-e-type=\"widget\" data-widget_type=\"text-editor.default\">\n\t\t\t\t<div class=\"elementor-widget-container\">\n\t\t\t\t\t\t\t\t\t<p><span style=\"font-weight: 400;\">Kui hamban\u00e4rvis on p\u00f5letik v\u00f5i hammas on j\u00e4\u00e4nud ravimata, v\u00f5ib sellest v\u00e4lja areneda juuretipu p\u00f5letik. <\/span><span style=\"font-weight: 400;\">Juuretipu ravi<\/span><span style=\"font-weight: 400;\"> on eriti oluline inimestele, kes p\u00f5evad s\u00fcdame- ja veresoonkonnahaiguseid v\u00f5i kellel on kunstliigesed.<\/span><\/p>\n<p><span style=\"font-weight: 400;\">Hammaste hea tervis m\u00f5jutab kogu keha seisundit. Juuretipup\u00f5letik v\u00f5ib olla \u00e4gedas faasis ja valulik v\u00f5i krooniline, mis valu ei tee ning avastatakse r\u00f6ntgen\u00fclesv\u00f5tte k\u00e4igus.<\/span><\/p>\n<p><span style=\"font-weight: 400;\">Oluline on teada, et juuretipup\u00f5letik vajab ravi, s\u00f5ltumata sellest, kas see p\u00f5hjustab valu v\u00f5i mitte.<\/span><\/p>\n<p><span style=\"font-weight: 400;\">&nbsp;<\/span><\/p>\n<h2><b>Mis on <\/b><b>hamba juuretipu p\u00f5letik<\/b><\/h2>\n<p><span style=\"font-weight: 400;\">Hamba juuretipu p\u00f5letik<\/span><span style=\"font-weight: 400;\"> tekib, kui hamban\u00e4rv k\u00e4rbub ja mikroobid tungivad edasi l\u00e4bi hambajuure tipu hammast \u00fcmbritsevatesse kudedesse.<\/span><\/p>\n<p><span style=\"font-weight: 400;\">\u00c4gedat juuretipup\u00f5letikku iseloomustab tugev valu, seda eriti s\u00f6\u00f6misel v\u00f5i hammaste kokku surumisel. Valu v\u00f5ib esineda \u00fches hambas v\u00f5i kiirguda ka teistele hammastele. Juuretipup\u00f5letikuga v\u00f5ib kaasneda paistetus igemes ja m\u00e4dakolle ehk abtsess. Sageli tekib ka palavik.<\/span><\/p>\n<p><span style=\"font-weight: 400;\">Krooniline juuretipup\u00f5letik v\u00f5ib kulgeda kaebusi p\u00f5hjustamata v\u00f5i avalduda aeg-ajalt tekkiva valuna. Krooniline juuretipup\u00f5letik diagnoositakse enamasti r\u00f6ntgen\u00fclesv\u00f5ttega, kust p\u00f5letikukolle on h\u00e4sti n\u00e4ha. Igemele v\u00f5ib olla tekkinud fistel, kust eritub aeg-ajalt m\u00e4da.<\/span><\/p>\n<p><\/p>\n<h2><b><br><\/b><\/h2><h2><b>S\u00e4ilita oma terved hambad<\/b><\/h2>\n<p><span style=\"font-weight: 400;\">Kuna krooniline juuretipup\u00f5letik vaevusi ei anna, on oluline k\u00e4ia regulaarselt hambaarsti juures, et p\u00f5letik kiirelt avastada ja see v\u00e4lja ravida, veel enne kui see muid s\u00fcmptomeid p\u00f5hjustama hakkab.<\/span><\/p>\n<p><span style=\"font-weight: 400;\">Kristina Kiisa Hambaravi kliinikus oleme keskendunud hamba- ja igemehaiguste ennetamisele, v\u00f5imalikult varajasele diagnoosimisele ning kvaliteetsele ja professionaalsele hambaravi teenusele.<\/span><\/p>\n<p><span style=\"font-weight: 400;\">Meie eesm\u00e4rgiks on, et sul oleksid oma terved hambad. Parima tervise heaks k\u00fclasta hambaarsti v\u00e4hemalt kord aastas ja h\u00fcgienisti 6-8 kuu tagant.<\/span><\/p>\n<p><\/p>\n<h2><br><\/h2><h2><b><a href=\"https:\/\/dentist.ee\/ee\/broneerimine\/\">Broneeri visiit<\/a><\/b><\/h2>\n<p>Broneeri mugavalt siinsamas v\u00f5i helista +372 616 4500.<br><\/p>\t\t\t\t\t\t\t\t<\/div>\n\t\t\t\t<\/div>\n\t\t\t\t<div class=\"elementor-element elementor-element-56c6c3ef elementor-icon-list--layout-traditional elementor-list-item-link-full_width elementor-widget elementor-widget-icon-list\" data-id=\"56c6c3ef\" data-element_type=\"widget\" data-e-type=\"widget\" data-widget_type=\"icon-list.default\">\n\t\t\t\t<div class=\"elementor-widget-container\">\n\t\t\t\t\t\t\t<ul class=\"elementor-icon-list-items\">\n\t\t\t\t\t\t\t<li class=\"elementor-icon-list-item\">\n\t\t\t\t\t\t\t\t\t\t\t<a href=\"tel:+3726164500\">\n\n\t\t\t\t\t\t\t\t\t\t\t\t<span class=\"elementor-icon-list-icon\">\n\t\t\t\t\t\t\t<i aria-hidden=\"true\" class=\"fas fa-phone-alt\"><\/i>\t\t\t\t\t\t<\/span>\n\t\t\t\t\t\t\t\t\t\t<span class=\"elementor-icon-list-text\">+3726164500<\/span>\n\t\t\t\t\t\t\t\t\t\t\t<\/a>\n\t\t\t\t\t\t\t\t\t<\/li>\n\t\t\t\t\t\t\t\t<li class=\"elementor-icon-list-item\">\n\t\t\t\t\t\t\t\t\t\t\t<a href=\"mailto:dentist@dentist.ee\">\n\n\t\t\t\t\t\t\t\t\t\t\t\t<span class=\"elementor-icon-list-icon\">\n\t\t\t\t\t\t\t<i aria-hidden=\"true\" class=\"fas fa-envelope\"><\/i>\t\t\t\t\t\t<\/span>\n\t\t\t\t\t\t\t\t\t\t<span class=\"elementor-icon-list-text\">dentist@dentist.ee<\/span>\n\t\t\t\t\t\t\t\t\t\t\t<\/a>\n\t\t\t\t\t\t\t\t\t<\/li>\n\t\t\t\t\t\t<\/ul>\n\t\t\t\t\t\t<\/div>\n\t\t\t\t<\/div>\n\t\t\t\t\t<\/div>\n\t\t<\/div>\n\t\t\t\t\t<\/div>\n\t\t<\/section>\n\t\t\t\t<\/div>\n\t\t","protected":false},"excerpt":{"rendered":"<p>Kui hamban\u00e4rvis on p\u00f5letik v\u00f5i hammas on j\u00e4\u00e4nud ravimata, v\u00f5ib sellest v\u00e4lja areneda juuretipu p\u00f5letik. Juuretipu ravi on eriti oluline inimestele, kes p\u00f5evad s\u00fcdame- ja veresoonkonnahaiguseid v\u00f5i kellel on kunstliigesed. Hammaste hea tervis m\u00f5jutab kogu keha seisundit. Juuretipup\u00f5letik v\u00f5ib olla \u00e4gedas faasis ja valulik v\u00f5i krooniline, mis valu ei tee ning avastatakse r\u00f6ntgen\u00fclesv\u00f5tte k\u00e4igus. Oluline [&hellip;]<\/p>\n","protected":false},"author":1,"featured_media":2067,"parent":1412,"menu_order":5,"comment_status":"closed","ping_status":"closed","template":"","meta":{"footnotes":""},"class_list":["post-1414","page","type-page","status-publish","has-post-thumbnail","hentry"],"_links":{"self":[{"href":"https:\/\/dentist.ee\/ee\/wp-json\/wp\/v2\/pages\/1414","targetHints":{"allow":["GET"]}}],"collection":[{"href":"https:\/\/dentist.ee\/ee\/wp-json\/wp\/v2\/pages"}],"about":[{"href":"https:\/\/dentist.ee\/ee\/wp-json\/wp\/v2\/types\/page"}],"author":[{"embeddable":true,"href":"https:\/\/dentist.ee\/ee\/wp-json\/wp\/v2\/users\/1"}],"replies":[{"embeddable":true,"href":"https:\/\/dentist.ee\/ee\/wp-json\/wp\/v2\/comments?post=1414"}],"version-history":[{"count":12,"href":"https:\/\/dentist.ee\/ee\/wp-json\/wp\/v2\/pages\/1414\/revisions"}],"predecessor-version":[{"id":2776,"href":"https:\/\/dentist.ee\/ee\/wp-json\/wp\/v2\/pages\/1414\/revisions\/2776"}],"up":[{"embeddable":true,"href":"https:\/\/dentist.ee\/ee\/wp-json\/wp\/v2\/pages\/1412"}],"wp:featuredmedia":[{"embeddable":true,"href":"https:\/\/dentist.ee\/ee\/wp-json\/wp\/v2\/media\/2067"}],"wp:attachment":[{"href":"https:\/\/dentist.ee\/ee\/wp-json\/wp\/v2\/media?parent=1414"}],"curies":[{"name":"wp","href":"https:\/\/api.w.org\/{rel}","templated":true}]}}