{"id":1412,"date":"2022-09-07T08:26:10","date_gmt":"2022-09-07T08:26:10","guid":{"rendered":"https:\/\/dentist.ee\/?page_id=1412"},"modified":"2024-02-04T14:27:41","modified_gmt":"2024-02-04T14:27:41","slug":"juureravi","status":"publish","type":"page","link":"https:\/\/dentist.ee\/ee\/teenused-2\/juureravi\/","title":{"rendered":"Juureravi"},"content":{"rendered":"\t\t<div data-elementor-type=\"wp-page\" data-elementor-id=\"1412\" class=\"elementor elementor-1412\" data-elementor-post-type=\"page\">\n\t\t\t\t<div class=\"elementor-element elementor-element-86c4aae e-flex e-con-boxed e-con e-parent\" data-id=\"86c4aae\" data-element_type=\"container\" data-e-type=\"container\">\n\t\t\t\t\t<div class=\"e-con-inner\">\n\t\t\t\t<div class=\"elementor-element elementor-element-fa43edd elementor-widget elementor-widget-image\" data-id=\"fa43edd\" data-element_type=\"widget\" data-e-type=\"widget\" data-widget_type=\"image.default\">\n\t\t\t\t<div class=\"elementor-widget-container\">\n\t\t\t\t\t\t\t\t\t\t\t\t\t\t\t<img decoding=\"async\" src=\"https:\/\/dentist.ee\/wp-content\/uploads\/elementor\/thumbs\/sergeizjuganov_ZJU_1697-copy-scaled-rinz9vkq8oevl1n7c66pc2zbjydcbjzr5l30sk5rcc.jpg\" title=\"sergeizjuganov_ZJU_1697 copy\" alt=\"sergeizjuganov_ZJU_1697 copy\" loading=\"lazy\" \/>\t\t\t\t\t\t\t\t\t\t\t\t\t\t\t<\/div>\n\t\t\t\t<\/div>\n\t\t\t\t\t<\/div>\n\t\t\t\t<\/div>\n\t\t\t\t<section class=\"elementor-section elementor-top-section elementor-element elementor-element-2564a45d elementor-reverse-mobile elementor-section-boxed elementor-section-height-default elementor-section-height-default\" data-id=\"2564a45d\" data-element_type=\"section\" data-e-type=\"section\">\n\t\t\t\t\t\t<div class=\"elementor-container elementor-column-gap-default\">\n\t\t\t\t\t<div class=\"elementor-column elementor-col-100 elementor-top-column elementor-element elementor-element-4e4b04ed\" data-id=\"4e4b04ed\" data-element_type=\"column\" data-e-type=\"column\" data-settings=\"{&quot;background_background&quot;:&quot;classic&quot;}\">\n\t\t\t<div class=\"elementor-widget-wrap elementor-element-populated\">\n\t\t\t\t\t\t<div class=\"elementor-element elementor-element-9e0503f elementor-widget elementor-widget-spacer\" data-id=\"9e0503f\" data-element_type=\"widget\" data-e-type=\"widget\" data-widget_type=\"spacer.default\">\n\t\t\t\t<div class=\"elementor-widget-container\">\n\t\t\t\t\t\t\t<div class=\"elementor-spacer\">\n\t\t\t<div class=\"elementor-spacer-inner\"><\/div>\n\t\t<\/div>\n\t\t\t\t\t\t<\/div>\n\t\t\t\t<\/div>\n\t\t\t\t<div class=\"elementor-element elementor-element-5251ae1e elementor-widget elementor-widget-text-editor\" data-id=\"5251ae1e\" data-element_type=\"widget\" data-e-type=\"widget\" data-widget_type=\"text-editor.default\">\n\t\t\t\t<div class=\"elementor-widget-container\">\n\t\t\t\t\t\t\t\t\t<h1><b>Hamba juureravi mikroskoobiga<\/b><\/h1>\n<div><b><br><\/b><\/div>\n<p>Endodontiline ravi ehk juureravi on protseduur, mis on vaja ette v\u00f5tta siis, kui hambas\u00e4sis on tekkinud p\u00f5letik. Hamba juureravi k\u00e4igus puhastatakse juurekanal ja t\u00e4idetakse see t\u00e4itematerjaliga. \u00d5igeaegne ravi aitab v\u00e4ltida p\u00f5letiku levimist ja s\u00e4ilitada oma hambad. Meie kliinikus teostab juureravi dr. Robert Boyd.<\/p>\n<p><span style=\"font-weight: 400;\">&nbsp;<\/span><\/p>\n<h2><b>Millised on <\/b><b>juureravi<\/b><b> n\u00e4idustused<\/b><\/h2>\n<div><b><br><\/b><\/div>\n<p>Hambas\u00e4sip\u00f5letiku s\u00fcmptomiteks on valu, hamba kuuma- ja k\u00fclmatundlikkus, hamba v\u00e4rvi muutumine tumedamaks, hamba kerkimistunne, valu ja turse hambaga piirnevas igemes. M\u00f5nikord v\u00f5ib juureravi olla vajalik ka siis, kui s\u00fcmptomid puuduvad.&nbsp;<\/p>\n<p>Hambas\u00e4sis ehk hamban\u00e4rvis tekkiv p\u00f5letik on k\u00f5ige sagedamini p\u00f5hjustatud ravimata hambaaukudest, mist\u00f5ttu on t\u00e4htis k\u00e4ia regulaarselt hambaarsti visiidil ka siis, kui kaebused puuduvad. Samuti v\u00f5ib p\u00f5letik olla p\u00f5hjustatud hamba v\u00f5i juure murdumisest v\u00f5i m\u00f5rast hambas.&nbsp;<\/p>\n<p>Juureravi peamine eesm\u00e4rk on ennetada p\u00f5letiku levimist. Kui juureravi ei tehta, siis v\u00f5ib p\u00f5letik edasi kanduda l\u00f5ualuusse ja tekkida abtsess.<br><\/p>\n<p><span style=\"font-weight: 400;\"><br><\/span><\/p>\n<p><\/p>\n<h2><b>Kuidas <\/b><b>hamba juureravi<\/b><b> v\u00e4lja n\u00e4eb<\/b><\/h2>\n<div><b><br><\/b><\/div>\n<div>Juureravi koosneb enamasti mitmest protseduurist, mille jaoks tuleb hambaarsti visiidil k\u00e4ia mitu korda. T\u00e4pse raviplaani paneb paika hambaarst esimesel visiidil.&nbsp;<br><br>Enne hamba juureravi teeme alati ka panoraam\u00fclesv\u00f5tted kliendi hammastest, p\u00e4rast mida saame hinnata, kui kaugele p\u00f5letik on levinud ja kas oma hammas on v\u00f5imalik s\u00e4ilitada.&nbsp;<br><br><\/div>\n<div>P\u00e4rast juureravi v\u00f5ib olla vajalik hambale panna kroon.&nbsp;<\/div>\n<p><br><\/p>\n<h2><b>Teostame ka <\/b><b>juureravi mikroskoobiga<\/b><\/h2>\n<div><b><br><\/b><\/div>\n<p>Juureravi mikroskoobiga on k\u00f5ige t\u00e4psem ja kaasaegsem meetod t\u00e4nap\u00e4evases juureravis. T\u00e4nu mikroskoobi t\u00e4psusele saame juurekanalite puhastamist ja t\u00e4itmist l\u00e4bi viia \u00fclima t\u00e4psusega, et tagada sinu jaoks parimad tulemused.<br><\/p>\n<p><br><\/p>\n<h2><b>Juuretipu operatsioon<\/b><\/h2>\n<div><b><br><\/b><\/div>\n<div>Mis on hamba juuretipu p\u00f5letik? Hamba juuretipu p\u00f5letik tekib, kui hamban\u00e4rv k\u00e4rbub ja mikroobid tungivad edasi l\u00e4bi hambajuure tipu hammast \u00fcmbritsevatesse kudedesse. Seda pole alati v\u00f5imalik tavalise juureraviga k\u00f5rvaldada ja seep\u00e4rast tuleb teha juuretipu operatsioon.&nbsp;<br><br>\u00c4gedat juuretipup\u00f5letikku iseloomustab tugev valu, seda eriti s\u00f6\u00f6misel v\u00f5i hammaste kokku surumisel. Valu v\u00f5ib esineda \u00fches hambas v\u00f5i kiirguda ka teistele hammastele. Juuretipup\u00f5letikuga v\u00f5ib kaasneda paistetus igemes ja m\u00e4dakolle ehk abtsess. Sageli tekib ka palavik.&nbsp;<br><br>Krooniline juuretipup\u00f5letik v\u00f5ib kulgeda kaebusi p\u00f5hjustamata v\u00f5i avalduda aeg-ajalt tekkiva valuna. Krooniline juuretipup\u00f5letik diagnoositakse enamasti r\u00f6ntgen\u00fclesv\u00f5ttega, kust p\u00f5letikukolle on h\u00e4sti n\u00e4ha.&nbsp;<br><br>Igemele v\u00f5ib olla tekkinud fistel, kust eritub aeg-ajalt m\u00e4da. Hammaste hea tervis m\u00f5jutab kogu keha seisundit.&nbsp;<br><br><\/div>\n<div>Oluline on teada, et juuretipup\u00f5letik vajab ravi, s\u00f5ltumata sellest, kas see p\u00f5hjustab valu v\u00f5i mitte. Eriti oluline on see inimestele, kel on alanenud immuunsus v\u00f5i kes p\u00f5evad s\u00fcdame- ja veresoonkonna v\u00f5i liigesehaigusi.&nbsp;<br><br><\/div>\n<div>Juuretipu operatsioon on p\u00f5letikulise hambajuure tipuosa eemaldamine kirurgiliselt tuimestuse all nii, et hammas ise j\u00e4\u00e4b suhu.<\/div>\n<p><span style=\"font-weight: 400;\">&nbsp;<\/span><\/p>\n<h2><a href=\"https:\/\/dentist.ee\/ee\/teenused\/broneerimine\/\">Broneeri visiit<\/a><br><\/h2>\n<p><font face=\"var( --e-global-typography-text-font-family ), Sans-serif\"><span style=\"background-color: rgb(255, 255, 255); font-size: 1rem; font-weight: var( --e-global-typography-text-font-weight );\"><a href=\"https:\/\/dentist.ee\/ee\/teenused\/broneerimine\/\">Broneeri aeg<\/a><\/span><\/font>, helista&nbsp;<span style=\"font-weight: 700;\">+372 616 4500<\/span>&nbsp;v\u00f5i kirjuta&nbsp;<a href=\"https:\/\/dentist.ee\/ee\/kontakt\/\" target=\"_blank\" style=\"background-color: rgb(255, 255, 255); font-family: var( --e-global-typography-text-font-family ), Sans-serif; font-size: 1rem;\">dentist@dentist.ee<\/a><br><\/p>\t\t\t\t\t\t\t\t<\/div>\n\t\t\t\t<\/div>\n\t\t\t\t<div class=\"elementor-element elementor-element-442e7f54 elementor-icon-list--layout-traditional elementor-list-item-link-full_width elementor-widget elementor-widget-icon-list\" data-id=\"442e7f54\" data-element_type=\"widget\" data-e-type=\"widget\" data-widget_type=\"icon-list.default\">\n\t\t\t\t<div class=\"elementor-widget-container\">\n\t\t\t\t\t\t\t<ul class=\"elementor-icon-list-items\">\n\t\t\t\t\t\t\t<li class=\"elementor-icon-list-item\">\n\t\t\t\t\t\t\t\t\t\t\t<a href=\"tel:+3726164500\">\n\n\t\t\t\t\t\t\t\t\t\t\t\t<span class=\"elementor-icon-list-icon\">\n\t\t\t\t\t\t\t<i aria-hidden=\"true\" class=\"fas fa-phone-alt\"><\/i>\t\t\t\t\t\t<\/span>\n\t\t\t\t\t\t\t\t\t\t<span class=\"elementor-icon-list-text\">+3726164500<\/span>\n\t\t\t\t\t\t\t\t\t\t\t<\/a>\n\t\t\t\t\t\t\t\t\t<\/li>\n\t\t\t\t\t\t\t\t<li class=\"elementor-icon-list-item\">\n\t\t\t\t\t\t\t\t\t\t\t<a href=\"mailto:dentist@dentist.ee\">\n\n\t\t\t\t\t\t\t\t\t\t\t\t<span class=\"elementor-icon-list-icon\">\n\t\t\t\t\t\t\t<i aria-hidden=\"true\" class=\"fas fa-envelope\"><\/i>\t\t\t\t\t\t<\/span>\n\t\t\t\t\t\t\t\t\t\t<span class=\"elementor-icon-list-text\">dentist@dentist.ee<\/span>\n\t\t\t\t\t\t\t\t\t\t\t<\/a>\n\t\t\t\t\t\t\t\t\t<\/li>\n\t\t\t\t\t\t<\/ul>\n\t\t\t\t\t\t<\/div>\n\t\t\t\t<\/div>\n\t\t\t\t\t<\/div>\n\t\t<\/div>\n\t\t\t\t\t<\/div>\n\t\t<\/section>\n\t\t\t\t<\/div>\n\t\t","protected":false},"excerpt":{"rendered":"<p>Hamba juureravi mikroskoobiga Endodontiline ravi ehk juureravi on protseduur, mis on vaja ette v\u00f5tta siis, kui hambas\u00e4sis on tekkinud p\u00f5letik. Hamba juureravi k\u00e4igus puhastatakse juurekanal ja t\u00e4idetakse see t\u00e4itematerjaliga. \u00d5igeaegne ravi aitab v\u00e4ltida p\u00f5letiku levimist ja s\u00e4ilitada oma hambad. Meie kliinikus teostab juureravi dr. Robert Boyd. &nbsp; Millised on juureravi n\u00e4idustused Hambas\u00e4sip\u00f5letiku s\u00fcmptomiteks on valu, [&hellip;]<\/p>\n","protected":false},"author":1,"featured_media":2067,"parent":29,"menu_order":9,"comment_status":"closed","ping_status":"closed","template":"","meta":{"footnotes":""},"class_list":["post-1412","page","type-page","status-publish","has-post-thumbnail","hentry"],"_links":{"self":[{"href":"https:\/\/dentist.ee\/ee\/wp-json\/wp\/v2\/pages\/1412","targetHints":{"allow":["GET"]}}],"collection":[{"href":"https:\/\/dentist.ee\/ee\/wp-json\/wp\/v2\/pages"}],"about":[{"href":"https:\/\/dentist.ee\/ee\/wp-json\/wp\/v2\/types\/page"}],"author":[{"embeddable":true,"href":"https:\/\/dentist.ee\/ee\/wp-json\/wp\/v2\/users\/1"}],"replies":[{"embeddable":true,"href":"https:\/\/dentist.ee\/ee\/wp-json\/wp\/v2\/comments?post=1412"}],"version-history":[{"count":38,"href":"https:\/\/dentist.ee\/ee\/wp-json\/wp\/v2\/pages\/1412\/revisions"}],"predecessor-version":[{"id":2982,"href":"https:\/\/dentist.ee\/ee\/wp-json\/wp\/v2\/pages\/1412\/revisions\/2982"}],"up":[{"embeddable":true,"href":"https:\/\/dentist.ee\/ee\/wp-json\/wp\/v2\/pages\/29"}],"wp:featuredmedia":[{"embeddable":true,"href":"https:\/\/dentist.ee\/ee\/wp-json\/wp\/v2\/media\/2067"}],"wp:attachment":[{"href":"https:\/\/dentist.ee\/ee\/wp-json\/wp\/v2\/media?parent=1412"}],"curies":[{"name":"wp","href":"https:\/\/api.w.org\/{rel}","templated":true}]}}