{"id":1410,"date":"2022-09-07T08:26:01","date_gmt":"2022-09-07T08:26:01","guid":{"rendered":"https:\/\/dentist.ee\/?page_id=1410"},"modified":"2025-08-27T08:38:19","modified_gmt":"2025-08-27T08:38:19","slug":"hambakaped","status":"publish","type":"page","link":"https:\/\/dentist.ee\/ee\/teenused-2\/hambakaped\/","title":{"rendered":"Hambakaped"},"content":{"rendered":"\t\t<div data-elementor-type=\"wp-page\" data-elementor-id=\"1410\" class=\"elementor elementor-1410\" data-elementor-post-type=\"page\">\n\t\t\t\t<div class=\"elementor-element elementor-element-f9b9b1d e-flex e-con-boxed e-con e-parent\" data-id=\"f9b9b1d\" data-element_type=\"container\" data-e-type=\"container\">\n\t\t\t\t\t<div class=\"e-con-inner\">\n\t\t\t\t<div class=\"elementor-element elementor-element-5c21542 elementor-widget elementor-widget-image\" data-id=\"5c21542\" data-element_type=\"widget\" data-e-type=\"widget\" data-widget_type=\"image.default\">\n\t\t\t\t<div class=\"elementor-widget-container\">\n\t\t\t\t\t\t\t\t\t\t\t\t\t\t\t<img decoding=\"async\" src=\"https:\/\/dentist.ee\/wp-content\/uploads\/elementor\/thumbs\/sergeizjuganov_ZJU_1638-copy-scaled-rinz9wikfif49bp5epf7ep7k8nw6e0npii0w56wtbw.jpg\" title=\"sergeizjuganov_ZJU_1638 copy\" alt=\"sergeizjuganov_ZJU_1638 copy\" loading=\"lazy\" \/>\t\t\t\t\t\t\t\t\t\t\t\t\t\t\t<\/div>\n\t\t\t\t<\/div>\n\t\t\t\t\t<\/div>\n\t\t\t\t<\/div>\n\t\t\t\t<section class=\"elementor-section elementor-top-section elementor-element elementor-element-6b8d9c57 elementor-reverse-mobile elementor-section-boxed elementor-section-height-default elementor-section-height-default\" data-id=\"6b8d9c57\" data-element_type=\"section\" data-e-type=\"section\">\n\t\t\t\t\t\t<div class=\"elementor-container elementor-column-gap-default\">\n\t\t\t\t\t<div class=\"elementor-column elementor-col-100 elementor-top-column elementor-element elementor-element-788701e8\" data-id=\"788701e8\" data-element_type=\"column\" data-e-type=\"column\" data-settings=\"{&quot;background_background&quot;:&quot;classic&quot;}\">\n\t\t\t<div class=\"elementor-widget-wrap elementor-element-populated\">\n\t\t\t\t\t\t<div class=\"elementor-element elementor-element-64073700 elementor-widget elementor-widget-text-editor\" data-id=\"64073700\" data-element_type=\"widget\" data-e-type=\"widget\" data-widget_type=\"text-editor.default\">\n\t\t\t\t<div class=\"elementor-widget-container\">\n\t\t\t\t\t\t\t\t\t<h1><b>Kaperavi<\/b><\/h1>\n<div><b><br><\/b><\/div>\n<p>T\u00e4nap\u00e4eval j\u00e4rjest populaarsemaks saanud hambakaped on t\u00f5hus alternatiiv breketitele. Kui soovid oma hambarida korrigeerida, siis on kaperavi k\u00f5ige eelistatum meetod, millega oma hambumust parandada. Hambakape on kliendi hambakaare j\u00e4rgi toodetud l\u00e4bipaistvast biomeditsiinilisest plastikust vormid, mis valmistatakse 3D meetodil igale patsiendile individuaalselt.&nbsp;<\/p>\n<p><span style=\"font-weight: 400;\">&nbsp;<\/span><\/p>\n<h2><b>Hambakapede eelised:<\/b><\/h2>\n<ul>\n<li><span style=\"font-weight: 400;\"> &nbsp; <\/span> <span style=\"font-weight: 400;\">On l\u00e4bipaistvad ja pea n\u00e4htamatud<\/span><\/li>\n<li><span style=\"font-weight: 400;\"> &nbsp; <\/span> <span style=\"font-weight: 400;\">Neid on lihtne eemaldada s\u00f6\u00f6mise ja hambapesu ajaks<\/span><\/li>\n<li><span style=\"font-weight: 400;\"> &nbsp; <\/span> <span style=\"font-weight: 400;\">T\u00e4nu hambaid j\u00e4rgivale kujule on tulemused kiiresti saavutatavad<\/span><\/li>\n<li><span style=\"font-weight: 400;\"> &nbsp; <\/span> <span style=\"font-weight: 400;\">N\u00f5uavad v\u00e4hem hambaarsti k\u00fclastusi<\/span><\/li>\n<li><span style=\"font-weight: 400;\">&nbsp; <\/span>Breketitest mugavamad ja neid on lihtsam hooldada<\/li>\n<\/ul>\n<p><span style=\"font-weight: 400;\">&nbsp;<\/span><\/p>\n<h2><b>Mida <\/b><b>kaperavi<\/b><b> endast kujutab<\/b><\/h2>\n<div><b><br><\/b><\/div>\n<p>Kaperavi t\u00e4hendab seda, et plastikust vormi (kapet) tuleb kanda v\u00e4hemalt 22 tundi \u00f6\u00f6p\u00e4evas ja need eemaldatakse vaid s\u00f6\u00f6mise ja hambapesu ajaks. Kapesid vahetatakse iga 2 n\u00e4dala tagant. Iga uus kape avaldab hammastele veidi rohkem survet ja liigutab hambaid j\u00e4rjest rohkem soovitud asendisse.<br><\/p>\n<p><span style=\"font-weight: 400;\">&nbsp;<\/span><\/p>\n<p><span style=\"font-weight: 400;\">Kristina Kiisa Hambaravis kasutame kvaliteetseid<\/span><a href=\"https:\/\/modern-clear.de\/en\/modern-clear-orthodontic\/\"> <span style=\"font-weight: 400;\">Modern Clear<\/span><\/a><span style=\"font-weight: 400;\"> hambakapesid, mis on end t\u00f5estanud terves maailmas.&nbsp;<\/span>Kaperavi pikkus s\u00f5ltub sellest, kui palju on hambaid vaja korrigeerida. Keskmiselt kulub kaperavile 6 kuud, kuid ravi v\u00f5ib kesta ka kauem. Kaperavi t\u00e4pse pikkuse saab kindlaks teha peale esimest visiiti kui on raviplaan teostatud.<\/p>\n<p><span style=\"font-weight: 400;\">&nbsp;<\/span><\/p>\n<h2><b>Mida tuleb teada <\/b><b>hammaste kape<\/b><b> kandmisest<\/b><\/h2>\n<p><span style=\"font-weight: 400;\">&nbsp;<\/span><\/p>\n<p>Hammaste kape kandmise ajal tuleb erilist t\u00e4helepanu p\u00f6\u00f6rata suuh\u00fcgieenile. Kindlasti tuleb hammaste kaped eemaldada s\u00f6\u00f6mise ajaks ja hambapesuks. Kui kaped on suus, siis ei ole lubatud juua kohvi, teed ega muid maitsega jooke. Kapesid kandes v\u00f5ib juua puhast vett.&nbsp;<br><\/p>\n<p><span style=\"font-weight: 400;\">Hambaid tuleb pesta v\u00e4hemalt kaks korda p\u00e4evas ja v\u00e4hemalt kord p\u00e4evas tuleb kasutada hambaniiti.<\/span><\/p>\n<p><span style=\"font-weight: 400;\">&nbsp;<\/span><\/p>\n<h2><b>Milline on <\/b><b>kapede hind<\/b><\/h2>\n<div><b><br><\/b><\/div>\n<p><span style=\"font-weight: 400;\">Kapede hind<\/span><span style=\"font-weight: 400;\"> s\u00f5ltub sellest, kui palju on vaja hambumust korrigeerida ja kas vaja on korrigeerida \u00fchte v\u00f5i m\u00f5lemat hambarida. Kaperavi algab konsultatsiooniga. Esimesel kohtumisel teeme panoraam\u00fclesv\u00f5tted ja vaatame \u00fcle hammaste seisukorra. P\u00e4rast seda koostame raviplaani koos hinnakalkulatsiooniga.<\/span><\/p>\n<p><span style=\"font-weight: 400;\"><br><\/span><\/p>\n<h2><font face=\"inherit\"><span style=\"font-size: 2rem; background-color: rgb(255, 255, 255);\"><a href=\"https:\/\/dentist.ee\/ee\/teenused\/broneerimine\/\">Broneeri visiit<\/a><\/span><\/font><\/h2>\n<p><font face=\"var( --e-global-typography-text-font-family ), Sans-serif\"><span style=\"background-color: rgb(255, 255, 255); font-size: 1rem; font-weight: var( --e-global-typography-text-font-weight );\"><a href=\"https:\/\/dentist.ee\/ee\/teenused\/broneerimine\/\">Broneeri aeg<\/a><\/span><\/font>, helista&nbsp;<span style=\"font-weight: 700;\">+372 616 4500<\/span>&nbsp;v\u00f5i kirjuta&nbsp;<a href=\"https:\/\/dentist.ee\/ee\/kontakt\/\" target=\"_blank\" rel=\"noopener\" style=\"background-color: rgb(255, 255, 255); font-family: var( --e-global-typography-text-font-family ), Sans-serif; font-size: 1rem;\">dentist@dentist.ee<\/a><br><\/p>\t\t\t\t\t\t\t\t<\/div>\n\t\t\t\t<\/div>\n\t\t\t\t<div class=\"elementor-element elementor-element-41dd7aa7 elementor-icon-list--layout-traditional elementor-list-item-link-full_width elementor-widget elementor-widget-icon-list\" data-id=\"41dd7aa7\" data-element_type=\"widget\" data-e-type=\"widget\" data-widget_type=\"icon-list.default\">\n\t\t\t\t<div class=\"elementor-widget-container\">\n\t\t\t\t\t\t\t<ul class=\"elementor-icon-list-items\">\n\t\t\t\t\t\t\t<li class=\"elementor-icon-list-item\">\n\t\t\t\t\t\t\t\t\t\t\t<a href=\"tel:+3726164500\">\n\n\t\t\t\t\t\t\t\t\t\t\t\t<span class=\"elementor-icon-list-icon\">\n\t\t\t\t\t\t\t<i aria-hidden=\"true\" class=\"fas fa-phone-alt\"><\/i>\t\t\t\t\t\t<\/span>\n\t\t\t\t\t\t\t\t\t\t<span class=\"elementor-icon-list-text\">+3726164500<\/span>\n\t\t\t\t\t\t\t\t\t\t\t<\/a>\n\t\t\t\t\t\t\t\t\t<\/li>\n\t\t\t\t\t\t\t\t<li class=\"elementor-icon-list-item\">\n\t\t\t\t\t\t\t\t\t\t\t<a href=\"mailto:dentist@dentist.ee\">\n\n\t\t\t\t\t\t\t\t\t\t\t\t<span class=\"elementor-icon-list-icon\">\n\t\t\t\t\t\t\t<i aria-hidden=\"true\" class=\"fas fa-envelope\"><\/i>\t\t\t\t\t\t<\/span>\n\t\t\t\t\t\t\t\t\t\t<span class=\"elementor-icon-list-text\">dentist@dentist.ee<\/span>\n\t\t\t\t\t\t\t\t\t\t\t<\/a>\n\t\t\t\t\t\t\t\t\t<\/li>\n\t\t\t\t\t\t<\/ul>\n\t\t\t\t\t\t<\/div>\n\t\t\t\t<\/div>\n\t\t\t\t\t<\/div>\n\t\t<\/div>\n\t\t\t\t\t<\/div>\n\t\t<\/section>\n\t\t\t\t<\/div>\n\t\t","protected":false},"excerpt":{"rendered":"<p>Kaperavi T\u00e4nap\u00e4eval j\u00e4rjest populaarsemaks saanud hambakaped on t\u00f5hus alternatiiv breketitele. Kui soovid oma hambarida korrigeerida, siis on kaperavi k\u00f5ige eelistatum meetod, millega oma hambumust parandada. Hambakape on kliendi hambakaare j\u00e4rgi toodetud l\u00e4bipaistvast biomeditsiinilisest plastikust vormid, mis valmistatakse 3D meetodil igale patsiendile individuaalselt.&nbsp; &nbsp; Hambakapede eelised: &nbsp; On l\u00e4bipaistvad ja pea n\u00e4htamatud &nbsp; Neid on lihtne [&hellip;]<\/p>\n","protected":false},"author":1,"featured_media":2064,"parent":29,"menu_order":5,"comment_status":"closed","ping_status":"closed","template":"","meta":{"footnotes":""},"class_list":["post-1410","page","type-page","status-publish","has-post-thumbnail","hentry"],"_links":{"self":[{"href":"https:\/\/dentist.ee\/ee\/wp-json\/wp\/v2\/pages\/1410","targetHints":{"allow":["GET"]}}],"collection":[{"href":"https:\/\/dentist.ee\/ee\/wp-json\/wp\/v2\/pages"}],"about":[{"href":"https:\/\/dentist.ee\/ee\/wp-json\/wp\/v2\/types\/page"}],"author":[{"embeddable":true,"href":"https:\/\/dentist.ee\/ee\/wp-json\/wp\/v2\/users\/1"}],"replies":[{"embeddable":true,"href":"https:\/\/dentist.ee\/ee\/wp-json\/wp\/v2\/comments?post=1410"}],"version-history":[{"count":50,"href":"https:\/\/dentist.ee\/ee\/wp-json\/wp\/v2\/pages\/1410\/revisions"}],"predecessor-version":[{"id":3006,"href":"https:\/\/dentist.ee\/ee\/wp-json\/wp\/v2\/pages\/1410\/revisions\/3006"}],"up":[{"embeddable":true,"href":"https:\/\/dentist.ee\/ee\/wp-json\/wp\/v2\/pages\/29"}],"wp:featuredmedia":[{"embeddable":true,"href":"https:\/\/dentist.ee\/ee\/wp-json\/wp\/v2\/media\/2064"}],"wp:attachment":[{"href":"https:\/\/dentist.ee\/ee\/wp-json\/wp\/v2\/media?parent=1410"}],"curies":[{"name":"wp","href":"https:\/\/api.w.org\/{rel}","templated":true}]}}